{"id":535610,"date":"2025-09-05T00:01:46","date_gmt":"2025-09-04T21:01:46","guid":{"rendered":"https:\/\/nbg.eu\/product\/rh-502-speedloops-45-mm\/"},"modified":"2026-01-21T11:41:47","modified_gmt":"2026-01-21T08:41:47","slug":"rh-502-speedloops-45-mm","status":"publish","type":"product","link":"https:\/\/nbg.eu\/de\/produkt\/rh-502-speedloops-45-mm\/","title":{"rendered":"RH .502 Speedloops 45 mm"},"content":{"rendered":"<h2>RH .502 Speedloops 45 mm<\/h2>\n<p>Die RH .502 Speedloops 45 mm sind f\u00fcr Cydex-Holster und RH-Holster-Produkte konzipiert.<\/p>\n<h3>Hauptmerkmale:<\/h3>\n<ul>\n<li>Einfache Verwendung: Kein Einf\u00e4deln des G\u00fcrtels erforderlich<\/li>\n<li>Stahlkonstruktion mit schwarzer Lackierung<\/li>\n<li>Geeignet f\u00fcr G\u00fcrtel bis zu 7 mm Dicke<\/li>\n<li>45 mm Gr\u00f6\u00dfe<\/li>\n<\/ul>\n<p>Die SpeedLoops erm\u00f6glichen die Befestigung des Cydex-Holsters am G\u00fcrtel. Man schiebt die Schlaufe auf einen leicht gelockerten G\u00fcrtel.<\/p>\n<h3>Vorteile:<\/h3>\n<ul>\n<li>Speziell f\u00fcr Cydex-Holster entwickelt<\/li>\n<li>Kompatibel mit RH-Holster-Produkten<\/li>\n<li>Kein zeitaufw\u00e4ndiges Einf\u00e4deln des G\u00fcrtels n\u00f6tig<\/li>\n<\/ul>\n<p><strong>Farbe:<\/strong> Schwarz<\/p>\n<p><strong>Gr\u00f6\u00dfe:<\/strong> 45 mm<\/p>\n<p>Die RH .502 Speedloops 45 mm bieten Bequemlichkeit und Funktionalit\u00e4t f\u00fcr Ihr Holster.<\/p>\n","protected":false},"excerpt":{"rendered":"<p>RH .502 Speedloops: Schnell anzubringende Stahlschlaufen f\u00fcr Cydex-Koffer, 45 mm.<\/p>\n","protected":false},"featured_media":496147,"template":"","meta":{"_acf_changed":false},"product_brand":[11634],"product_cat":[12088],"product_tag":[],"class_list":{"0":"post-535610","1":"product","2":"type-product","3":"status-publish","4":"has-post-thumbnail","6":"product_brand-rh-holsters","7":"product_cat-holster-zubehoer","9":"first","10":"outofstock","11":"taxable","12":"shipping-taxable","13":"purchasable","14":"product-type-simple"},"acf":[],"_links":{"self":[{"href":"https:\/\/nbg.eu\/de\/wp-json\/wp\/v2\/product\/535610","targetHints":{"allow":["GET"]}}],"collection":[{"href":"https:\/\/nbg.eu\/de\/wp-json\/wp\/v2\/product"}],"about":[{"href":"https:\/\/nbg.eu\/de\/wp-json\/wp\/v2\/types\/product"}],"wp:featuredmedia":[{"embeddable":true,"href":"https:\/\/nbg.eu\/de\/wp-json\/wp\/v2\/media\/496147"}],"wp:attachment":[{"href":"https:\/\/nbg.eu\/de\/wp-json\/wp\/v2\/media?parent=535610"}],"wp:term":[{"taxonomy":"product_brand","embeddable":true,"href":"https:\/\/nbg.eu\/de\/wp-json\/wp\/v2\/product_brand?post=535610"},{"taxonomy":"product_cat","embeddable":true,"href":"https:\/\/nbg.eu\/de\/wp-json\/wp\/v2\/product_cat?post=535610"},{"taxonomy":"product_tag","embeddable":true,"href":"https:\/\/nbg.eu\/de\/wp-json\/wp\/v2\/product_tag?post=535610"}],"curies":[{"name":"wp","href":"https:\/\/api.w.org\/{rel}","templated":true}]}}