{"id":536154,"date":"2025-09-05T00:03:26","date_gmt":"2025-09-04T21:03:26","guid":{"rendered":"https:\/\/nbg.eu\/product\/utg-pro-mp5-monolithic-m-lok-handguard\/"},"modified":"2026-05-11T11:39:05","modified_gmt":"2026-05-11T08:39:05","slug":"utg-pro-mp5-monolithische-m-lok-handschutz","status":"publish","type":"product","link":"https:\/\/nbg.eu\/de\/produkt\/utg-pro-mp5-monolithische-m-lok-handschutz\/","title":{"rendered":"UTG PRO MP5 Monolithische M-LOK Handschutz"},"content":{"rendered":"<h2>UTG PRO\u00ae MP5 Monolithischer M-LOK Handschutz<\/h2>\n<p>Verbessern Sie Ihre MP5 mit dem UTG PRO\u00ae Monolithischen M-LOK Handschutz. Dieser pr\u00e4zisionsgefertigte Aluminiumhandschutz bietet Haltbarkeit und Vielseitigkeit f\u00fcr Ihre Waffe.<\/p>\n<ul>\n<li>In den USA aus hochwertigen Materialien hergestellt<\/li>\n<li>Durchgehende Picatinny-Schiene oben f\u00fcr Optiken und Zubeh\u00f6r<\/li>\n<li>M-LOK-Schlitze an den 3-, 6- und 9-Uhr-Positionen zur Anpassung<\/li>\n<li>Schlankes Design f\u00fcr verbesserte Ergonomie<\/li>\n<li>Einfache Installation mit mitgelieferter Hardware<\/li>\n<li>Kompatibel mit den meisten MP5- und Klon-Modellen<\/li>\n<li>Erh\u00e4ltlich in mattschwarzem Finish<\/li>\n<\/ul>\n<p>Verbessern Sie die Funktionalit\u00e4t und das Aussehen Ihrer MP5 mit diesem Handschutz. Geeignet f\u00fcr taktische Anwender und Sportsch\u00fctzen.<\/p>\n","protected":false},"excerpt":{"rendered":"<p>UTG PRO\u00ae MP5 M-LOK Handschutz: Haltbares, leichtes, modulares Upgrade.<\/p>\n","protected":false},"featured_media":745380,"template":"","meta":{"_acf_changed":false},"product_brand":[14419],"product_cat":[12107,12068,14798,12121],"product_tag":[],"class_list":{"0":"post-536154","1":"product","2":"type-product","3":"status-publish","4":"has-post-thumbnail","6":"product_brand-leapers-inc","7":"product_cat-gewehr","8":"product_cat-gewehr-tuning","9":"product_cat-handschutzer","10":"product_cat-schienen","12":"first","13":"instock","14":"taxable","15":"shipping-taxable","16":"purchasable","17":"product-type-simple"},"acf":[],"_links":{"self":[{"href":"https:\/\/nbg.eu\/de\/wp-json\/wp\/v2\/product\/536154","targetHints":{"allow":["GET"]}}],"collection":[{"href":"https:\/\/nbg.eu\/de\/wp-json\/wp\/v2\/product"}],"about":[{"href":"https:\/\/nbg.eu\/de\/wp-json\/wp\/v2\/types\/product"}],"wp:featuredmedia":[{"embeddable":true,"href":"https:\/\/nbg.eu\/de\/wp-json\/wp\/v2\/media\/745380"}],"wp:attachment":[{"href":"https:\/\/nbg.eu\/de\/wp-json\/wp\/v2\/media?parent=536154"}],"wp:term":[{"taxonomy":"product_brand","embeddable":true,"href":"https:\/\/nbg.eu\/de\/wp-json\/wp\/v2\/product_brand?post=536154"},{"taxonomy":"product_cat","embeddable":true,"href":"https:\/\/nbg.eu\/de\/wp-json\/wp\/v2\/product_cat?post=536154"},{"taxonomy":"product_tag","embeddable":true,"href":"https:\/\/nbg.eu\/de\/wp-json\/wp\/v2\/product_tag?post=536154"}],"curies":[{"name":"wp","href":"https:\/\/api.w.org\/{rel}","templated":true}]}}