{"id":536371,"date":"2025-09-05T00:16:15","date_gmt":"2025-09-04T21:16:15","guid":{"rendered":"https:\/\/nbg.eu\/product\/ar-15-a2-pistol-grip\/"},"modified":"2026-01-21T11:34:07","modified_gmt":"2026-01-21T08:34:07","slug":"ar-15-a2-pistol-grip","status":"publish","type":"product","link":"https:\/\/nbg.eu\/de\/produkt\/ar-15-a2-pistol-grip\/","title":{"rendered":"AR-15 A2 PISTOL GRIP"},"content":{"rendered":"<h1>CZ Shadow 2 Orange &#8211; Wettbewerbspistole<\/h1>\n<p>Die CZ Shadow 2 Orange bietet folgende Merkmale:<\/p>\n<ul>\n<li>Werksseitig angepasste Laufbuchse<\/li>\n<li>Optimierter Abzug mit kurzem Resetweg<\/li>\n<li>Handgefertigte Passform von Schlitten und Rahmen<\/li>\n<li>Spezielle Griffe und verl\u00e4ngerter Magazinausl\u00f6ser<\/li>\n<li>Einstellbarer Magazinausl\u00f6seknopf mit drei Positionen<\/li>\n<li>Nitridbeschichtung mit zus\u00e4tzlicher Polycoat-Beschichtung am Rahmen<\/li>\n<li>D\u00fcnne Aluminiumgriffe mit strukturierter Oberfl\u00e4che<\/li>\n<li>Glasfaser-Korn und einstellbare HAJO-Kimme<\/li>\n<li>Beidseitige manuelle Sicherung<\/li>\n<\/ul>\n<p>Kaliber 9mm Luger mit 17+1 Schuss Kapazit\u00e4t, 1318 g schwer mit Stahlrahmen, f\u00fcr Wettbewerbssch\u00fctzen konzipiert.<\/p>\n","protected":false},"excerpt":{"rendered":"<p>Klassischer AR-15 Griff. Ergonomisches Design. Robuste Polymer-Konstruktion.<\/p>\n","protected":false},"featured_media":496411,"template":"","meta":{"_acf_changed":false},"product_brand":[],"product_cat":[12107,12068],"product_tag":[],"class_list":{"0":"post-536371","1":"product","2":"type-product","3":"status-publish","4":"has-post-thumbnail","6":"product_cat-gewehr","7":"product_cat-gewehr-tuning","9":"first","10":"outofstock","11":"taxable","12":"shipping-taxable","13":"purchasable","14":"product-type-simple"},"acf":[],"_links":{"self":[{"href":"https:\/\/nbg.eu\/de\/wp-json\/wp\/v2\/product\/536371","targetHints":{"allow":["GET"]}}],"collection":[{"href":"https:\/\/nbg.eu\/de\/wp-json\/wp\/v2\/product"}],"about":[{"href":"https:\/\/nbg.eu\/de\/wp-json\/wp\/v2\/types\/product"}],"wp:featuredmedia":[{"embeddable":true,"href":"https:\/\/nbg.eu\/de\/wp-json\/wp\/v2\/media\/496411"}],"wp:attachment":[{"href":"https:\/\/nbg.eu\/de\/wp-json\/wp\/v2\/media?parent=536371"}],"wp:term":[{"taxonomy":"product_brand","embeddable":true,"href":"https:\/\/nbg.eu\/de\/wp-json\/wp\/v2\/product_brand?post=536371"},{"taxonomy":"product_cat","embeddable":true,"href":"https:\/\/nbg.eu\/de\/wp-json\/wp\/v2\/product_cat?post=536371"},{"taxonomy":"product_tag","embeddable":true,"href":"https:\/\/nbg.eu\/de\/wp-json\/wp\/v2\/product_tag?post=536371"}],"curies":[{"name":"wp","href":"https:\/\/api.w.org\/{rel}","templated":true}]}}