{"id":539253,"date":"2025-09-05T17:38:16","date_gmt":"2025-09-05T14:38:16","guid":{"rendered":"https:\/\/nbg.eu\/product\/zero-compromise-optic-zc527-10mil-mpct2x\/"},"modified":"2026-01-21T11:29:43","modified_gmt":"2026-01-21T08:29:43","slug":"zero-compromise-optic-zc527-10mil-mpct2x","status":"publish","type":"product","link":"https:\/\/nbg.eu\/de\/produkt\/zero-compromise-optic-zc527-10mil-mpct2x\/","title":{"rendered":"Zero Compromise Optic ZC527 10MIL MPCT2X"},"content":{"rendered":"<h1>Zero Compromise Optic ZC527 10MIL MPCT2X<\/h1>\n<p>Das ZC527 ist ein Zielfernrohr mit hoher Pr\u00e4zision. Mit einer L\u00e4nge von 387mm und einem Gewicht von 1122g bietet es:<\/p>\n<ul>\n<li>35 mil H\u00f6henverstellung<\/li>\n<li>20 mil Seitenverstellung<\/li>\n<li>7m\/100m Sehfeld<\/li>\n<li>Hohe Lichtdurchl\u00e4ssigkeit<\/li>\n<li>Gute Aufl\u00f6sung<\/li>\n<\/ul>\n<p>Das ZC527 ist aus hochwertigen Materialien gefertigt und verf\u00fcgt \u00fcber gute optische und mechanische Eigenschaften. Es ist in Standardausf\u00fchrung oder mit FDE (Flat Dark Earth) Lackierung erh\u00e4ltlich.<\/p>\n<p>Das Zero Compromise Optic ZC527 ist ein Zielfernrohr f\u00fcr anspruchsvolle Anwender.<\/p>\n","protected":false},"excerpt":{"rendered":"<p>Premium-Zielfernrohr: Un\u00fcbertroffene Klarheit, weites Sichtfeld, pr\u00e4zise Einstellungen.<\/p>\n","protected":false},"featured_media":497387,"template":"","meta":{"_acf_changed":false},"product_brand":[15183],"product_cat":[12071,12058],"product_tag":[],"class_list":{"0":"post-539253","1":"product","2":"type-product","3":"status-publish","4":"has-post-thumbnail","6":"product_brand-zero-compromise-optics","7":"product_cat-vergroesserungsoptiken","8":"product_cat-zielen","10":"first","11":"outofstock","12":"taxable","13":"shipping-taxable","14":"purchasable","15":"product-type-simple"},"acf":[],"_links":{"self":[{"href":"https:\/\/nbg.eu\/de\/wp-json\/wp\/v2\/product\/539253","targetHints":{"allow":["GET"]}}],"collection":[{"href":"https:\/\/nbg.eu\/de\/wp-json\/wp\/v2\/product"}],"about":[{"href":"https:\/\/nbg.eu\/de\/wp-json\/wp\/v2\/types\/product"}],"wp:featuredmedia":[{"embeddable":true,"href":"https:\/\/nbg.eu\/de\/wp-json\/wp\/v2\/media\/497387"}],"wp:attachment":[{"href":"https:\/\/nbg.eu\/de\/wp-json\/wp\/v2\/media?parent=539253"}],"wp:term":[{"taxonomy":"product_brand","embeddable":true,"href":"https:\/\/nbg.eu\/de\/wp-json\/wp\/v2\/product_brand?post=539253"},{"taxonomy":"product_cat","embeddable":true,"href":"https:\/\/nbg.eu\/de\/wp-json\/wp\/v2\/product_cat?post=539253"},{"taxonomy":"product_tag","embeddable":true,"href":"https:\/\/nbg.eu\/de\/wp-json\/wp\/v2\/product_tag?post=539253"}],"curies":[{"name":"wp","href":"https:\/\/api.w.org\/{rel}","templated":true}]}}