{"id":539389,"date":"2025-09-05T17:38:17","date_gmt":"2025-09-05T14:38:17","guid":{"rendered":"https:\/\/nbg.eu\/product\/zco-mount\/"},"modified":"2026-01-21T11:38:40","modified_gmt":"2026-01-21T08:38:40","slug":"zco-mount","status":"publish","type":"product","link":"https:\/\/nbg.eu\/de\/produkt\/zco-mount\/","title":{"rendered":"ZCO Mount"},"content":{"rendered":"<div class=\"product-description\">\n<h1>ZCO Block-Montage: F\u00fcr professionelle Zielfernrohre<\/h1>\n<p>Die ZCO Block-Montage bietet 0Mil \/ 6Mil Neigungsoptionen. Hergestellt in \u00d6sterreich mit CNC-Fr\u00e4stechnologie f\u00fcr ZCO Zielfernrohre.<\/p>\n<ul>\n<li>Hergestellt aus EN AW-7075 Aluminium mit anodisierter Beschichtung<\/li>\n<li>Klappbare Wasserwaage (links oder rechts montierbar)<\/li>\n<li>Integrierte Mirage-Band-Buchse<\/li>\n<li>Inklusive Nivellierungskeil f\u00fcr Zielfernrohrausrichtung<\/li>\n<li>Enth\u00e4lt alle erforderlichen Torx-Bit-Eins\u00e4tze<\/li>\n<\/ul>\n<p>Die ZCO Block-Montage bietet Stabilit\u00e4t, Pr\u00e4zision und Vielseitigkeit f\u00fcr verschiedene Schie\u00dfszenarien.<\/p>\n<\/div>\n","protected":false},"excerpt":{"rendered":"<p>Pr\u00e4zisions-ZCO-Halterung: Professionelle Qualit\u00e4t, CNC-gefr\u00e4st, mit integrierter Wasserwaage.<\/p>\n","protected":false},"featured_media":497525,"template":"","meta":{"_acf_changed":false},"product_brand":[15183],"product_cat":[12084,12058],"product_tag":[],"class_list":{"0":"post-539389","1":"product","2":"type-product","3":"status-publish","4":"has-post-thumbnail","6":"product_brand-zero-compromise-optics","7":"product_cat-montagen","8":"product_cat-zielen","10":"first","11":"outofstock","12":"taxable","13":"shipping-taxable","14":"purchasable","15":"product-type-simple"},"acf":[],"_links":{"self":[{"href":"https:\/\/nbg.eu\/de\/wp-json\/wp\/v2\/product\/539389","targetHints":{"allow":["GET"]}}],"collection":[{"href":"https:\/\/nbg.eu\/de\/wp-json\/wp\/v2\/product"}],"about":[{"href":"https:\/\/nbg.eu\/de\/wp-json\/wp\/v2\/types\/product"}],"wp:featuredmedia":[{"embeddable":true,"href":"https:\/\/nbg.eu\/de\/wp-json\/wp\/v2\/media\/497525"}],"wp:attachment":[{"href":"https:\/\/nbg.eu\/de\/wp-json\/wp\/v2\/media?parent=539389"}],"wp:term":[{"taxonomy":"product_brand","embeddable":true,"href":"https:\/\/nbg.eu\/de\/wp-json\/wp\/v2\/product_brand?post=539389"},{"taxonomy":"product_cat","embeddable":true,"href":"https:\/\/nbg.eu\/de\/wp-json\/wp\/v2\/product_cat?post=539389"},{"taxonomy":"product_tag","embeddable":true,"href":"https:\/\/nbg.eu\/de\/wp-json\/wp\/v2\/product_tag?post=539389"}],"curies":[{"name":"wp","href":"https:\/\/api.w.org\/{rel}","templated":true}]}}