{"id":539769,"date":"2025-09-05T17:40:49","date_gmt":"2025-09-05T14:40:49","guid":{"rendered":"https:\/\/nbg.eu\/product\/scope-mount-30mm-vortex-pro-series-low-pr30-l\/"},"modified":"2026-01-21T12:26:39","modified_gmt":"2026-01-21T09:26:39","slug":"scope-mount-30mm-vortex-pro-series-low-pr30-l","status":"publish","type":"product","link":"https:\/\/nbg.eu\/de\/produkt\/scope-mount-30mm-vortex-pro-series-low-pr30-l\/","title":{"rendered":"Scope mount 30mm Vortex Pro Series LOW PR30-l"},"content":{"rendered":"<h1>Vortex Pro 30mm Niedrige (0,90&#8243;) Zielfernrohrmontage PR30-L<\/h1>\n<p>Die Vortex Pro Serie 30mm Niedrige Ringe sind f\u00fcr die Montage Ihres Zielfernrohrs konzipiert. Sie werden aus Flugzeug-Aluminium 6061 gefertigt und bieten Zuverl\u00e4ssigkeit und Festigkeit.<\/p>\n<h2>Hauptmerkmale:<\/h2>\n<ul>\n<li>Hartbeschichtete, mattschwarze eloxierte Oberfl\u00e4che<\/li>\n<li>Lasergravierte Drehmomentangaben<\/li>\n<li>#8 Befestigungselemente f\u00fcr sichere Montage<\/li>\n<li>Integrierte R\u00fccksto\u00dfnase f\u00fcr zus\u00e4tzliche Stabilit\u00e4t<\/li>\n<li>Kompatibel mit Weaver- oder Picatinny-Schienen<\/li>\n<li>Leichtes Design mit 44,8 g<\/li>\n<\/ul>\n<p>Die Vortex Pro PR30-L Ringe sind f\u00fcr J\u00e4ger geeignet, die Qualit\u00e4t und Preis-Leistung suchen. Sie sorgen daf\u00fcr, dass das Zielfernrohr fest an seinem Platz bleibt.<\/p>\n","protected":false},"excerpt":{"rendered":"<p>Langlebige 30mm niedrige Zielfernrohr-Montageringe f\u00fcr Weaver\/Picatinny-Schienen. Pr\u00e4zisionsgefertigt.<\/p>\n","protected":false},"featured_media":497571,"template":"","meta":{"_acf_changed":false},"product_brand":[11954],"product_cat":[12058,12083],"product_tag":[],"class_list":{"0":"post-539769","1":"product","2":"type-product","3":"status-publish","4":"has-post-thumbnail","6":"product_brand-vortex","7":"product_cat-zielen","8":"product_cat-zielzubehoer","10":"first","11":"outofstock","12":"taxable","13":"shipping-taxable","14":"purchasable","15":"product-type-simple"},"acf":[],"_links":{"self":[{"href":"https:\/\/nbg.eu\/de\/wp-json\/wp\/v2\/product\/539769","targetHints":{"allow":["GET"]}}],"collection":[{"href":"https:\/\/nbg.eu\/de\/wp-json\/wp\/v2\/product"}],"about":[{"href":"https:\/\/nbg.eu\/de\/wp-json\/wp\/v2\/types\/product"}],"wp:featuredmedia":[{"embeddable":true,"href":"https:\/\/nbg.eu\/de\/wp-json\/wp\/v2\/media\/497571"}],"wp:attachment":[{"href":"https:\/\/nbg.eu\/de\/wp-json\/wp\/v2\/media?parent=539769"}],"wp:term":[{"taxonomy":"product_brand","embeddable":true,"href":"https:\/\/nbg.eu\/de\/wp-json\/wp\/v2\/product_brand?post=539769"},{"taxonomy":"product_cat","embeddable":true,"href":"https:\/\/nbg.eu\/de\/wp-json\/wp\/v2\/product_cat?post=539769"},{"taxonomy":"product_tag","embeddable":true,"href":"https:\/\/nbg.eu\/de\/wp-json\/wp\/v2\/product_tag?post=539769"}],"curies":[{"name":"wp","href":"https:\/\/api.w.org\/{rel}","templated":true}]}}