{"id":539880,"date":"2025-09-05T17:40:49","date_gmt":"2025-09-05T14:40:49","guid":{"rendered":"https:\/\/nbg.eu\/product\/badger-ordnance-c1-coaxial-laser-integration-fixture-9-slot-rail-black-700-20b\/"},"modified":"2026-01-21T12:07:04","modified_gmt":"2026-01-21T09:07:04","slug":"badger-ordnance-c1-coaxial-laser-integration-fixture-9-slot-rail-black-700-20b","status":"publish","type":"product","link":"https:\/\/nbg.eu\/de\/produkt\/badger-ordnance-c1-coaxial-laser-integration-fixture-9-slot-rail-black-700-20b\/","title":{"rendered":"BADGER ORDNANCE C1 COAXIAL LASER INTEGRATION FIXTURE 9 SLOT RAIL BLACK (700-20B)"},"content":{"rendered":"<div class=\"product-description\">\n<h2>BADGER ORDNANCE C1 KOAXIALE LASER-INTEGRATIONS-VORRICHTUNG 9-SLOT-SCHIENE SCHWARZ (700-20B)<\/h2>\n<p>Die Badger Ordnance 9-Slot CLIF (Koaxiale Laser-Integrations-Vorrichtung) ist f\u00fcr die Verwendung mit Badger&#8217;s Condition One Halterungen konzipiert und erm\u00f6glicht die Integration von Laser-Entfernungsmessern.<\/p>\n<ul>\n<li>Kompatibel mit ARC zur Montage von Lasern und Entfernungsmessern \u00fcber dem Visier<\/li>\n<li>Befestigung ohne Entfernung der C1 Zubeh\u00f6rringkappe, beh\u00e4lt die urspr\u00fcngliche Nullstellung des Hauptvisiers bei<\/li>\n<li>9-Slot-Schienendesign f\u00fcr verschiedene Montagem\u00f6glichkeiten<\/li>\n<li>Schwarze Oberfl\u00e4che<\/li>\n<li>Teilenummer: 700-20B<\/li>\n<\/ul>\n<p>Auf Lager und versandbereit.<\/p>\n<\/div>\n","protected":false},"excerpt":{"rendered":"<p>BADGER ORDNANCE C1 CLIF: 9-Slot-Schiene zur Laserintegration auf Optiken.<\/p>\n","protected":false},"featured_media":497594,"template":"","meta":{"_acf_changed":false},"product_brand":[11079],"product_cat":[12084,12058,12083],"product_tag":[],"class_list":{"0":"post-539880","1":"product","2":"type-product","3":"status-publish","4":"has-post-thumbnail","6":"product_brand-badger-ordnance","7":"product_cat-montagen","8":"product_cat-zielen","9":"product_cat-zielzubehoer","11":"first","12":"instock","13":"taxable","14":"shipping-taxable","15":"purchasable","16":"product-type-simple"},"acf":[],"_links":{"self":[{"href":"https:\/\/nbg.eu\/de\/wp-json\/wp\/v2\/product\/539880","targetHints":{"allow":["GET"]}}],"collection":[{"href":"https:\/\/nbg.eu\/de\/wp-json\/wp\/v2\/product"}],"about":[{"href":"https:\/\/nbg.eu\/de\/wp-json\/wp\/v2\/types\/product"}],"wp:featuredmedia":[{"embeddable":true,"href":"https:\/\/nbg.eu\/de\/wp-json\/wp\/v2\/media\/497594"}],"wp:attachment":[{"href":"https:\/\/nbg.eu\/de\/wp-json\/wp\/v2\/media?parent=539880"}],"wp:term":[{"taxonomy":"product_brand","embeddable":true,"href":"https:\/\/nbg.eu\/de\/wp-json\/wp\/v2\/product_brand?post=539880"},{"taxonomy":"product_cat","embeddable":true,"href":"https:\/\/nbg.eu\/de\/wp-json\/wp\/v2\/product_cat?post=539880"},{"taxonomy":"product_tag","embeddable":true,"href":"https:\/\/nbg.eu\/de\/wp-json\/wp\/v2\/product_tag?post=539880"}],"curies":[{"name":"wp","href":"https:\/\/api.w.org\/{rel}","templated":true}]}}