{"id":540021,"date":"2025-09-05T17:41:43","date_gmt":"2025-09-05T14:41:43","guid":{"rendered":"https:\/\/nbg.eu\/product\/dillon-750-650-550-machine-strong-mount\/"},"modified":"2026-01-21T12:05:05","modified_gmt":"2026-01-21T09:05:05","slug":"dillon-750-650-550-machine-strong-mount","status":"publish","type":"product","link":"https:\/\/nbg.eu\/de\/produkt\/dillon-750-650-550-machine-strong-mount\/","title":{"rendered":"Dillon 750\/650\/550 Machine Strong Mount"},"content":{"rendered":"<h2>Dillon 750\/650\/550 Maschinen-Halterung<\/h2>\n<p>Die Dillon 750\/650\/550 Halterung ist ein Zubeh\u00f6r f\u00fcr Ihre Wiederladebank. Es bietet verbesserten Komfort und Stabilit\u00e4t f\u00fcr Ihre Dillon Presse.<\/p>\n<ul>\n<li>Kompatibel mit RL550, RL550B, RL550C, XL650 und XL750 Modellen<\/li>\n<li>Erh\u00f6ht die Pressenh\u00f6he um 21,5 cm f\u00fcr verbesserte Ergonomie<\/li>\n<li>Breitere Basis reduziert Vibrationen und Wackeln f\u00fcr pr\u00e4zises Wiederladen<\/li>\n<li>Empfohlen f\u00fcr alle 550, 650 und 750 Wiederlader<\/li>\n<\/ul>\n<p>Die erh\u00f6hte H\u00f6he und gr\u00f6\u00dfere Basis der Halterung sorgen f\u00fcr eine bequemere Arbeitsposition und reduzieren die Pressenbewegung. Diese Stabilit\u00e4t ist wichtig f\u00fcr konsistente Wiederladungen von hoher Qualit\u00e4t.<\/p>\n","protected":false},"excerpt":{"rendered":"<p>Heben und stabilisieren Sie Ihre Dillon-Presse f\u00fcr erh\u00f6hten Ladekomfort.<\/p>\n","protected":false},"featured_media":497617,"template":"","meta":{"_acf_changed":false},"product_brand":[14346],"product_cat":[12093,12040,12082],"product_tag":[],"class_list":{"0":"post-540021","1":"product","2":"type-product","3":"status-publish","4":"has-post-thumbnail","6":"product_brand-dillon-precision","7":"product_cat-wiederladen","8":"product_cat-wiederladepressen","9":"product_cat-wiederladezubehoer","11":"first","12":"outofstock","13":"taxable","14":"shipping-taxable","15":"purchasable","16":"product-type-simple"},"acf":[],"_links":{"self":[{"href":"https:\/\/nbg.eu\/de\/wp-json\/wp\/v2\/product\/540021","targetHints":{"allow":["GET"]}}],"collection":[{"href":"https:\/\/nbg.eu\/de\/wp-json\/wp\/v2\/product"}],"about":[{"href":"https:\/\/nbg.eu\/de\/wp-json\/wp\/v2\/types\/product"}],"wp:featuredmedia":[{"embeddable":true,"href":"https:\/\/nbg.eu\/de\/wp-json\/wp\/v2\/media\/497617"}],"wp:attachment":[{"href":"https:\/\/nbg.eu\/de\/wp-json\/wp\/v2\/media?parent=540021"}],"wp:term":[{"taxonomy":"product_brand","embeddable":true,"href":"https:\/\/nbg.eu\/de\/wp-json\/wp\/v2\/product_brand?post=540021"},{"taxonomy":"product_cat","embeddable":true,"href":"https:\/\/nbg.eu\/de\/wp-json\/wp\/v2\/product_cat?post=540021"},{"taxonomy":"product_tag","embeddable":true,"href":"https:\/\/nbg.eu\/de\/wp-json\/wp\/v2\/product_tag?post=540021"}],"curies":[{"name":"wp","href":"https:\/\/api.w.org\/{rel}","templated":true}]}}