{"id":540133,"date":"2025-09-05T17:41:44","date_gmt":"2025-09-05T14:41:44","guid":{"rendered":"https:\/\/nbg.eu\/product\/two-4-waist-pack-for-plate-carriers-2\/"},"modified":"2026-05-11T11:39:00","modified_gmt":"2026-05-11T08:39:00","slug":"two-4-huefttasche-fuer-plattentraeger-2","status":"publish","type":"product","link":"https:\/\/nbg.eu\/de\/produkt\/two-4-huefttasche-fuer-plattentraeger-2\/","title":{"rendered":"Blue Force Gear Two-4 H\u00fcfttasche f\u00fcr Plattentr\u00e4ger"},"content":{"rendered":"<div class=\"product-description\">\n<h2>Two-4 H\u00fcfttasche f\u00fcr Plattentr\u00e4ger<\/h2>\n<p>Die Two-4 H\u00fcfttasche von BlueForceGear kann an Ihrer H\u00fcfte oder Ihrem Plattentr\u00e4ger befestigt werden und bietet schnellen Zugriff auf wichtige Ausr\u00fcstung.<\/p>\n<h3>Hauptmerkmale:<\/h3>\n<ul>\n<li>500D Cordura-Konstruktion<\/li>\n<li>MOLLE-kompatibles Befestigungssystem<\/li>\n<li>Hauptfach mit interner Organisation<\/li>\n<li>Vordere Administrationstasche f\u00fcr kleine Gegenst\u00e4nde<\/li>\n<li>F\u00fcr Links- oder Rechtsh\u00e4nder geeignet<\/li>\n<li>In mehreren Farben erh\u00e4ltlich<\/li>\n<\/ul>\n<p>Die Two-4 H\u00fcfttasche ist f\u00fcr Milit\u00e4r, Strafverfolgungsbeh\u00f6rden oder taktische Anwender geeignet. Sie bietet Stauraum f\u00fcr medizinische Versorgung, Munition oder pers\u00f6nliche Gegenst\u00e4nde. F\u00fcr den Einsatz in Stresssituationen konzipiert.<\/p>\n<\/div>\n","protected":false},"excerpt":{"rendered":"<p>Two-4 H\u00fcfttasche: Vielseitige MOLLE-kompatible Ausr\u00fcstungsaufbewahrung f\u00fcr Plattentr\u00e4ger.<\/p>\n","protected":false},"featured_media":497733,"template":"","meta":{"_acf_changed":false},"product_brand":[11129],"product_cat":[12115,12105],"product_tag":[],"class_list":{"0":"post-540133","1":"product","2":"type-product","3":"status-publish","4":"has-post-thumbnail","6":"product_brand-blue-force-gear","7":"product_cat-ausruestung","8":"product_cat-taschen","10":"first","11":"instock","12":"taxable","13":"shipping-taxable","14":"purchasable","15":"product-type-simple"},"acf":[],"_links":{"self":[{"href":"https:\/\/nbg.eu\/de\/wp-json\/wp\/v2\/product\/540133","targetHints":{"allow":["GET"]}}],"collection":[{"href":"https:\/\/nbg.eu\/de\/wp-json\/wp\/v2\/product"}],"about":[{"href":"https:\/\/nbg.eu\/de\/wp-json\/wp\/v2\/types\/product"}],"wp:featuredmedia":[{"embeddable":true,"href":"https:\/\/nbg.eu\/de\/wp-json\/wp\/v2\/media\/497733"}],"wp:attachment":[{"href":"https:\/\/nbg.eu\/de\/wp-json\/wp\/v2\/media?parent=540133"}],"wp:term":[{"taxonomy":"product_brand","embeddable":true,"href":"https:\/\/nbg.eu\/de\/wp-json\/wp\/v2\/product_brand?post=540133"},{"taxonomy":"product_cat","embeddable":true,"href":"https:\/\/nbg.eu\/de\/wp-json\/wp\/v2\/product_cat?post=540133"},{"taxonomy":"product_tag","embeddable":true,"href":"https:\/\/nbg.eu\/de\/wp-json\/wp\/v2\/product_tag?post=540133"}],"curies":[{"name":"wp","href":"https:\/\/api.w.org\/{rel}","templated":true}]}}