{"id":540612,"date":"2025-09-05T17:42:22","date_gmt":"2025-09-05T14:42:22","guid":{"rendered":"https:\/\/nbg.eu\/product\/lyman-pro-trim-die\/"},"modified":"2026-01-21T11:45:38","modified_gmt":"2026-01-21T08:45:38","slug":"lyman-pro-trim-die","status":"publish","type":"product","link":"https:\/\/nbg.eu\/de\/produkt\/lyman-pro-trim-die\/","title":{"rendered":"Lyman Pro Trim Die"},"content":{"rendered":"<div class=\"product-description\">\n<h2>Lyman Pro Trim Matrizen<\/h2>\n<p>Lyman Pro Trim Matrizen werden in den USA hergestellt. Diese Matrizen bieten:<\/p>\n<ul>\n<li>Konstruktion aus rostfreiem Stahl f\u00fcr Haltbarkeit<\/li>\n<li>7\/8-14 Bodengewinde, kompatibel mit allen Lyman, Mark 7 und anderen g\u00e4ngigen Wiederladepresse<\/li>\n<li>13\/16-20 Obergewinde, f\u00fcr Lymans pressenmontierte Trimmer und andere Optionen<\/li>\n<li>Lebenslange Nutzungsgarantie aufgrund der Materialien und Verarbeitung<\/li>\n<\/ul>\n<p>Lyman Pro Trim Matrizen bieten Pr\u00e4zision und Vielseitigkeit f\u00fcr Wiederladeger\u00e4te. Diese Matrizen sind f\u00fcr erfahrene Wiederlader und Anf\u00e4nger geeignet und bieten die n\u00f6tige Qualit\u00e4t und Kompatibilit\u00e4t f\u00fcr genaue Ergebnisse.<\/p>\n<\/div>\n","protected":false},"excerpt":{"rendered":"<p>Pr\u00e4zisionsgefertigte US-amerikanische Edelstahl-Matrize zum H\u00fclsentrimmen. Pressenkompatibel.<\/p>\n","protected":false},"featured_media":497827,"template":"","meta":{"_acf_changed":false},"product_brand":[11263],"product_cat":[12093,12082],"product_tag":[],"class_list":{"0":"post-540612","1":"product","2":"type-product","3":"status-publish","4":"has-post-thumbnail","6":"product_brand-doublealpha","7":"product_cat-wiederladen","8":"product_cat-wiederladezubehoer","10":"first","11":"outofstock","12":"taxable","13":"shipping-taxable","14":"purchasable","15":"product-type-simple"},"acf":[],"_links":{"self":[{"href":"https:\/\/nbg.eu\/de\/wp-json\/wp\/v2\/product\/540612","targetHints":{"allow":["GET"]}}],"collection":[{"href":"https:\/\/nbg.eu\/de\/wp-json\/wp\/v2\/product"}],"about":[{"href":"https:\/\/nbg.eu\/de\/wp-json\/wp\/v2\/types\/product"}],"wp:featuredmedia":[{"embeddable":true,"href":"https:\/\/nbg.eu\/de\/wp-json\/wp\/v2\/media\/497827"}],"wp:attachment":[{"href":"https:\/\/nbg.eu\/de\/wp-json\/wp\/v2\/media?parent=540612"}],"wp:term":[{"taxonomy":"product_brand","embeddable":true,"href":"https:\/\/nbg.eu\/de\/wp-json\/wp\/v2\/product_brand?post=540612"},{"taxonomy":"product_cat","embeddable":true,"href":"https:\/\/nbg.eu\/de\/wp-json\/wp\/v2\/product_cat?post=540612"},{"taxonomy":"product_tag","embeddable":true,"href":"https:\/\/nbg.eu\/de\/wp-json\/wp\/v2\/product_tag?post=540612"}],"curies":[{"name":"wp","href":"https:\/\/api.w.org\/{rel}","templated":true}]}}