{"id":540716,"date":"2025-09-05T17:42:23","date_gmt":"2025-09-05T14:42:23","guid":{"rendered":"https:\/\/nbg.eu\/product\/zco-throw-lever\/"},"modified":"2026-01-21T11:39:58","modified_gmt":"2026-01-21T08:39:58","slug":"zco-throw-lever","status":"publish","type":"product","link":"https:\/\/nbg.eu\/de\/produkt\/zco-throw-lever\/","title":{"rendered":"ZCO &#8211; Throw Lever"},"content":{"rendered":"<h1>ZCO &#8211; Hebelhilfe<\/h1>\n<p>Die ZCO Hebelhilfe ist f\u00fcr Zero Compromise Optic Pr\u00e4zisionszielfernrohre entwickelt. Dieses Zubeh\u00f6r integriert sich in das Okulargeh\u00e4use Ihres Zielfernrohrs und erm\u00f6glicht eine schnelle Vergr\u00f6\u00dferungsanpassung w\u00e4hrend des Zielens.<\/p>\n<h2>Hauptmerkmale:<\/h2>\n<ul>\n<li>Aus einem St\u00fcck hochwertigem 7075-T6 Aluminium gefr\u00e4st<\/li>\n<li>Sandgestrahlt und harteloxiert f\u00fcr Haltbarkeit<\/li>\n<li>Einfaches Design f\u00fcr leichte Installation<\/li>\n<li>Positionierbar am Einstellring des Zielfernrohrs<\/li>\n<li>Passt optisch zu ZCO Sportzielfernrohren<\/li>\n<\/ul>\n<p>Die ZCO Hebelhilfe erm\u00f6glicht schnellere Vergr\u00f6\u00dferungs\u00e4nderungen und verbesserte Kontrolle, ein n\u00fctzliches Zubeh\u00f6r f\u00fcr Sch\u00fctzen, die optimale Leistung im Einsatz suchen.<\/p>\n","protected":false},"excerpt":{"rendered":"<p>ZCO Hebelmechanismus: Schnelle Vergr\u00f6\u00dferungsanpassung f\u00fcr Pr\u00e4zisionszielfernrohre.<\/p>\n","protected":false},"featured_media":497850,"template":"","meta":{"_acf_changed":false},"product_brand":[15183],"product_cat":[12071,12058,12083],"product_tag":[],"class_list":{"0":"post-540716","1":"product","2":"type-product","3":"status-publish","4":"has-post-thumbnail","6":"product_brand-zero-compromise-optics","7":"product_cat-vergroesserungsoptiken","8":"product_cat-zielen","9":"product_cat-zielzubehoer","11":"first","12":"instock","13":"taxable","14":"shipping-taxable","15":"purchasable","16":"product-type-simple"},"acf":[],"_links":{"self":[{"href":"https:\/\/nbg.eu\/de\/wp-json\/wp\/v2\/product\/540716","targetHints":{"allow":["GET"]}}],"collection":[{"href":"https:\/\/nbg.eu\/de\/wp-json\/wp\/v2\/product"}],"about":[{"href":"https:\/\/nbg.eu\/de\/wp-json\/wp\/v2\/types\/product"}],"wp:featuredmedia":[{"embeddable":true,"href":"https:\/\/nbg.eu\/de\/wp-json\/wp\/v2\/media\/497850"}],"wp:attachment":[{"href":"https:\/\/nbg.eu\/de\/wp-json\/wp\/v2\/media?parent=540716"}],"wp:term":[{"taxonomy":"product_brand","embeddable":true,"href":"https:\/\/nbg.eu\/de\/wp-json\/wp\/v2\/product_brand?post=540716"},{"taxonomy":"product_cat","embeddable":true,"href":"https:\/\/nbg.eu\/de\/wp-json\/wp\/v2\/product_cat?post=540716"},{"taxonomy":"product_tag","embeddable":true,"href":"https:\/\/nbg.eu\/de\/wp-json\/wp\/v2\/product_tag?post=540716"}],"curies":[{"name":"wp","href":"https:\/\/api.w.org\/{rel}","templated":true}]}}