{"id":554477,"date":"2025-09-05T18:19:19","date_gmt":"2025-09-05T15:19:19","guid":{"rendered":"https:\/\/nbg.eu\/product\/magpul-enhanced-ejection-port-cover-for-ar-15\/"},"modified":"2026-01-21T12:24:12","modified_gmt":"2026-01-21T09:24:12","slug":"magpul-verstaerkte-auswurfoeffnungsabdeckung-fuer-ar-15","status":"publish","type":"product","link":"https:\/\/nbg.eu\/de\/produkt\/magpul-verstaerkte-auswurfoeffnungsabdeckung-fuer-ar-15\/","title":{"rendered":"MAGPUL VERST\u00c4RKTE AUSWURF\u00d6FFNUNGSABDECKUNG F\u00dcR AR-15"},"content":{"rendered":"<div class=\"product-description\">\n<h2>Magpul Verbesserte Auswurffensterabdeckung f\u00fcr AR-15<\/h2>\n<p>Die <strong>Magpul Verbesserte Auswurffensterabdeckung<\/strong> f\u00fcr AR-15 bietet folgende Eigenschaften:<\/p>\n<ul>\n<li>Korrosionsbest\u00e4ndiger und schlagfester spritzgegossener Polymer-Aufbau<\/li>\n<li>Einfache Einrastmontage ohne Entfernung von Handschutz, Laufmutter, C-Clips oder Federn<\/li>\n<li>Kompatibel mit .223 Remington\/5,56 Kaliber AR-15 Plattformen<\/li>\n<li>Schwarze Oberfl\u00e4che<\/li>\n<\/ul>\n<p>Die Magpul Verbesserte Auswurffensterabdeckung bietet einfache Installation und Wartung f\u00fcr Ihren AR-15. Sie ist als Zubeh\u00f6r f\u00fcr Neubauten oder Aufr\u00fcstungen geeignet.<\/p>\n<\/div>\n","protected":false},"excerpt":{"rendered":"<p>Aufsteckbare, korrosionsbest\u00e4ndige AR-15 Staubschutzkappe. Einfache Installation.<\/p>\n","protected":false},"featured_media":499445,"template":"","meta":{"_acf_changed":false},"product_brand":[11556],"product_cat":[12091,12107,12068],"product_tag":[],"class_list":{"0":"post-554477","1":"product","2":"type-product","3":"status-publish","4":"has-post-thumbnail","6":"product_brand-magpul","7":"product_cat-ar-tuning","8":"product_cat-gewehr","9":"product_cat-gewehr-tuning","11":"first","12":"outofstock","13":"taxable","14":"shipping-taxable","15":"purchasable","16":"product-type-simple"},"acf":[],"_links":{"self":[{"href":"https:\/\/nbg.eu\/de\/wp-json\/wp\/v2\/product\/554477","targetHints":{"allow":["GET"]}}],"collection":[{"href":"https:\/\/nbg.eu\/de\/wp-json\/wp\/v2\/product"}],"about":[{"href":"https:\/\/nbg.eu\/de\/wp-json\/wp\/v2\/types\/product"}],"wp:featuredmedia":[{"embeddable":true,"href":"https:\/\/nbg.eu\/de\/wp-json\/wp\/v2\/media\/499445"}],"wp:attachment":[{"href":"https:\/\/nbg.eu\/de\/wp-json\/wp\/v2\/media?parent=554477"}],"wp:term":[{"taxonomy":"product_brand","embeddable":true,"href":"https:\/\/nbg.eu\/de\/wp-json\/wp\/v2\/product_brand?post=554477"},{"taxonomy":"product_cat","embeddable":true,"href":"https:\/\/nbg.eu\/de\/wp-json\/wp\/v2\/product_cat?post=554477"},{"taxonomy":"product_tag","embeddable":true,"href":"https:\/\/nbg.eu\/de\/wp-json\/wp\/v2\/product_tag?post=554477"}],"curies":[{"name":"wp","href":"https:\/\/api.w.org\/{rel}","templated":true}]}}