{"id":56502,"date":"2024-02-20T23:21:46","date_gmt":"2024-02-20T20:21:46","guid":{"rendered":"https:\/\/nbg.eu\/product\/geissele-super-precision-zero-compromise-scope-mount-36mm-black\/"},"modified":"2026-01-21T11:38:44","modified_gmt":"2026-01-21T08:38:44","slug":"geissele-super-precision-zero-compromise-zielfernrohr-montage-36mm-schwarz","status":"publish","type":"product","link":"https:\/\/nbg.eu\/de\/produkt\/geissele-super-precision-zero-compromise-zielfernrohr-montage-36mm-schwarz\/","title":{"rendered":"Geissele Super Precision\u00ae &#8211; Zero Compromise Zielfernrohr-Montage, 36mm &#8211; Schwarz"},"content":{"rendered":"<div class=\"product-description\">\n<h2>Geissele Super Precision\u00ae &#8211; Zielfernrohrmontage, 36mm &#8211; Schwarz<\/h2>\n<p>Entwickelt f\u00fcr die Zero Compromise ZC420 Optik-Serie. Merkmale umfassen:<\/p>\n<ul>\n<li>20 MOA (5,7 MIL) integrierte Neigung f\u00fcr erweiterte H\u00f6henverstellbereiche<\/li>\n<li>2,5&#8243; verl\u00e4ngertes Cantilever-Design f\u00fcr optimalen Augenabstand<\/li>\n<li>Pr\u00e4zisionsgefertigte Scherkanten f\u00fcr Stabilit\u00e4t<\/li>\n<li>1.400 lbs Klemmkraft mit Geisseles aktualisiertem Muttern- und Schraubensystem<\/li>\n<li>Schnelle Montage und Demontage mit g\u00e4ngigen Werkzeugen<\/li>\n<li>Wiederholbare Nullstellung<\/li>\n<li>Kompakte Bauweise<\/li>\n<\/ul>\n<p>Geissele Super Precision\u00ae Zielfernrohrmontage.<\/p>\n<\/div>\n","protected":false},"excerpt":{"rendered":"<p>Robuste 36-mm-Zielfernrohrmontage f\u00fcr extremes Pr\u00e4zisionsschie\u00dfen auf gro\u00dfe Entfernungen.<\/p>\n","protected":false},"featured_media":695302,"template":"","meta":{"_acf_changed":false},"product_brand":[11387],"product_cat":[12058,12083],"product_tag":[],"class_list":{"0":"post-56502","1":"product","2":"type-product","3":"status-publish","4":"has-post-thumbnail","6":"product_brand-geissele","7":"product_cat-zielen","8":"product_cat-zielzubehoer","10":"first","11":"instock","12":"taxable","13":"shipping-taxable","14":"product-type-simple"},"acf":[],"_links":{"self":[{"href":"https:\/\/nbg.eu\/de\/wp-json\/wp\/v2\/product\/56502","targetHints":{"allow":["GET"]}}],"collection":[{"href":"https:\/\/nbg.eu\/de\/wp-json\/wp\/v2\/product"}],"about":[{"href":"https:\/\/nbg.eu\/de\/wp-json\/wp\/v2\/types\/product"}],"wp:featuredmedia":[{"embeddable":true,"href":"https:\/\/nbg.eu\/de\/wp-json\/wp\/v2\/media\/695302"}],"wp:attachment":[{"href":"https:\/\/nbg.eu\/de\/wp-json\/wp\/v2\/media?parent=56502"}],"wp:term":[{"taxonomy":"product_brand","embeddable":true,"href":"https:\/\/nbg.eu\/de\/wp-json\/wp\/v2\/product_brand?post=56502"},{"taxonomy":"product_cat","embeddable":true,"href":"https:\/\/nbg.eu\/de\/wp-json\/wp\/v2\/product_cat?post=56502"},{"taxonomy":"product_tag","embeddable":true,"href":"https:\/\/nbg.eu\/de\/wp-json\/wp\/v2\/product_tag?post=56502"}],"curies":[{"name":"wp","href":"https:\/\/api.w.org\/{rel}","templated":true}]}}