{"id":56669,"date":"2024-02-20T20:12:58","date_gmt":"2024-09-13T13:32:13","guid":{"rendered":"https:\/\/nbg.eu\/product\/geissele-super-precision-scope-mount-30mm-for-ar-15-vortex-1-6\/"},"modified":"2026-01-21T11:47:36","modified_gmt":"2026-01-21T08:47:36","slug":"geissele-super-precision-zielfernrohr-montage-30mm-fuer-ar-15-vortex-1-6","status":"publish","type":"product","link":"https:\/\/nbg.eu\/de\/produkt\/geissele-super-precision-zielfernrohr-montage-30mm-fuer-ar-15-vortex-1-6\/","title":{"rendered":"Geissele Super Precision Zielfernrohr-Montage 30mm, f\u00fcr AR-15 (Vortex 1-6)"},"content":{"rendered":"<div class=\"description-text\">\n<div class=\"exerpt\">\n<p>Diese AR-15 Zielfernrohrmontage ist Teil der Geissele SOPMOD zertifizierten Serie und umfasst Geissele-Produkte, die derzeit von hochrangigen Milit\u00e4r- und Anti-Terror-Einheiten des U.S. Special Operations Command (USSOCOM) verwendet werden. SOPMOD ist ein USSOCOM-Programm, das Spezialeinsatzkr\u00e4ften erm\u00f6glicht, ihre Waffen nach individuellen Pr\u00e4ferenzen und Missionsanforderungen zu konfigurieren. Das Programm ist ein zugelassenes Zubeh\u00f6rsystem f\u00fcr das M4A1-Karabiner, FN SCAR Mk 16\/17 und andere von USSOCOM verwendete Waffen. Jeder Geissele-Artikel in der Geissele SOPMOD-Serie wurde strengen Tests und Zertifizierungen durch USSOCOM unterzogen. Diese Optikmontagen werden aus einem einzelnen 2,04 kg schweren Block flugzeugqualifiziertem 7075-T6 Aluminium gefr\u00e4st.<\/p>\n<p>Die einzeln nummerierten Zielfernrohrdeckel werden zusammen mit dem K\u00f6rper in einem einzigen Arbeitsgang linienbohrt, was die bestm\u00f6gliche Passform zum Optikk\u00f6rper gew\u00e4hrleistet. Geissele-Montagen werden mit dem klassischen, bew\u00e4hrten Mutter- und Klemmsystem fixiert, das eine Klemmkraft von 635 kg pro Mutter bietet. Dieses System bietet bis zu dreimal mehr Klemmkraft als jedes Hebelsystem, w\u00e4hrend pr\u00e4zisionsgefertigte Scherstege helfen, die Optik w\u00e4hrend des R\u00fccksto\u00dfes auf dem Receiver zu fixieren. Die Montagefl\u00e4che erstreckt sich \u00fcber 8 Picatinny-Abschnitte.<\/p>\n<h2 style=\"text-align: center\"><strong>&#8212; SPEZIFIKATIONEN &#8212;<\/strong><\/h2>\n<table border=\"1\">\n<tbody>\n<tr>\n<td><strong>MATERIAL: <\/strong><\/td>\n<td> 7075-T6<\/td>\n<\/tr>\n<tr>\n<td><strong>FARBE: <\/strong><\/td>\n<td> Schwarz<\/td>\n<\/tr>\n<tr>\n<td><strong>OBERFL\u00c4CHE: <\/strong><\/td>\n<td> Typ-3 Harteloxiert<\/td>\n<\/tr>\n<tr>\n<td><strong>GEWICHT: <\/strong><\/td>\n<td> 201 g<\/td>\n<\/tr>\n<tr>\n<td><strong>RINGGR\u00d6SSE: <\/strong><\/td>\n<td> 30mm<\/td>\n<\/tr>\n<\/tbody>\n<\/table>\n<\/div>\n<\/div>\n","protected":false},"excerpt":{"rendered":"<p><strong>Teil der Geissele SOPMOD zertifizierten Serie<\/strong><\/p>\n","protected":false},"featured_media":6534,"template":"","meta":{"_acf_changed":false},"product_brand":[11387],"product_cat":[15810,12058,12083],"product_tag":[],"class_list":{"0":"post-56669","1":"product","2":"type-product","3":"status-publish","4":"has-post-thumbnail","6":"product_brand-geissele","7":"product_cat-scope-mounts-de","8":"product_cat-zielen","9":"product_cat-zielzubehoer","11":"first","12":"instock","13":"taxable","14":"shipping-taxable","15":"product-type-variable","16":"wvs-archive-product-wrapper"},"acf":[],"_links":{"self":[{"href":"https:\/\/nbg.eu\/de\/wp-json\/wp\/v2\/product\/56669","targetHints":{"allow":["GET"]}}],"collection":[{"href":"https:\/\/nbg.eu\/de\/wp-json\/wp\/v2\/product"}],"about":[{"href":"https:\/\/nbg.eu\/de\/wp-json\/wp\/v2\/types\/product"}],"wp:featuredmedia":[{"embeddable":true,"href":"https:\/\/nbg.eu\/de\/wp-json\/wp\/v2\/media\/6534"}],"wp:attachment":[{"href":"https:\/\/nbg.eu\/de\/wp-json\/wp\/v2\/media?parent=56669"}],"wp:term":[{"taxonomy":"product_brand","embeddable":true,"href":"https:\/\/nbg.eu\/de\/wp-json\/wp\/v2\/product_brand?post=56669"},{"taxonomy":"product_cat","embeddable":true,"href":"https:\/\/nbg.eu\/de\/wp-json\/wp\/v2\/product_cat?post=56669"},{"taxonomy":"product_tag","embeddable":true,"href":"https:\/\/nbg.eu\/de\/wp-json\/wp\/v2\/product_tag?post=56669"}],"curies":[{"name":"wp","href":"https:\/\/api.w.org\/{rel}","templated":true}]}}