{"id":575082,"date":"2025-10-10T12:34:49","date_gmt":"2025-10-10T09:34:49","guid":{"rendered":"https:\/\/nbg.eu\/product\/grips-kmr-l-modular-brass\/"},"modified":"2026-04-16T17:10:19","modified_gmt":"2026-04-16T14:10:19","slug":"griffschalen-kmr-l-modular-messing","status":"publish","type":"product","link":"https:\/\/nbg.eu\/de\/produkt\/griffschalen-kmr-l-modular-messing\/","title":{"rendered":"KMR Griffschalen L Modular Messing"},"content":{"rendered":"<h2>GRIPS KMR L MODULAR MESSING<\/h2>\n<p><strong>Referenz:<\/strong> 0611-04101-0316<\/p>\n<p>Der GRIPS KMR L MODULAR MESSING ist ein Vollgriff f\u00fcr KMR ohne Magwell. Die modulare Textur erm\u00f6glicht eine anpassbare Griffigkeit.<\/p>\n<h2>Kompatible Waffen:<\/h2>\n<ul>\n<li>KMR L-02 SPECTRA (ab 2024)<\/li>\n<li>KMR L-02 SPECTRA (bis 2023)<\/li>\n<li>KMR L-02 UMBRA<\/li>\n<li>KMR L-02 UMBRA (ab 2024)<\/li>\n<li>KMR L-02 UMBRA (bis 2023)<\/li>\n<\/ul>\n<p>Dieser Griff ist f\u00fcr KMR-Modelle geeignet.<\/p>\n","protected":false},"excerpt":{"rendered":"<p>Modularer Messinggriff in voller Gr\u00f6\u00dfe f\u00fcr KMR L-02 SPECTRA\/UMBRA Modelle.<\/p>\n","protected":false},"featured_media":575114,"template":"","meta":{"_acf_changed":false},"product_brand":[11493],"product_cat":[12057,14883],"product_tag":[],"class_list":{"0":"post-575082","1":"product","2":"type-product","3":"status-publish","4":"has-post-thumbnail","6":"product_brand-kmr-precision","7":"product_cat-kmr-teile","8":"product_cat-pistol-grips-de","10":"first","11":"instock","12":"taxable","13":"shipping-taxable","14":"purchasable","15":"product-type-simple"},"acf":[],"_links":{"self":[{"href":"https:\/\/nbg.eu\/de\/wp-json\/wp\/v2\/product\/575082","targetHints":{"allow":["GET"]}}],"collection":[{"href":"https:\/\/nbg.eu\/de\/wp-json\/wp\/v2\/product"}],"about":[{"href":"https:\/\/nbg.eu\/de\/wp-json\/wp\/v2\/types\/product"}],"wp:featuredmedia":[{"embeddable":true,"href":"https:\/\/nbg.eu\/de\/wp-json\/wp\/v2\/media\/575114"}],"wp:attachment":[{"href":"https:\/\/nbg.eu\/de\/wp-json\/wp\/v2\/media?parent=575082"}],"wp:term":[{"taxonomy":"product_brand","embeddable":true,"href":"https:\/\/nbg.eu\/de\/wp-json\/wp\/v2\/product_brand?post=575082"},{"taxonomy":"product_cat","embeddable":true,"href":"https:\/\/nbg.eu\/de\/wp-json\/wp\/v2\/product_cat?post=575082"},{"taxonomy":"product_tag","embeddable":true,"href":"https:\/\/nbg.eu\/de\/wp-json\/wp\/v2\/product_tag?post=575082"}],"curies":[{"name":"wp","href":"https:\/\/api.w.org\/{rel}","templated":true}]}}