{"id":575936,"date":"2025-10-10T12:35:14","date_gmt":"2025-10-10T09:35:14","guid":{"rendered":"https:\/\/nbg.eu\/product\/safety-set-kmr-lw-rf\/"},"modified":"2026-04-16T17:10:10","modified_gmt":"2026-04-16T14:10:10","slug":"safety-set-kmr-lw-rf","status":"publish","type":"product","link":"https:\/\/nbg.eu\/de\/produkt\/safety-set-kmr-lw-rf\/","title":{"rendered":"KMR Sicherungssatz LW-RF"},"content":{"rendered":"<h2>SICHERHEITSSET KMR LW-RF<\/h2>\n<p><strong>Referenz:<\/strong> 0671-03002-0000<\/p>\n<p>Verbessern Sie die Sicherheit Ihrer KMR-Waffe mit unserem umfassenden SICHERHEITSSET KMR LW-RF. Dieses Basispaket ist so konzipiert, dass es f\u00fcr eine Vielzahl von KMR-Modellen einen optimalen Schutz und eine optimale Funktionalit\u00e4t gew\u00e4hrleistet, einschlie\u00dflich:<\/p>\n<ul>\n<li>KMR L-02 ORCA (2024 und neuer)<\/li>\n<li>KMR L-02 ORCA (2023 und \u00e4lter)<\/li>\n<li>KMR L-02 SPECTRA (2023 und \u00e4lter)<\/li>\n<li>KMR W-02 CUDA (2024 und neuer)<\/li>\n<li>KMR W-02 CUDA (2023 und \u00e4lter)<\/li>\n<li>KMR W-02 UMBRA<\/li>\n<li>KMR W-02 UMBRA (OR)<\/li>\n<\/ul>\n<p>Unser SICHERHEITSSET KMR LW-RF wurde entwickelt, um h\u00f6chste Standards in Bezug auf Zuverl\u00e4ssigkeit und Leistung zu erf\u00fcllen. Egal ob Sie das neueste ORCA-Modell oder das klassische UMBRA verwenden, dieses vielseitige Sicherheitspaket stellt sicher, dass Ihre Waffe sicher und effizient funktioniert. Upgraden Sie Ihre KMR-Waffe noch heute mit diesem unverzichtbaren Sicherheitszubeh\u00f6r.<\/p>\n","protected":false},"excerpt":{"rendered":"<p>Unerl\u00e4ssliches Sicherheitsset f\u00fcr KMR-Waffen, kompatibel mit mehreren Modellen.<\/p>\n","protected":false},"featured_media":575985,"template":"","meta":{"_acf_changed":false},"product_brand":[],"product_cat":[12057],"product_tag":[],"class_list":{"0":"post-575936","1":"product","2":"type-product","3":"status-publish","4":"has-post-thumbnail","6":"product_cat-kmr-teile","8":"first","9":"outofstock","10":"taxable","11":"shipping-taxable","12":"purchasable","13":"product-type-simple"},"acf":[],"_links":{"self":[{"href":"https:\/\/nbg.eu\/de\/wp-json\/wp\/v2\/product\/575936","targetHints":{"allow":["GET"]}}],"collection":[{"href":"https:\/\/nbg.eu\/de\/wp-json\/wp\/v2\/product"}],"about":[{"href":"https:\/\/nbg.eu\/de\/wp-json\/wp\/v2\/types\/product"}],"wp:featuredmedia":[{"embeddable":true,"href":"https:\/\/nbg.eu\/de\/wp-json\/wp\/v2\/media\/575985"}],"wp:attachment":[{"href":"https:\/\/nbg.eu\/de\/wp-json\/wp\/v2\/media?parent=575936"}],"wp:term":[{"taxonomy":"product_brand","embeddable":true,"href":"https:\/\/nbg.eu\/de\/wp-json\/wp\/v2\/product_brand?post=575936"},{"taxonomy":"product_cat","embeddable":true,"href":"https:\/\/nbg.eu\/de\/wp-json\/wp\/v2\/product_cat?post=575936"},{"taxonomy":"product_tag","embeddable":true,"href":"https:\/\/nbg.eu\/de\/wp-json\/wp\/v2\/product_tag?post=575936"}],"curies":[{"name":"wp","href":"https:\/\/api.w.org\/{rel}","templated":true}]}}