{"id":581568,"date":"2025-10-10T18:09:59","date_gmt":"2025-10-10T15:09:59","guid":{"rendered":"https:\/\/nbg.eu\/product\/daa-x-ray-polymer-pouch-black\/"},"modified":"2026-01-21T11:42:33","modified_gmt":"2026-01-21T08:42:33","slug":"daa-x-ray-polymer-tasche-schwarz","status":"publish","type":"product","link":"https:\/\/nbg.eu\/de\/produkt\/daa-x-ray-polymer-tasche-schwarz\/","title":{"rendered":"DAA X-Ray Polymer-Tasche &#8211; Schwarz"},"content":{"rendered":"<h2>DAA X-Ray Polymer Magazintasche &#8211; Schwarz<\/h2>\n<p>Die DAA X-Ray Polymer Magazintasche f\u00fcr Wettk\u00e4mpfe bietet folgende Eigenschaften:<\/p>\n<ul>\n<li>Ausgeschnittenes Design f\u00fcr reduziertes Gewicht<\/li>\n<li>8 Befestigungspunkte f\u00fcr beidseitige Verwendung und vielseitige Positionierung<\/li>\n<li>3 S\u00e4tze Abstandshalter, kompatibel mit den meisten Doppelreihenmgazinen<\/li>\n<li>Faserverst\u00e4rkte Polymerkonstruktion<\/li>\n<li>Oberkante f\u00fcr einfacheres Einf\u00fchren des Magazins<\/li>\n<li>Feststellschraube zur Verhinderung unbeabsichtigten L\u00f6sens<\/li>\n<li>Vergr\u00f6\u00dfertes 13mm Kugelgelenk f\u00fcr verbesserte Stabilit\u00e4t<\/li>\n<li>Werkzeuglose Spannungseinstellung mit gro\u00dfem Spannungsrad<\/li>\n<\/ul>\n<p>Die DAA X-Ray Polymer Magazintasche ist f\u00fcr den Einsatz auf dem Schie\u00dfstand konzipiert.<\/p>\n","protected":false},"excerpt":{"rendered":"<p>DAA X-Ray Polymer Tasche: Schlanker, vielseitiger und sicherer Magazinhalter f\u00fcr Wettk\u00e4mpfer.<\/p>\n","protected":false},"featured_media":581576,"template":"","meta":{"_acf_changed":false},"product_brand":[11263],"product_cat":[12098,12105],"product_tag":[],"class_list":{"0":"post-581568","1":"product","2":"type-product","3":"status-publish","4":"has-post-thumbnail","6":"product_brand-doublealpha","7":"product_cat-magazinhalter","8":"product_cat-taschen","10":"first","11":"instock","12":"taxable","13":"shipping-taxable","14":"purchasable","15":"product-type-simple"},"acf":[],"_links":{"self":[{"href":"https:\/\/nbg.eu\/de\/wp-json\/wp\/v2\/product\/581568","targetHints":{"allow":["GET"]}}],"collection":[{"href":"https:\/\/nbg.eu\/de\/wp-json\/wp\/v2\/product"}],"about":[{"href":"https:\/\/nbg.eu\/de\/wp-json\/wp\/v2\/types\/product"}],"wp:featuredmedia":[{"embeddable":true,"href":"https:\/\/nbg.eu\/de\/wp-json\/wp\/v2\/media\/581576"}],"wp:attachment":[{"href":"https:\/\/nbg.eu\/de\/wp-json\/wp\/v2\/media?parent=581568"}],"wp:term":[{"taxonomy":"product_brand","embeddable":true,"href":"https:\/\/nbg.eu\/de\/wp-json\/wp\/v2\/product_brand?post=581568"},{"taxonomy":"product_cat","embeddable":true,"href":"https:\/\/nbg.eu\/de\/wp-json\/wp\/v2\/product_cat?post=581568"},{"taxonomy":"product_tag","embeddable":true,"href":"https:\/\/nbg.eu\/de\/wp-json\/wp\/v2\/product_tag?post=581568"}],"curies":[{"name":"wp","href":"https:\/\/api.w.org\/{rel}","templated":true}]}}