{"id":58278,"date":"2024-02-20T19:05:47","date_gmt":"2024-02-20T19:05:47","guid":{"rendered":"https:\/\/nbg.eu\/product\/grovtec-heavy-duty-push-button-qd-sling-swivel\/"},"modified":"2026-04-22T11:40:14","modified_gmt":"2026-04-22T08:40:14","slug":"grovtec-heavy-duty-druckknopf-qd-riemen-drehwirbel","status":"publish","type":"product","link":"https:\/\/nbg.eu\/de\/produkt\/grovtec-heavy-duty-druckknopf-qd-riemen-drehwirbel\/","title":{"rendered":"Geissele QD Riemenb\u00fcgel GROVTEC Heavy Duty"},"content":{"rendered":"<p>Der GROVTEC Druckknopf-Riemenb\u00fcgel f\u00fcr 1-1\/4&#8243; Riemen hat folgende Eigenschaften:<\/p>\n<ul>\n<li>Zuggetestet bis zu 204 kg<\/li>\n<li>Manganphosphat-Oberfl\u00e4che<\/li>\n<li>Druckknopf-Mechanismus zur schnellen Abnahme<\/li>\n<li>Robuste Konstruktion<\/li>\n<\/ul>\n<p>Ein Zubeh\u00f6rteil f\u00fcr Schusswaffen.<\/p>\n","protected":false},"excerpt":{"rendered":"<p>Robuster 1,25-Zoll-Riemenb\u00fcgel, 450 Pfund getestet, mit Druckknopf-Schnellverschluss und matter Oberfl\u00e4che.<\/p>\n","protected":false},"featured_media":680897,"template":"","meta":{"_acf_changed":false},"product_brand":[11387],"product_cat":[12068,14943,12043],"product_tag":[],"class_list":{"0":"post-58278","1":"product","2":"type-product","3":"status-publish","4":"has-post-thumbnail","6":"product_brand-geissele","7":"product_cat-gewehr-tuning","8":"product_cat-sling-swivels-de","9":"product_cat-trageriemen","11":"first","12":"instock","13":"taxable","14":"shipping-taxable","15":"product-type-simple"},"acf":[],"_links":{"self":[{"href":"https:\/\/nbg.eu\/de\/wp-json\/wp\/v2\/product\/58278","targetHints":{"allow":["GET"]}}],"collection":[{"href":"https:\/\/nbg.eu\/de\/wp-json\/wp\/v2\/product"}],"about":[{"href":"https:\/\/nbg.eu\/de\/wp-json\/wp\/v2\/types\/product"}],"wp:featuredmedia":[{"embeddable":true,"href":"https:\/\/nbg.eu\/de\/wp-json\/wp\/v2\/media\/680897"}],"wp:attachment":[{"href":"https:\/\/nbg.eu\/de\/wp-json\/wp\/v2\/media?parent=58278"}],"wp:term":[{"taxonomy":"product_brand","embeddable":true,"href":"https:\/\/nbg.eu\/de\/wp-json\/wp\/v2\/product_brand?post=58278"},{"taxonomy":"product_cat","embeddable":true,"href":"https:\/\/nbg.eu\/de\/wp-json\/wp\/v2\/product_cat?post=58278"},{"taxonomy":"product_tag","embeddable":true,"href":"https:\/\/nbg.eu\/de\/wp-json\/wp\/v2\/product_tag?post=58278"}],"curies":[{"name":"wp","href":"https:\/\/api.w.org\/{rel}","templated":true}]}}