{"id":582870,"date":"2025-10-10T12:39:54","date_gmt":"2025-10-10T09:39:54","guid":{"rendered":"https:\/\/nbg.eu\/product\/barwarus-muzzle-break-bulldog-m24x1-5rh-black\/"},"modified":"2026-01-21T11:34:38","modified_gmt":"2026-01-21T08:34:38","slug":"barwarus-muzzle-break-bulldog-m24x1-5rh-black","status":"publish","type":"product","link":"https:\/\/nbg.eu\/de\/produkt\/barwarus-muzzle-break-bulldog-m24x1-5rh-black\/","title":{"rendered":"BARWARUS MUZZLE BREAK BULLDOG M24X1.5RH BLACK"},"content":{"rendered":"<div class=\"product-description\">\n<h1>BARWARUS Bulldog 021 Stahl M24x1.5 RH Russischer Kompensator<\/h1>\n<p>Version II des BARWARUS Bulldog M\u00fcndungsbremse f\u00fcr 5,45 und 7,62 Kaliber Gewehre. Dieser Kompensator ist aus Stahl gefertigt und hat eine schwarze Schutzschicht.<\/p>\n<h2>Hauptmerkmale:<\/h2>\n<ul>\n<li>M24x1.5 RH (rechtsdrehendes) Au\u00dfengewinde<\/li>\n<li>Zur R\u00fccksto\u00dfreduzierung entwickelt<\/li>\n<li>Aus Stahl hergestellt<\/li>\n<li>Schwarze Schutzschicht<\/li>\n<\/ul>\n<p>Der BARWARUS Bulldog 021 Kompensator reduziert den R\u00fccksto\u00df und erm\u00f6glicht schnellere Folgesch\u00fcsse. Seine Konstruktion gew\u00e4hrleistet Leistung unter verschiedenen Schie\u00dfbedingungen.<\/p>\n<p>Der BARWARUS Bulldog 021 kann die Schie\u00dfpr\u00e4zision und -kontrolle verbessern.<\/p>\n<\/div>\n","protected":false},"excerpt":{"rendered":"<p>Stahl-M\u00fcndungsbremse f\u00fcr Gewehre. Reduziert den R\u00fccksto\u00df. M24x1,5 RH-Gewinde.<\/p>\n","protected":false},"featured_media":582902,"template":"","meta":{"_acf_changed":false},"product_brand":[],"product_cat":[12123],"product_tag":[],"class_list":{"0":"post-582870","1":"product","2":"type-product","3":"status-publish","4":"has-post-thumbnail","6":"product_cat-unkategorisiert","8":"first","9":"outofstock","10":"taxable","11":"shipping-taxable","12":"purchasable","13":"product-type-simple"},"acf":[],"_links":{"self":[{"href":"https:\/\/nbg.eu\/de\/wp-json\/wp\/v2\/product\/582870","targetHints":{"allow":["GET"]}}],"collection":[{"href":"https:\/\/nbg.eu\/de\/wp-json\/wp\/v2\/product"}],"about":[{"href":"https:\/\/nbg.eu\/de\/wp-json\/wp\/v2\/types\/product"}],"wp:featuredmedia":[{"embeddable":true,"href":"https:\/\/nbg.eu\/de\/wp-json\/wp\/v2\/media\/582902"}],"wp:attachment":[{"href":"https:\/\/nbg.eu\/de\/wp-json\/wp\/v2\/media?parent=582870"}],"wp:term":[{"taxonomy":"product_brand","embeddable":true,"href":"https:\/\/nbg.eu\/de\/wp-json\/wp\/v2\/product_brand?post=582870"},{"taxonomy":"product_cat","embeddable":true,"href":"https:\/\/nbg.eu\/de\/wp-json\/wp\/v2\/product_cat?post=582870"},{"taxonomy":"product_tag","embeddable":true,"href":"https:\/\/nbg.eu\/de\/wp-json\/wp\/v2\/product_tag?post=582870"}],"curies":[{"name":"wp","href":"https:\/\/api.w.org\/{rel}","templated":true}]}}