{"id":583516,"date":"2025-10-08T23:38:14","date_gmt":"2025-10-08T20:38:14","guid":{"rendered":"https:\/\/nbg.eu\/product\/bipod-harris-s-brm-notch-rotate-6-9\/"},"modified":"2026-01-21T12:15:52","modified_gmt":"2026-01-21T09:15:52","slug":"zweibein-harris-s-brm-kerbe-drehbar-6-9","status":"publish","type":"product","link":"https:\/\/nbg.eu\/de\/produkt\/zweibein-harris-s-brm-kerbe-drehbar-6-9\/","title":{"rendered":"Zweibein Harris &#8211; S &#8211; BRM Kerbe Drehbar 6-9&#8243;"},"content":{"rendered":"<div class=\"product-description\">\n<h2>Harris 15,2 cm &#8211; 22,9 cm Schwenkbares Zweibein mit Beineinkerbungen BRM-S<\/h2>\n<p>Das Harris 15,2 cm &#8211; 22,9 cm Schwenkbare Zweibein (BRM-S) bietet folgende Eigenschaften:<\/p>\n<ul>\n<li>Verstellbare Beine von 15,2 cm bis 22,9 cm<\/li>\n<li>Benchrest f\u00fcr zus\u00e4tzliche Stabilit\u00e4t<\/li>\n<li>Schwenkfunktion f\u00fcr unebenes Gel\u00e4nde<\/li>\n<li>Beineinkerbungen f\u00fcr pr\u00e4zise H\u00f6heneinstellung<\/li>\n<\/ul>\n<p>Mit einer geschlossenen Breite von 7 cm und einer offenen Breite von 18,4 cm wiegt dieses Zweibein 227 g. Das Harris BRM-S Zweibein ist f\u00fcr verschiedene Schie\u00dfpositionen geeignet.<\/p>\n<p>Artikelnummer: Harris-BRM-S | UPC: 051156113090 | Herstellernummer: S-BRM<\/p>\n<\/div>\n","protected":false},"excerpt":{"rendered":"<p>Verstellbares 6-9&#8243; Schwenkzweibein mit geriffelten Beinen. Bereit f\u00fcr den Benchrest-Einsatz.<\/p>\n","protected":false},"featured_media":583552,"template":"","meta":{"_acf_changed":false},"product_brand":[12015],"product_cat":[12086],"product_tag":[],"class_list":{"0":"post-583516","1":"product","2":"type-product","3":"status-publish","4":"has-post-thumbnail","6":"product_brand-harris-bipods","7":"product_cat-zweibeine","9":"first","10":"outofstock","11":"taxable","12":"shipping-taxable","13":"purchasable","14":"product-type-simple"},"acf":[],"_links":{"self":[{"href":"https:\/\/nbg.eu\/de\/wp-json\/wp\/v2\/product\/583516","targetHints":{"allow":["GET"]}}],"collection":[{"href":"https:\/\/nbg.eu\/de\/wp-json\/wp\/v2\/product"}],"about":[{"href":"https:\/\/nbg.eu\/de\/wp-json\/wp\/v2\/types\/product"}],"wp:featuredmedia":[{"embeddable":true,"href":"https:\/\/nbg.eu\/de\/wp-json\/wp\/v2\/media\/583552"}],"wp:attachment":[{"href":"https:\/\/nbg.eu\/de\/wp-json\/wp\/v2\/media?parent=583516"}],"wp:term":[{"taxonomy":"product_brand","embeddable":true,"href":"https:\/\/nbg.eu\/de\/wp-json\/wp\/v2\/product_brand?post=583516"},{"taxonomy":"product_cat","embeddable":true,"href":"https:\/\/nbg.eu\/de\/wp-json\/wp\/v2\/product_cat?post=583516"},{"taxonomy":"product_tag","embeddable":true,"href":"https:\/\/nbg.eu\/de\/wp-json\/wp\/v2\/product_tag?post=583516"}],"curies":[{"name":"wp","href":"https:\/\/api.w.org\/{rel}","templated":true}]}}