{"id":65330,"date":"2024-09-19T17:15:31","date_gmt":"2024-09-19T14:15:31","guid":{"rendered":"https:\/\/nbg.eu\/?post_type=product&#038;p=65330"},"modified":"2026-01-21T12:23:44","modified_gmt":"2026-01-21T09:23:44","slug":"rh-owb-classics-holster","status":"publish","type":"product","link":"https:\/\/nbg.eu\/de\/produkt\/rh-owb-classics-holster\/","title":{"rendered":"RH OWB Classics Holster"},"content":{"rendered":"<div class=\"product-description\">\n<h2>RH OWB Klassisches Holster<\/h2>\n<p>Das RH OWB Klassische Holster ist ein Au\u00dfenholster f\u00fcr den t\u00e4glichen Gebrauch. Es ist aus Leder gefertigt und bietet:<\/p>\n<ul>\n<li>Robuste Konstruktion f\u00fcr langfristigen Gebrauch<\/li>\n<li>Bequeme Passform f\u00fcr ganzt\u00e4giges Tragen<\/li>\n<li>Sichere Halterung f\u00fcr die Waffe<\/li>\n<li>Schnelles Ziehen der Waffe<\/li>\n<li>Klassisches Design<\/li>\n<\/ul>\n<p>Erh\u00e4ltlich f\u00fcr verschiedene Handfeuerwaffen-Modelle. Geeignet f\u00fcr verdecktes Tragen, Schie\u00df\u00fcbungen oder offenes Tragen.<\/p>\n<\/div>\n","protected":false},"excerpt":{"rendered":"<p>Sichere, komfortable OWB-Holster f\u00fcr klassische Schusswaffen. Langlebiges Design.<\/p>\n","protected":false},"featured_media":65450,"template":"","meta":{"_acf_changed":false},"product_brand":[11634],"product_cat":[12113,12094,12080],"product_tag":[],"class_list":{"0":"post-65330","1":"product","2":"type-product","3":"status-publish","4":"has-post-thumbnail","6":"product_brand-rh-holsters","7":"product_cat-holster","8":"product_cat-sport-holster","9":"product_cat-taktisches-holster","11":"first","12":"instock","13":"taxable","14":"shipping-taxable","15":"purchasable","16":"product-type-variable","17":"wvs-archive-product-wrapper"},"acf":[],"_links":{"self":[{"href":"https:\/\/nbg.eu\/de\/wp-json\/wp\/v2\/product\/65330","targetHints":{"allow":["GET"]}}],"collection":[{"href":"https:\/\/nbg.eu\/de\/wp-json\/wp\/v2\/product"}],"about":[{"href":"https:\/\/nbg.eu\/de\/wp-json\/wp\/v2\/types\/product"}],"wp:featuredmedia":[{"embeddable":true,"href":"https:\/\/nbg.eu\/de\/wp-json\/wp\/v2\/media\/65450"}],"wp:attachment":[{"href":"https:\/\/nbg.eu\/de\/wp-json\/wp\/v2\/media?parent=65330"}],"wp:term":[{"taxonomy":"product_brand","embeddable":true,"href":"https:\/\/nbg.eu\/de\/wp-json\/wp\/v2\/product_brand?post=65330"},{"taxonomy":"product_cat","embeddable":true,"href":"https:\/\/nbg.eu\/de\/wp-json\/wp\/v2\/product_cat?post=65330"},{"taxonomy":"product_tag","embeddable":true,"href":"https:\/\/nbg.eu\/de\/wp-json\/wp\/v2\/product_tag?post=65330"}],"curies":[{"name":"wp","href":"https:\/\/api.w.org\/{rel}","templated":true}]}}