{"id":67072,"date":"2024-01-13T13:29:38","date_gmt":"2024-01-13T13:29:38","guid":{"rendered":"https:\/\/nbg.eu\/product\/surefire-x300u-a\/"},"modified":"2026-01-21T11:28:30","modified_gmt":"2026-01-21T08:28:30","slug":"surefire-x300u-a","status":"publish","type":"product","link":"https:\/\/nbg.eu\/de\/produkt\/surefire-x300u-a\/","title":{"rendered":"SureFire X300U-A"},"content":{"rendered":"<div class=\"product-description\">\n<h2>SureFire X300U-A Taktische Waffenleuchte<\/h2>\n<p>Die SureFire X300U-A ist eine taktische Leuchte f\u00fcr professionelle Anwender. Sie liefert eine Leistung von 1.000 Lumen, fokussiert durch eine TIR-Linse.<\/p>\n<ul>\n<li>Schnellverschluss-System zur schnellen Befestigung\/Entfernung<\/li>\n<li>Beidseitige Bedienung f\u00fcr sofortige Aktivierung<\/li>\n<li>Geh\u00e4use aus Luft- und Raumfahrt-Aluminium mit hartanodisierter Oberfl\u00e4che nach Milit\u00e4rstandard<\/li>\n<li>IPX7 wasserdicht (1 Meter f\u00fcr 30 Minuten)<\/li>\n<li>1,25 Stunden Laufzeit mit zwei mitgelieferten 123A Lithium-Batterien<\/li>\n<li>Kompaktes Design: 9,55 cm lang, Gewicht 113 g<\/li>\n<\/ul>\n<p>Die SureFire X300U-A beleuchtet Ziele auf gro\u00dfe Entfernungen.<\/p>\n<\/div>\n","protected":false},"excerpt":{"rendered":"<p>SureFire X300U-A: 1000-Lumen taktische Leuchte f\u00fcr Handfeuerwaffen und Gewehre.<\/p>\n","protected":false},"featured_media":680544,"template":"","meta":{"_acf_changed":false},"product_brand":[11870],"product_cat":[12038,12077,12055],"product_tag":[],"class_list":{"0":"post-67072","1":"product","2":"type-product","3":"status-publish","4":"has-post-thumbnail","6":"product_brand-surefire","7":"product_cat-lichter","8":"product_cat-pistole","9":"product_cat-pistolenlichter","11":"first","12":"instock","13":"taxable","14":"shipping-taxable","15":"purchasable","16":"product-type-variable","17":"wvs-archive-product-wrapper"},"acf":[],"_links":{"self":[{"href":"https:\/\/nbg.eu\/de\/wp-json\/wp\/v2\/product\/67072","targetHints":{"allow":["GET"]}}],"collection":[{"href":"https:\/\/nbg.eu\/de\/wp-json\/wp\/v2\/product"}],"about":[{"href":"https:\/\/nbg.eu\/de\/wp-json\/wp\/v2\/types\/product"}],"wp:featuredmedia":[{"embeddable":true,"href":"https:\/\/nbg.eu\/de\/wp-json\/wp\/v2\/media\/680544"}],"wp:attachment":[{"href":"https:\/\/nbg.eu\/de\/wp-json\/wp\/v2\/media?parent=67072"}],"wp:term":[{"taxonomy":"product_brand","embeddable":true,"href":"https:\/\/nbg.eu\/de\/wp-json\/wp\/v2\/product_brand?post=67072"},{"taxonomy":"product_cat","embeddable":true,"href":"https:\/\/nbg.eu\/de\/wp-json\/wp\/v2\/product_cat?post=67072"},{"taxonomy":"product_tag","embeddable":true,"href":"https:\/\/nbg.eu\/de\/wp-json\/wp\/v2\/product_tag?post=67072"}],"curies":[{"name":"wp","href":"https:\/\/api.w.org\/{rel}","templated":true}]}}