{"id":672191,"date":"2025-11-17T17:17:59","date_gmt":"2025-11-17T14:17:59","guid":{"rendered":"https:\/\/nbg.eu\/product\/waermebildkamera-nocpix-vista-s50r-mit-lrf-1280x1024-15mk-netd\/"},"modified":"2026-04-14T15:58:38","modified_gmt":"2026-04-14T12:58:38","slug":"waermebildkamera-nocpix-vista-s50r-mit-lrf-1280x1024-15mk-netd","status":"publish","type":"product","link":"https:\/\/nbg.eu\/de\/produkt\/waermebildkamera-nocpix-vista-s50r-mit-lrf-1280x1024-15mk-netd\/","title":{"rendered":"Nocpix W\u00e4rmebildkamera VISTA S50R LRF"},"content":{"rendered":"<h2>W\u00e4rmebild-Kamera Nocpix VISTA S50R mit LRF 1280&#215;1024 \u226415mK NETD<\/h2>\n<p>Das Vista-Vision+-System mit seinem 2560\u00d72560-AMOLED-Display und 8mm-Austrittspupillendurchmesser bietet ein immersives Seherlebnis. Ausgestattet mit einem hochwertigeren Sensor und integriertem LRF liefert Vista die h\u00f6chste Leistung in der Branche. Sein benutzerfreundliches Design und die verbesserte Batteriel\u00f6sung machen es zum idealen Begleiter, um Herausforderungen im Freien zu meistern.<\/p>\n<h2>Vision+-System: Immersives Sehen<\/h2>\n<p>Ein runder AMOLED-Bildschirm mit 2560\u00d72560 Pixel optimiert die r\u00e4umliche Effizienz und liefert lebendige Bilder. Mit einem Austrittspupillendurchmesser von 8 mm und dem Pure-Vision-Modus bietet Vista ein komfortables und immersives Seherlebnis.<\/p>\n<h2>Hochwertiger Sensor: Erstklassige Bildqualit\u00e4t<\/h2>\n<p>Unser selbst entwickelter NETD \u226415mk 1280\u00d71024@12\u03bcm Sensor gew\u00e4hrleistet eine hohe Bildqualit\u00e4t und stabile Leistung. Tierkonturen, Anatomie und Verhaltensmerkmale werden leicht erkennbar.<\/p>\n<h2>Integrierter LRF: Pr\u00e4zision und Tragbarkeit<\/h2>\n<p>Unser 2-in-1-integrierter Entfernungsmesser (LRF 1200 m) kombiniert elegant Optik und echte optische Achsenausrichtung. Dieses leichte, kompakte Design nutzt minimale Linsenfl\u00e4che, w\u00e4hrend es eine makellose Bildqualit\u00e4t beibeh\u00e4lt.<\/p>\n<h2>60-Hz-Bildrate: Nahtlose Bewegungserfassung<\/h2>\n<p>Mit einem 60-Hz-Detektor bietet Vista eine \u00fcberlegene Geschmeidigkeit, die eine pr\u00e4zise Erfassung von Tieren in Bewegung und Hochgeschwindigkeitsszenen erm\u00f6glicht. Dieses signifikante Upgrade von 50 Hz sorgt f\u00fcr eine reibungslosere und genauere Visualisierung.<\/p>\n<h2>F0.9-Linse: Verbesserte Lichtaufnahme<\/h2>\n<p>Die F0.9-Linse ist darauf ausgelegt, die Lichtaufnahme um 20% zu verbessern, was die Helligkeit und Bildqualit\u00e4t im Vergleich zu herk\u00f6mmlichen F1.0-Linsen deutlich erh\u00f6ht. Diese Weiterentwicklung stellt sicher, dass jedes Detail brillant klar ist, was Vista zum idealen Begleiter f\u00fcr Nachtbeobachtungen macht.<\/p>\n<h2>Flexibles Aufladen: Austauschbare Batterien f\u00fcr erweiterten Betrieb<\/h2>\n<p>Vista bietet zwei Ladem\u00f6glichkeiten: austauschbare IBP-7\/4400mAh-Batterien, die einfach gewechselt werden k\u00f6nnen, oder direktes Aufladen \u00fcber den integrierten Anschluss. Dies gew\u00e4hrleistet einen kontinuierlichen Betrieb, damit Sie sich auf die Jagd konzentrieren k\u00f6nnen, ohne sich um Batterieprobleme k\u00fcmmern zu m\u00fcssen.<\/p>\n<h2>Gro\u00dfes Sichtfeld: Verbesserte Umgebungswahrnehmung<\/h2>\n<p>Mit seiner \u00fcberlegenen 2X-Prim\u00e4rvergr\u00f6\u00dferung und dem weiten Sichtfeld bietet der Vista S50R eine au\u00dfergew\u00f6hnliche Perspektive auf Ihre Umgebung. Dies erm\u00f6glicht es Ihnen, mehrere Ziele \u00fcber weite Landschaften hinweg m\u00fchelos zu erkennen und zu \u00fcberwachen, sodass jede Bewegung mit Klarheit erfasst wird.<\/p>\n<h2>Verschiedene Farbpaletten<\/h2>\n<p>Vista bietet 7 verschiedene Farbpaletten, einschlie\u00dflich rot und rein gr\u00fcn-monochromer Modi. Diese augenschonenden Optionen helfen, Augenm\u00fcdigkeit zu reduzieren, sodass Sie das Ger\u00e4t \u00fcber l\u00e4ngere Zeitr\u00e4ume erm\u00fcdungsfrei verwenden k\u00f6nnen.<\/p>\n<h2>Benutzerfreundliches Design<\/h2>\n<p>Die leisen Tasten von Vista erm\u00f6glichen einen diskreten Einsatz in der Dunkelheit, w\u00e4hrend die drehbare Augenmuschel Leckagen verhindert und Ihr Vorhandensein vor Tieren verborgen h\u00e4lt. Die vollst\u00e4ndige TPU-Lederoptik-Ummantelung bietet einen komfortablen Griff, was den Langzeiteinsatz m\u00fchelos macht.<\/p>\n","protected":false},"excerpt":{"rendered":"<p>Nocpix VISTA S50R mit LRF 1280&#215;1024 &lt;15mK NETD: Immersives 2560&#215;2560 AMOLED-Display, \u00fcberlegener 1280&#215;1024-Sensor, integrierter LRF, F0,9-Objektiv, 60Hz-Bildrate, flexibles Laden, gro\u00dfes Sichtfeld und benutzerfreundliches Design.<\/p>\n<p>Wenn der Artikel nicht verf\u00fcgbar ist, kontaktieren Sie uns bitte: shop@nbg.eu oder +359896147790<\/p>\n","protected":false},"featured_media":672433,"template":"","meta":{"_acf_changed":false},"product_brand":[14447],"product_cat":[16076,12078],"product_tag":[],"class_list":{"0":"post-672191","1":"product","2":"type-product","3":"status-publish","4":"has-post-thumbnail","6":"product_brand-nocpix","7":"product_cat-thermal-cameras-de","8":"product_cat-waermebildgeraete","10":"first","11":"instock","12":"taxable","13":"shipping-taxable","14":"purchasable","15":"product-type-simple"},"acf":[],"_links":{"self":[{"href":"https:\/\/nbg.eu\/de\/wp-json\/wp\/v2\/product\/672191","targetHints":{"allow":["GET"]}}],"collection":[{"href":"https:\/\/nbg.eu\/de\/wp-json\/wp\/v2\/product"}],"about":[{"href":"https:\/\/nbg.eu\/de\/wp-json\/wp\/v2\/types\/product"}],"wp:featuredmedia":[{"embeddable":true,"href":"https:\/\/nbg.eu\/de\/wp-json\/wp\/v2\/media\/672433"}],"wp:attachment":[{"href":"https:\/\/nbg.eu\/de\/wp-json\/wp\/v2\/media?parent=672191"}],"wp:term":[{"taxonomy":"product_brand","embeddable":true,"href":"https:\/\/nbg.eu\/de\/wp-json\/wp\/v2\/product_brand?post=672191"},{"taxonomy":"product_cat","embeddable":true,"href":"https:\/\/nbg.eu\/de\/wp-json\/wp\/v2\/product_cat?post=672191"},{"taxonomy":"product_tag","embeddable":true,"href":"https:\/\/nbg.eu\/de\/wp-json\/wp\/v2\/product_tag?post=672191"}],"curies":[{"name":"wp","href":"https:\/\/api.w.org\/{rel}","templated":true}]}}