{"id":673417,"date":"2025-11-17T17:24:54","date_gmt":"2025-11-17T14:24:54","guid":{"rendered":"https:\/\/nbg.eu\/product\/waermebild-kamera-nocpix-vista-h50r-mit-lrf-50-mm-12-%ce%bcm-640x512-15-mk-netd\/"},"modified":"2026-04-14T15:58:35","modified_gmt":"2026-04-14T12:58:35","slug":"waermebild-kamera-nocpix-vista-h50r-mit-lrf-50-mm-12-%ce%bcm-640x512-15-mk-netd","status":"publish","type":"product","link":"https:\/\/nbg.eu\/de\/produkt\/waermebild-kamera-nocpix-vista-h50r-mit-lrf-50-mm-12-%ce%bcm-640x512-15-mk-netd\/","title":{"rendered":"Nocpix W\u00e4rmebildkamera VISTA H50R LRF"},"content":{"rendered":"<h2>Nocpix VISTA H50R &#8211; Hochmoderne W\u00e4rmebildkamera mit Laserdistanzmesser<\/h2>\n<p>Die Nocpix VISTA H50R ist eine hochmoderne W\u00e4rmebildkamera mit einem integrierten Laserdistanzmesser (LRF), die f\u00fcr den Tag- und Nachtbetrieb ausgelegt ist. Sie liefert eine hervorragende Bildqualit\u00e4t auch unter widrigen Wetterbedingungen wie Nebel, Smog und Regen und kann Ziele durch Hindernisse wie \u00c4ste, hohes Gras und dichtes Gestr\u00fcpp erkennen, die normalerweise die Sicht behindern.<\/p>\n<p>Die VISTA H50R ist \u00e4u\u00dferst vielseitig und f\u00fcr eine Reihe von Anwendungen geeignet, darunter Jagd, Sicherheit, \u00dcberwachung, Gel\u00e4ndenavigation und Such- und Rettungseins\u00e4tze. Ihre fortschrittliche W\u00e4rmebildtechnologie gew\u00e4hrleistet eine zuverl\u00e4ssige Leistung und liefert klare Bilder und genaue Messungen in anspruchsvollen Umgebungen.<\/p>\n<h2>Spezifikationen:<\/h2>\n<p>Aufl\u00f6sung: 640 x 512<br \/>\nPixelgr\u00f6\u00dfe: 12<br \/>\nNETD, mK: \u226415<br \/>\nBildfrequenz: 50<br \/>\nObjektiv: 50mm F0,9<br \/>\nSichtfeld: 8,8 x 7,0<br \/>\nSichtfeld (linear): 15 x 12<br \/>\nVergr\u00f6\u00dferung: 4~40<br \/>\nErfassungsreichweite: 2600<br \/>\nAugenabstand: 25<br \/>\nAustrittspupillendurchmesser: 8<br \/>\nDioptrienausgleich: -4 ~ +6<br \/>\nDisplaytyp: AMOLED<br \/>\nDisplayaufl\u00f6sung: 2560 x 2560<br \/>\nBatterie: Austauschbarer Lithium-Ionen-Akku IBP-7 \/ 4400mAh<br \/>\nMax. Betriebszeit: 5,5<br \/>\nEntfernungsmessbereich: 1200<br \/>\nLaser: Klasse 1<br \/>\nWLAN\/App: JA<br \/>\nMikrofon: JA<br \/>\nSpeicherkapazit\u00e4t: 64GB<br \/>\nIP-Schutzart: IP67<br \/>\nMax. Betriebstemperatur: -20 ~ +50<br \/>\nGewicht (Unzen): 22,93<br \/>\nGewicht (g): 650<br \/>\nAbmessungen (in): 7,64 x 2,76 x 3,23<br \/>\nAbmessungen (mm): 194 x 70 x 82<\/p>\n<p>640\u00d7512 12\u03bcm-Detektor<br \/>\nNETD\u226415mK<br \/>\n60Hz Hochfrequenzrate<br \/>\nF0,9-Objektiv<br \/>\nAMOLED 2560\u00d72560 kreisf\u00f6rmiges Display<br \/>\nIBP-7 schnell wechselbarer, wiederaufladbarer Akku<br \/>\nGlatter digitaler Zoom: 1\u00d7~8\u00d7<br \/>\nUltra Clean-Modus<br \/>\nAugenschutz mit niedriger Helligkeit, Farbpalette und warmem Ton<br \/>\nElektronische Bildstabilisierung<\/p>\n","protected":false},"excerpt":{"rendered":"<p>Der Nocpix VISTA H50R ist eine 640\u00d7512 12um W\u00e4rmebildkamera mit \u226415mK NETD, einem 50mm F0,9 Objektiv und einem integrierten Laser-Entfernungsmesser, f\u00fcr Jagd, Sicherheit und mehr.<\/p>\n<p>Wenn der Artikel nicht verf\u00fcgbar ist, wenden Sie sich bitte an uns: shop@nbg.eu oder +359896147790<\/p>\n","protected":false},"featured_media":673463,"template":"","meta":{"_acf_changed":false},"product_brand":[14447],"product_cat":[16076,12078],"product_tag":[],"class_list":{"0":"post-673417","1":"product","2":"type-product","3":"status-publish","4":"has-post-thumbnail","6":"product_brand-nocpix","7":"product_cat-thermal-cameras-de","8":"product_cat-waermebildgeraete","10":"first","11":"instock","12":"taxable","13":"shipping-taxable","14":"purchasable","15":"product-type-simple"},"acf":[],"_links":{"self":[{"href":"https:\/\/nbg.eu\/de\/wp-json\/wp\/v2\/product\/673417","targetHints":{"allow":["GET"]}}],"collection":[{"href":"https:\/\/nbg.eu\/de\/wp-json\/wp\/v2\/product"}],"about":[{"href":"https:\/\/nbg.eu\/de\/wp-json\/wp\/v2\/types\/product"}],"wp:featuredmedia":[{"embeddable":true,"href":"https:\/\/nbg.eu\/de\/wp-json\/wp\/v2\/media\/673463"}],"wp:attachment":[{"href":"https:\/\/nbg.eu\/de\/wp-json\/wp\/v2\/media?parent=673417"}],"wp:term":[{"taxonomy":"product_brand","embeddable":true,"href":"https:\/\/nbg.eu\/de\/wp-json\/wp\/v2\/product_brand?post=673417"},{"taxonomy":"product_cat","embeddable":true,"href":"https:\/\/nbg.eu\/de\/wp-json\/wp\/v2\/product_cat?post=673417"},{"taxonomy":"product_tag","embeddable":true,"href":"https:\/\/nbg.eu\/de\/wp-json\/wp\/v2\/product_tag?post=673417"}],"curies":[{"name":"wp","href":"https:\/\/api.w.org\/{rel}","templated":true}]}}