{"id":673812,"date":"2025-11-17T17:24:57","date_gmt":"2025-11-17T14:24:57","guid":{"rendered":"https:\/\/nbg.eu\/product\/thermalkamera-nocpix-vista-h35r-mit-lrf-35mm-12um-640x512-15mk-net\/"},"modified":"2026-04-14T15:58:32","modified_gmt":"2026-04-14T12:58:32","slug":"thermalkamera-nocpix-vista-h35r-mit-lrf-35mm-12um-640x512-15mk-net","status":"publish","type":"product","link":"https:\/\/nbg.eu\/de\/produkt\/thermalkamera-nocpix-vista-h35r-mit-lrf-35mm-12um-640x512-15mk-net\/","title":{"rendered":"Nocpix W\u00e4rmebildkamera VISTA H35R LRF"},"content":{"rendered":"<h2>Nocpix VISTA H35R Thermisches Fernglas mit Laser-Entfernungsmesser<\/h2>\n<p>Der Nocpix VISTA H35R ist ein multifunktionales thermisches Fernglas mit eingebautem Laser-Entfernungsmesser (LRF), das sowohl f\u00fcr den Tag- als auch Nachtbetrieb konzipiert ist. Dieses fortschrittliche Ger\u00e4t bietet eine hervorragende thermische Bildgebungsleistung und liefert klare und detaillierte Bilder selbst unter schwierigen Wetterbedingungen wie Nebel, Smog und Regen. Es kann Ziele durch Hindernisse wie \u00c4ste, hohes Gras und dichten Bewuchs erfassen, was einen effektiven Einsatz in Umgebungen erm\u00f6glicht, in denen herk\u00f6mmliche Optiken unzureichend sind.<\/p>\n<p>Ideal f\u00fcr eine Vielzahl von Anwendungen, ist der VISTA H35R perfekt f\u00fcr die Jagd, \u00dcberwachung, Sicherheit, Gel\u00e4ndenavigation sowie Such- und Rettungseins\u00e4tze. Mit seiner hochmodernen Technologie und robusten Bauweise garantiert der VISTA H35R eine pr\u00e4zise Erfassung und Messung unter den schwierigsten Bedingungen.<\/p>\n<h2>Spezifikationen<\/h2>\n<p>Aufl\u00f6sung: 640 x 512<br \/>\nPixelgr\u00f6\u00dfe: 12<br \/>\nNETD, mK: \u226415<br \/>\nBildrate: 50<br \/>\nObjektiv: 35mm F0.9<br \/>\nSichtfeld: 12.5 x 10.0<br \/>\nSichtfeld (linear): 22 x 18<br \/>\nVergr\u00f6\u00dferung: 3~28<br \/>\nErfassungsreichweite: 1800<br \/>\nAugenabstand: 25<br \/>\nAustrittspupillendurchmesser: 8<br \/>\nDioptrieneinstellung: -4 ~ +6<br \/>\nDisplaytyp: AMOLED<br \/>\nDisplayaufl\u00f6sung: 2560 x 2560<br \/>\nBatterie: Austauschbarer Lithium-Ionen-Akku IBP-7 \/ 4400mAh<br \/>\nMax. Betriebszeit: 5.5<br \/>\nEntfernungsmessbereich: 1200<br \/>\nLaser: Klasse 1<br \/>\nWLAN\/App: JA<br \/>\nMikrofon: JA<br \/>\nSpeicherkapazit\u00e4t: 64GB<br \/>\nIP-Schutzart: IP67<br \/>\nMax. Betriebstemperatur: -20 ~ +50<br \/>\nGewicht (Unzen): 22.58<br \/>\nGewicht (g): 640<br \/>\nAbmessungen (in): 7.48 x 2.64 x 3.11<br \/>\nAbmessungen (mm): 190 x 67 x 79<\/p>\n<h2>Merkmale<\/h2>\n<p>640\u00d7512 12\u03bcm-Detektor<br \/>\nNETD\u226415mK<br \/>\n60Hz hohe Bildrate<br \/>\nF0.9-Objektiv<br \/>\nAMOLED 2560\u00d72560 Kreisf\u00f6rmiges Display<br \/>\nIBP-7 Schnellwechsel-Akku<br \/>\nStufenloser digitaler Zoom: 1\u00d7~8\u00d7<br \/>\nUltrareiner Modus<br \/>\nAugenschutz mit niedriger Helligkeit, Farbpalette und Warmf\u00e4rbung<br \/>\nElektronische Bildstabilisierung<\/p>\n","protected":false},"excerpt":{"rendered":"<p>W\u00e4rmebildkamera Nocpix VISTA H35R mit 35-mm-12-\u03bcm-640\u00d7512-&lt;15-mK-NET und LRF f\u00fcr zuverl\u00e4ssige Tag-\/Nachtnutzung unter schwierigen Bedingungen.<\/p>\n<p>Wenn der Artikel nicht verf\u00fcgbar ist, kontaktieren Sie uns bitte: shop@nbg.eu oder +359896147790<\/p>\n","protected":false},"featured_media":673860,"template":"","meta":{"_acf_changed":false},"product_brand":[14447],"product_cat":[16076,12078],"product_tag":[],"class_list":{"0":"post-673812","1":"product","2":"type-product","3":"status-publish","4":"has-post-thumbnail","6":"product_brand-nocpix","7":"product_cat-thermal-cameras-de","8":"product_cat-waermebildgeraete","10":"first","11":"instock","12":"taxable","13":"shipping-taxable","14":"purchasable","15":"product-type-simple"},"acf":[],"_links":{"self":[{"href":"https:\/\/nbg.eu\/de\/wp-json\/wp\/v2\/product\/673812","targetHints":{"allow":["GET"]}}],"collection":[{"href":"https:\/\/nbg.eu\/de\/wp-json\/wp\/v2\/product"}],"about":[{"href":"https:\/\/nbg.eu\/de\/wp-json\/wp\/v2\/types\/product"}],"wp:featuredmedia":[{"embeddable":true,"href":"https:\/\/nbg.eu\/de\/wp-json\/wp\/v2\/media\/673860"}],"wp:attachment":[{"href":"https:\/\/nbg.eu\/de\/wp-json\/wp\/v2\/media?parent=673812"}],"wp:term":[{"taxonomy":"product_brand","embeddable":true,"href":"https:\/\/nbg.eu\/de\/wp-json\/wp\/v2\/product_brand?post=673812"},{"taxonomy":"product_cat","embeddable":true,"href":"https:\/\/nbg.eu\/de\/wp-json\/wp\/v2\/product_cat?post=673812"},{"taxonomy":"product_tag","embeddable":true,"href":"https:\/\/nbg.eu\/de\/wp-json\/wp\/v2\/product_tag?post=673812"}],"curies":[{"name":"wp","href":"https:\/\/api.w.org\/{rel}","templated":true}]}}