{"id":673995,"date":"2025-11-17T17:25:01","date_gmt":"2025-11-17T14:25:01","guid":{"rendered":"https:\/\/nbg.eu\/product\/thermalsicht-nocpix-slim-l35\/"},"modified":"2026-04-14T15:58:28","modified_gmt":"2026-04-14T12:58:28","slug":"thermalsicht-nocpix-slim-l35","status":"publish","type":"product","link":"https:\/\/nbg.eu\/de\/produkt\/thermalsicht-nocpix-slim-l35\/","title":{"rendered":"Nocpix W\u00e4rmebildzielger\u00e4t Slim L35"},"content":{"rendered":"<h2>Thermalsicht Nocpix Slim L35: Beispielloses Jagdergebnis<\/h2>\n<p>Pr\u00e4sentieren Sie die SLIM-Serie der Zielfernrohre: ein 2-in-1-Handmonokular oder 3,5x-Zielfernrohr (L35). W\u00e4hlen Sie zwischen zwei leistungsstarken Kernen, genie\u00dfen Sie eine OLED-Anzeige mit 1024&#215;768 Aufl\u00f6sung und profitieren Sie von einem austauschbaren 18650-Akku f\u00fcr 10 Stunden Betriebszeit. Erfassen Sie jeden Moment mit Aufnahmen von Einschl\u00e4gen, um keinen Rahmen zu verpassen.<\/p>\n<p>Wechseln Sie nahtlos zwischen manuellen und optischen Visieren, ohne die Nullpunkteinstellung \u00e4ndern zu m\u00fcssen, dank des 2-in-1-Designs mit QD-Montage. Genie\u00dfen Sie erm\u00fcdungsfreies Betrachten mit einem 1024&#215;768 AMOLED-Display, neuem Okulardesign und einem komfortablen Austrittspupillendurchmesser von 10 mm. Mit einem Gewicht von nur 500 g macht das ultraleichte Design einen l\u00e4ngeren Einsatz m\u00fchelos, was Ihre Beweglichkeit im Gel\u00e4nde aufrechterh\u00e4lt.<\/p>\n<p>Hochleistungs-Hauptoptionen &#8211; 384 \u00d7 288 bei 12 \u03bcm oder 640 \u00d7 512 bei 12 \u03bcm, NETD \u2264 18 mK &#8211; bieten eine un\u00fcbertroffene Bildqualit\u00e4t und stellen sicher, dass jedes Detail bei allen Jagdbedingungen mit erstaunlicher Klarheit erfasst wird. Mit der zus\u00e4tzlichen Kraft der Reality+-Technologie erreicht Slim eine Bildqualit\u00e4t, die andere Marken mit Sensoren in der gleichen Klasse \u00fcbertrifft.<\/p>\n<p>Verpassen Sie keinen Schuss mit der RAV-Funktion, mit der Sie Ihre aufregendsten Jagdmomente noch einmal erleben und teilen k\u00f6nnen. Jagen Sie weiter mit einem abnehmbaren, k\u00e4ltebest\u00e4ndigen 18650-Akku, der selbst unter extremen Bedingungen bis zu 8 Stunden Standby-Zeit bietet. Mit einer Prim\u00e4rvergr\u00f6\u00dferung von 3,5x ist der SLIM L35 Ihre Wahl f\u00fcr die Jagd auf lange Distanz, die Koyotejagd genauer und effektiver macht.<\/p>\n","protected":false},"excerpt":{"rendered":"<p>Die SLIM-Zielfernrohr-Serie: ein 2-in-1-Handheld-MONOCULAR oder 3,5x (L35) Zielfernrohr mit 1024&#215;768 OLED, 18650-Batterie, Sto\u00dfaufzeichnung, W\u00e4rmesensor und schnellem Wechsel.<\/p>\n<p>Wenn der Artikel nicht verf\u00fcgbar ist, kontaktieren Sie uns bitte: shop@nbg.eu oder +359896147790<\/p>\n","protected":false},"featured_media":674081,"template":"","meta":{"_acf_changed":false},"product_brand":[14447],"product_cat":[16076],"product_tag":[],"class_list":{"0":"post-673995","1":"product","2":"type-product","3":"status-publish","4":"has-post-thumbnail","6":"product_brand-nocpix","7":"product_cat-thermal-cameras-de","9":"first","10":"instock","11":"taxable","12":"shipping-taxable","13":"purchasable","14":"product-type-simple"},"acf":[],"_links":{"self":[{"href":"https:\/\/nbg.eu\/de\/wp-json\/wp\/v2\/product\/673995","targetHints":{"allow":["GET"]}}],"collection":[{"href":"https:\/\/nbg.eu\/de\/wp-json\/wp\/v2\/product"}],"about":[{"href":"https:\/\/nbg.eu\/de\/wp-json\/wp\/v2\/types\/product"}],"wp:featuredmedia":[{"embeddable":true,"href":"https:\/\/nbg.eu\/de\/wp-json\/wp\/v2\/media\/674081"}],"wp:attachment":[{"href":"https:\/\/nbg.eu\/de\/wp-json\/wp\/v2\/media?parent=673995"}],"wp:term":[{"taxonomy":"product_brand","embeddable":true,"href":"https:\/\/nbg.eu\/de\/wp-json\/wp\/v2\/product_brand?post=673995"},{"taxonomy":"product_cat","embeddable":true,"href":"https:\/\/nbg.eu\/de\/wp-json\/wp\/v2\/product_cat?post=673995"},{"taxonomy":"product_tag","embeddable":true,"href":"https:\/\/nbg.eu\/de\/wp-json\/wp\/v2\/product_tag?post=673995"}],"curies":[{"name":"wp","href":"https:\/\/api.w.org\/{rel}","templated":true}]}}