{"id":674775,"date":"2025-11-17T17:25:02","date_gmt":"2025-11-17T14:25:02","guid":{"rendered":"https:\/\/nbg.eu\/product\/thermal-sight-nocpix-slim-h35\/"},"modified":"2026-04-14T15:58:25","modified_gmt":"2026-04-14T12:58:25","slug":"thermal-sight-nocpix-slim-h35","status":"publish","type":"product","link":"https:\/\/nbg.eu\/de\/produkt\/thermal-sight-nocpix-slim-h35\/","title":{"rendered":"Nocpix W\u00e4rmebildzielger\u00e4t Slim H35"},"content":{"rendered":"<h2>Thermalsicht Nocpix Slim H35 &#8211; Ultraleichte Thermografieausr\u00fcstung mit herausragender Bildqualit\u00e4t<\/h2>\n<p>Stellen Sie sich die SLIM-Serie der Zielfernrohre vor: ein 2-in-1-Handfernrohr oder 3,5x (L35)-Zielfernrohr. W\u00e4hlen Sie zwischen zwei hochleistungsf\u00e4higen Kernen, genie\u00dfen Sie ein 1024&#215;768-OLED-Display und profitieren Sie von einer austauschbaren 18650-Batterie f\u00fcr 10 Stunden Betriebszeit. Erfassen Sie jeden Moment mit Aufprallaufnahmen, um keinen einzigen Frame zu verpassen.<\/p>\n<p>Genie\u00dfen Sie erm\u00fcdungsfreies Betrachten mit einem 1024&#215;768-AMOLED-Display, einem neuen Okulardesign und einem komfortablen Austrittspupillendurchmesser von 10 mm.<\/p>\n<p>Mit einem Gewicht von nur 500 g erm\u00f6glicht das ultraleichte Design einen m\u00fchelos lang anhaltenden Einsatz und h\u00e4lt Sie im Feld beweglich.<\/p>\n<p>Hochleistungsf\u00e4hige Hauptoptionen &#8211; 384&#215;288@12\u03bcm oder 640&#215;512@12\u03bcm, NETD\u226418 mK bieten eine unerreichte Bildqualit\u00e4t, so dass jedes Detail mit atemberaubender Klarheit erfasst wird, unabh\u00e4ngig von den Jagdbedingungen. Mit der zus\u00e4tzlichen Kraft der Reality+-Technologie erreicht der Slim eine Bildqualit\u00e4t, die andere Marken mit Sensoren in der gleichen Klasse \u00fcbertrifft.<\/p>\n<p>Verpassen Sie keinen Schuss mit der RAV-Funktion, die es Ihnen erm\u00f6glicht, Ihre aufregendsten Jagdmomente noch einmal zu erleben und zu teilen.<\/p>\n<p>Bleiben Sie bei der Jagd mit einer abnehmbaren, k\u00e4ltebest\u00e4ndigen 18650-Batterie, die bei extremen Bedingungen bis zu 8 Stunden Standby-Zeit bietet. Sie verf\u00fcgt auch \u00fcber einen magnetischen Ladeanschluss f\u00fcr eine einfache Aufladung, auch bei v\u00f6lliger Dunkelheit.<\/p>\n","protected":false},"excerpt":{"rendered":"<p>Thermalsicht Nocpix Slim H35: 2-in-1 Monokular\/3,5x-Zielfernrohr mit 1024\u00d7768 OLED, 18650-Akku, Sto\u00dfaufnahme.<\/p>\n<p>Wenn der Artikel nicht verf\u00fcgbar ist, kontaktieren Sie uns bitte: shop@nbg.eu oder +359896147790<\/p>\n","protected":false},"featured_media":674893,"template":"","meta":{"_acf_changed":false},"product_brand":[14447],"product_cat":[16076],"product_tag":[],"class_list":{"0":"post-674775","1":"product","2":"type-product","3":"status-publish","4":"has-post-thumbnail","6":"product_brand-nocpix","7":"product_cat-thermal-cameras-de","9":"first","10":"instock","11":"taxable","12":"shipping-taxable","13":"purchasable","14":"product-type-simple"},"acf":[],"_links":{"self":[{"href":"https:\/\/nbg.eu\/de\/wp-json\/wp\/v2\/product\/674775","targetHints":{"allow":["GET"]}}],"collection":[{"href":"https:\/\/nbg.eu\/de\/wp-json\/wp\/v2\/product"}],"about":[{"href":"https:\/\/nbg.eu\/de\/wp-json\/wp\/v2\/types\/product"}],"wp:featuredmedia":[{"embeddable":true,"href":"https:\/\/nbg.eu\/de\/wp-json\/wp\/v2\/media\/674893"}],"wp:attachment":[{"href":"https:\/\/nbg.eu\/de\/wp-json\/wp\/v2\/media?parent=674775"}],"wp:term":[{"taxonomy":"product_brand","embeddable":true,"href":"https:\/\/nbg.eu\/de\/wp-json\/wp\/v2\/product_brand?post=674775"},{"taxonomy":"product_cat","embeddable":true,"href":"https:\/\/nbg.eu\/de\/wp-json\/wp\/v2\/product_cat?post=674775"},{"taxonomy":"product_tag","embeddable":true,"href":"https:\/\/nbg.eu\/de\/wp-json\/wp\/v2\/product_tag?post=674775"}],"curies":[{"name":"wp","href":"https:\/\/api.w.org\/{rel}","templated":true}]}}