{"id":676620,"date":"2025-11-17T17:25:14","date_gmt":"2025-11-17T14:25:14","guid":{"rendered":"https:\/\/nbg.eu\/product\/thermisches-zielfernrohr-nocpix-rico-2-s75r\/"},"modified":"2026-04-14T15:58:21","modified_gmt":"2026-04-14T12:58:21","slug":"thermisches-zielfernrohr-nocpix-rico-2-s75r","status":"publish","type":"product","link":"https:\/\/nbg.eu\/de\/produkt\/thermisches-zielfernrohr-nocpix-rico-2-s75r\/","title":{"rendered":"Nocpix W\u00e4rmebildzielger\u00e4t Rico 2 S75R"},"content":{"rendered":"<h2>Nocpix Rico 2 S75R: Pr\u00e4zision f\u00fcr Weitsch\u00fcsse<\/h2>\n<p>Die Baureihe der W\u00e4rmebildzielfernrohre Nocpix RICO 2 S75R wurde f\u00fcr J\u00e4ger entwickelt, die h\u00f6chste Klarheit, Reichweite und Komfort verlangen. Mit einem branchenf\u00fchrenden W\u00e4rmesensor und hoher Bildrate liefert es eine ultrascharfe Bildqualit\u00e4t, die die Zielidentifizierung und -verfolgung einfach macht. Sein langer Brennweitenbereich und der integrierte Entfernungsmesser erm\u00f6glichen pr\u00e4zise Messungen entfernter Ziele, w\u00e4hrend das fortschrittliche optische Design ein immersives Betrachten ohne Verzerrungen bietet. Mit einem stufenlosen Zoomhebel und au\u00dfergew\u00f6hnlicher Augenentlastung erm\u00f6glicht die Baureihe Nocpix RICO 2 S75R J\u00e4gern ein m\u00fcheloses Anpassen der Vergr\u00f6\u00dferung und komfortables Jagen \u00fcber lange Zeit. Mit seinen innovativen Technologien und nutzerfreundlichem Design erm\u00f6glicht die Nocpix RICO 2 S75R Baureihe Jagden jenseits der bisher m\u00f6glichen Grenzen.<\/p>\n<h2>Leistung auf Spitzenniveau<\/h2>\n<p>Profitieren Sie vom hochwertigen Sensor der zweiten Generation mit 12\u03bcm@60Hz und NETD \u226415mK f\u00fcr scharfe, kontrastreiche Bilder und verbesserte Zielidentifizierung. Die Nocpix RICO 2 S75R ist mit gr\u00f6\u00dferen Objektivlinsen (75 mm\/F1.0, 50 mm\/F1.0, 42 mm\/F1.0) ausgestattet, die eine verbesserte Lichtausbeute f\u00fcr au\u00dfergew\u00f6hnliche Bildsch\u00e4rfe und eine erh\u00f6hte Erkennungsreichweite bieten. Die RICO 2 Serie erm\u00f6glicht Ihnen ein m\u00fcheloses Feintuning der Vergr\u00f6\u00dferung mit einem stufenlosen LPVO-Stil-Zoomhebel, der schnelle und einfache Anpassungen erlaubt, um Ziele in jeder Entfernung pr\u00e4zise zu erfassen. Die RICO 2 Serie bietet eine beeindruckende Erkennungsreichweite von bis zu 3.896 m und gibt Ihnen so einen erheblichen Vorteil bei der Jagd auf Langstrecken und pr\u00e4zisen Zielerfassung.<\/p>\n<h2>Flexible und pr\u00e4zise Zielerfassung<\/h2>\n<p>Die Nocpix RICO 2 S75R ist mit einem integrierten Entfernungsmesser ausgestattet, der Laserentfernungsmessungen bis zu 1.200 m mit wahrer optischer Achsausrichtung bietet, um pr\u00e4zise Entfernungsmessungen zu gew\u00e4hrleisten und gleichzeitig ein schlankes, elegantes Design beizubehalten. Optimieren Sie Ihren Schussansatz mit automatischen ballistischen Berechnungen, indem Sie den integrierten Entfernungsmesser nutzen, um m\u00fchelos pr\u00e4zise Treffer auf weite Distanzen zu landen.<\/p>\n<h2>Au\u00dfergew\u00f6hnlich klare und komfortable Betrachtung<\/h2>\n<p>Das 1,03&#8243; 2560\u00d72560 OLED-Display (S75R), das verzerrungsfreie Okular, die 70 mm Augenentlastung und die 23 mm Austrittspupille bieten eine scharfe, komfortable Betrachtung f\u00fcr l\u00e4ngere Eins\u00e4tze. Das S75R-Modell ist mit einer beispiellosen Entfernung von 70 mm ausgestattet, die maximalen Komfort bei Langzeiteinsatz ohne Erm\u00fcdung der Augen und Augensicherheit gew\u00e4hrleistet.<\/p>\n","protected":false},"excerpt":{"rendered":"<p>Hochmoderner Sensor der zweiten Generation mit 1280&#215;1024 Pixel, flexibler und pr\u00e4ziser integrierter LRF, extrem klare und angenehme Sicht, Sicherheit und komfortabler Augenabstand. Nocpix Rico 2 S75R &#8211; Experte f\u00fcr Weitschussanwendungen.<\/p>\n<p>Wenn der Artikel nicht verf\u00fcgbar ist, kontaktieren Sie uns bitte: shop@nbg.eu oder +359896147790<\/p>\n","protected":false},"featured_media":676825,"template":"","meta":{"_acf_changed":false},"product_brand":[14447],"product_cat":[16076],"product_tag":[],"class_list":{"0":"post-676620","1":"product","2":"type-product","3":"status-publish","4":"has-post-thumbnail","6":"product_brand-nocpix","7":"product_cat-thermal-cameras-de","9":"first","10":"instock","11":"taxable","12":"shipping-taxable","13":"purchasable","14":"product-type-simple"},"acf":[],"_links":{"self":[{"href":"https:\/\/nbg.eu\/de\/wp-json\/wp\/v2\/product\/676620","targetHints":{"allow":["GET"]}}],"collection":[{"href":"https:\/\/nbg.eu\/de\/wp-json\/wp\/v2\/product"}],"about":[{"href":"https:\/\/nbg.eu\/de\/wp-json\/wp\/v2\/types\/product"}],"wp:featuredmedia":[{"embeddable":true,"href":"https:\/\/nbg.eu\/de\/wp-json\/wp\/v2\/media\/676825"}],"wp:attachment":[{"href":"https:\/\/nbg.eu\/de\/wp-json\/wp\/v2\/media?parent=676620"}],"wp:term":[{"taxonomy":"product_brand","embeddable":true,"href":"https:\/\/nbg.eu\/de\/wp-json\/wp\/v2\/product_brand?post=676620"},{"taxonomy":"product_cat","embeddable":true,"href":"https:\/\/nbg.eu\/de\/wp-json\/wp\/v2\/product_cat?post=676620"},{"taxonomy":"product_tag","embeddable":true,"href":"https:\/\/nbg.eu\/de\/wp-json\/wp\/v2\/product_tag?post=676620"}],"curies":[{"name":"wp","href":"https:\/\/api.w.org\/{rel}","templated":true}]}}