{"id":676850,"date":"2025-11-17T17:25:15","date_gmt":"2025-11-17T14:25:15","guid":{"rendered":"https:\/\/nbg.eu\/product\/thermische-sichtanordnung-nocpix-rico-2-h75r\/"},"modified":"2026-04-14T15:58:18","modified_gmt":"2026-04-14T12:58:18","slug":"thermische-sichtanordnung-nocpix-rico-2-h75r","status":"publish","type":"product","link":"https:\/\/nbg.eu\/de\/produkt\/thermische-sichtanordnung-nocpix-rico-2-h75r\/","title":{"rendered":"Nocpix W\u00e4rmebildzielger\u00e4t Rico 2 H75R"},"content":{"rendered":"<h2>Nocpix Rico 2 H75R: Perfektion beim Weitschussschie\u00dfen<\/h2>\n<p>Die Serie der W\u00e4rmebildzielfernrohre Nocpix RICO 2 H75R ist f\u00fcr J\u00e4ger entwickelt, die das Beste in Klarheit, Reichweite und Komfort verlangen. Mit einem branchenf\u00fchrenden W\u00e4rmesensor und einer hohen Bildwiederholrate liefert es eine ultrahochwertige Bildqualit\u00e4t, die die Zielidentifizierung und -verfolgung m\u00fchelos macht. Seine lange Brennweite und der integrierte Entfernungsmesser stellen sicher, dass Sie entfernte Ziele genau vermessen k\u00f6nnen, w\u00e4hrend das fortschrittliche optische Design ein immersives Betrachtungserlebnis ohne Verzerrung bietet. Mit einem stufenlosen Zoomhebel und hervorragendem Augenabstand erm\u00f6glicht die Nocpix RICO 2 H75R-Serie J\u00e4gern, die Vergr\u00f6\u00dferung m\u00fchelos anzupassen und sich bei l\u00e4ngeren Jagden wohl zu f\u00fchlen. Innovative Technologien und ein nutzerorientiertes Design machen die Nocpix RICO 2 H75R-Serie zum Gipfel der Leistung beim Weitschussschie\u00dfen.<\/p>\n<h2>Hochmoderne W\u00e4rmebildtechnik<\/h2>\n<p>Profitieren Sie vom hochwertigen Sensor der zweiten Generation mit 640@12\u03bcm@60Hz, beide mit NETD \u226415mK, f\u00fcr messerscharfe, kontrastreiche Bilder und eine verbesserte Zielidentifizierung.<\/p>\n<h2>Verbesserte Klarheit durch gr\u00f6\u00dfere Linsen<\/h2>\n<p>Die Nocpix RICO 2 H75R ist mit gr\u00f6\u00dferen Objektivlinsen (75 mm\/F1.0, 50 mm\/F1.0, 42 mm\/F1.0) ausgestattet, die eine bessere Lichtausbeute f\u00fcr eine au\u00dfergew\u00f6hnliche Bildklarheit und eine erweiterte Erfassungsreichweite bieten.<\/p>\n<h2>Einfache Vergr\u00f6\u00dferungsanpassung<\/h2>\n<p>Die RICO 2-Serie erm\u00f6glicht Ihnen, Ihre Vergr\u00f6\u00dferung m\u00fchelos mit einem stufenlosen LPVO-Stil-Zoomhebel feinabzustimmen, was schnelle und problemlose Anpassungen bietet, um Ziele auf jede Entfernung pr\u00e4zise zu bek\u00e4mpfen.<\/p>\n<h2>Geschaffen f\u00fcr die Weitjagd<\/h2>\n<p>Die RICO 2-Serie bietet eine beeindruckende Erfassungsreichweite von bis zu 3896 m und verschafft Ihnen einen erheblichen Vorteil bei der Weitjagd und pr\u00e4zisen Zielerfassung.<\/p>\n<h2>Flexibler und pr\u00e4ziser integrierter Entfernungsmesser<\/h2>\n<p>Die Nocpix RICO 2 H75R ist mit einem integrierten Entfernungsmesser ausgestattet, der Lasermessungen bis zu einer Reichweite von 1200 m mit echter optischer Achsausrichtung bietet und pr\u00e4zise Entfernungsmessungen bei einem schlanken und eleganten Design erm\u00f6glicht.<\/p>\n<h2>Optimierte ballistischen Berechnungen<\/h2>\n<p>Vereinfachen Sie Ihre Treffplatzplatzierung mit automatischen ballistischen Berechnungen, indem Sie den integrierten Entfernungsmesser nutzen, um pr\u00e4zise Treffer auf gro\u00dfe Distanzen zu erzielen.<\/p>\n<h2>Extrem klarer, komfortabler Blick<\/h2>\n<p>1,03&#8243; 2560\u00d72560 OLED-Display (S75R), verzerrungsfreies Okular, 70 mm Augenabstand und 23 mm Austrittspupille bieten eine kristallklare, komfortable Betrachtung f\u00fcr l\u00e4ngere Eins\u00e4tze.<\/p>\n<h2>Sicherheit und Komfort<\/h2>\n<p>Das Modell H75R ist mit einem un\u00fcbertroffenen Augenabstand von 70 mm ausgestattet, der maximalen Komfort bei Langzeiteinsatz ohne Augenm\u00fcdigkeit bietet und die Augensicherheit gew\u00e4hrleistet.<\/p>\n","protected":false},"excerpt":{"rendered":"<p>Nocpix Rico 2 H75R &#8211; Langnstrecken-Schie\u00dfexperte mit 640&#215;512 Sensor, 60Hz, integriertem LRF und kontinuierlichem Zoom.<\/p>\n<p>Wenn der Artikel nicht verf\u00fcgbar ist, kontaktieren Sie uns bitte unter: shop@nbg.eu oder +359896147790<\/p>\n","protected":false},"featured_media":676875,"template":"","meta":{"_acf_changed":false},"product_brand":[14447],"product_cat":[16076],"product_tag":[],"class_list":{"0":"post-676850","1":"product","2":"type-product","3":"status-publish","4":"has-post-thumbnail","6":"product_brand-nocpix","7":"product_cat-thermal-cameras-de","9":"first","10":"instock","11":"taxable","12":"shipping-taxable","13":"purchasable","14":"product-type-simple"},"acf":[],"_links":{"self":[{"href":"https:\/\/nbg.eu\/de\/wp-json\/wp\/v2\/product\/676850","targetHints":{"allow":["GET"]}}],"collection":[{"href":"https:\/\/nbg.eu\/de\/wp-json\/wp\/v2\/product"}],"about":[{"href":"https:\/\/nbg.eu\/de\/wp-json\/wp\/v2\/types\/product"}],"wp:featuredmedia":[{"embeddable":true,"href":"https:\/\/nbg.eu\/de\/wp-json\/wp\/v2\/media\/676875"}],"wp:attachment":[{"href":"https:\/\/nbg.eu\/de\/wp-json\/wp\/v2\/media?parent=676850"}],"wp:term":[{"taxonomy":"product_brand","embeddable":true,"href":"https:\/\/nbg.eu\/de\/wp-json\/wp\/v2\/product_brand?post=676850"},{"taxonomy":"product_cat","embeddable":true,"href":"https:\/\/nbg.eu\/de\/wp-json\/wp\/v2\/product_cat?post=676850"},{"taxonomy":"product_tag","embeddable":true,"href":"https:\/\/nbg.eu\/de\/wp-json\/wp\/v2\/product_tag?post=676850"}],"curies":[{"name":"wp","href":"https:\/\/api.w.org\/{rel}","templated":true}]}}