{"id":676989,"date":"2025-11-17T17:25:28","date_gmt":"2025-11-17T14:25:28","guid":{"rendered":"https:\/\/nbg.eu\/product\/thermalsicht-nocpix-ace-s60r-schiene-zeiss\/"},"modified":"2026-04-14T17:20:47","modified_gmt":"2026-04-14T14:20:47","slug":"thermalsicht-nocpix-ace-s60r-schiene-zeiss","status":"publish","type":"product","link":"https:\/\/nbg.eu\/de\/produkt\/thermalsicht-nocpix-ace-s60r-schiene-zeiss\/","title":{"rendered":"Nocpix W\u00e4rmebildzielger\u00e4t ACE S60R ZEISS RAIL"},"content":{"rendered":"<h2>NocPix ACE S60R W\u00e4rmebild-Zielfernrohr<\/h2>\n<p>Das NocPix ACE S60R W\u00e4rmebild-Zielfernrohr ist ein brandneues, hochmodernes Ger\u00e4t, das f\u00fcr Spitzenj\u00e4ger konzipiert wurde, die in den anspruchsvollsten Umgebungen h\u00f6chste Leistung fordern. Mit seiner hochmodernen Technologie und robusten Konstruktion ist dieses f\u00fchrende W\u00e4rmebild-Zielfernrohr daf\u00fcr ausgelegt, Ihnen dabei zu helfen, die Nacht zu beherrschen und Wild zu z\u00e4hmen. Egal, ob Sie nach Beute in der Ferne Ausschau halten oder schnell bewegte Ziele verfolgen, das ACE S60R bietet un\u00fcbertroffene Klarheit, Pr\u00e4zision und Zuverl\u00e4ssigkeit.<\/p>\n<p>Das Herzst\u00fcck dieses au\u00dfergew\u00f6hnlichen Zielfernrohrs ist ein W\u00e4rmesensor der Generation 2 HD mit einer beeindruckenden Aufl\u00f6sung von 1280 x 1024 und einer ultrasensiblen NETD von \u226415 mK. Dieser Sensor der n\u00e4chsten Generation erm\u00f6glicht es dem ACE S60R, selbst die geringsten Temperatur\u00e4nderungen zu erkennen und in Echtzeit klare, detaillierte W\u00e4rmebilder zu liefern. Mit einer Bildrate von 50 Hz bietet das Zielfernrohr flie\u00dfende Bilder, die mit der Geschwindigkeit Ihres Ziels Schritt halten, was Ihnen eine beispiellose Pr\u00e4zision beim Anvisieren erm\u00f6glicht.<\/p>\n<p>Das NocPix ACE S60R verf\u00fcgt auch \u00fcber ein 60-mm-\/F1,0-Objektiv, das 20 % mehr Licht als herk\u00f6mmliche Zielfernrohre sammelt und Ihnen selbst bei dunkelsten Bedingungen hellere und klarere Bilder liefert. Seine \u00fcberlegene Langstreckenerfassung von bis zu 3100 Metern erm\u00f6glicht Ihnen ein leichtes Identifizieren und Verfolgen von entfernten Zielen, was von entscheidendem Vorteil f\u00fcr Jagden und Schie\u00dfszenarien auf gro\u00dfe Entfernungen ist. In Kombination mit dem propriet\u00e4ren Reality+-Bildverarbeitungsalgorithmus von NocPix reduziert das ACE S60R St\u00f6rungen deutlich und liefert jedes Mal scharfe, hochkontrastierte Bilder.<\/p>\n<p>F\u00fcr diejenigen, die noch mehr visuelle Klarheit w\u00fcnschen, ist das ACE S60R mit dem innovativen Vision+-System ausgestattet. Das runde 1,03-Zoll-AMOLED-Display mit 2560 x 2560 Pixeln in Kombination mit der branchenf\u00fchrenden okkularen Vergr\u00f6\u00dferung bietet eine un\u00fcbertroffene optische Vergr\u00f6\u00dferung ohne die f\u00fcr elektronische Zoomfunktionen typische Unsch\u00e4rfe oder Verzerrung. Diese bahnbrechende Technologie sorgt daf\u00fcr, dass Sie einen kristallklaren Blick und ein weites Sichtfeld genie\u00dfen, egal, ob Sie sich Ihrem Ziel n\u00e4hern oder Ihre Umgebung absuchen.<\/p>\n<p>Pr\u00e4zision ist der Schl\u00fcssel bei der Jagd, und das ACE S60R entt\u00e4uscht nicht. Sein integrierter Laserdistanzmesser (LRF) bietet pr\u00e4zise Messungen bis zu 1200 Meter. Der LRF ist nahtlos in das schlanke Design integriert und beh\u00e4lt dabei die Ausrichtung der optischen Achse bei, so dass Sie genaue Entfernungen messen k\u00f6nnen, ohne den Fokus zu st\u00f6ren. Und dank der integrierten ballistischen Berechnungsfunktion stellt das ACE S60R sicher, dass Ihre Sch\u00fcsse pr\u00e4zise sind und alle Faktoren f\u00fcr eine perfekte Genauigkeit ber\u00fccksichtigt werden.<\/p>\n<p>Speziell f\u00fcr J\u00e4ger konzipiert, verf\u00fcgt das NocPix ACE S60R auch \u00fcber ein Dual-Batterie-System mit einem integrierten 4000-mAh-Akku und einem abnehmbaren 18650-Akku f\u00fcr einen verl\u00e4ngerten Einsatz im Gel\u00e4nde. Sie m\u00fcssen sich keine Sorgen mehr machen, mitten auf der Jagd den Strom ausgehen zu lassen &#8211; dieses System ist darauf ausgelegt, so lange zu halten wie Ihr Abenteuer. Zus\u00e4tzliche Funktionen wie automatische Bildschirmabschaltung, sto\u00dfaktivierte Videoaufzeichnung und ein designloses Geh\u00e4use machen dieses W\u00e4rmebild-Zielfernrohr zu einem echten Gamechanger im Feld.<\/p>\n<p>F\u00fcr die h\u00e4rtesten Outdoor-Bedingungen gefertigt, besteht das ACE S60R aus einer hochfesten Aluminiumlegierung, die auf extreme St\u00f6\u00dfe und raue Nutzung getestet wurde. Mit einer IP67-Schutzart f\u00fcr Widerstandsf\u00e4higkeit gegen Wasser erf\u00fcllt es seine Aufgabe bei Regen, Staub und herausfordernden Umgebungen zuverl\u00e4ssig und stellt sicher, dass Ihr Zielfernrohr so dauerhaft ist wie Ihre Jagdinstinkte.<\/p>\n<p>Das NocPix ACE S60R ist mehr als nur ein W\u00e4rmebild-Zielfernrohr &#8211; es ist der ultimative Jagdgef\u00e4hrte. Mit seiner hochmodernen Technologie, au\u00dfergew\u00f6hnlichen Robustheit und einer Vielzahl fortschrittlicher Funktionen, die Ihr Jagderlebnis verbessern sollen, wird dieses Zielfernrohr Ihre Erwartungen an Ihre Ausr\u00fcstung neu definieren. Machen Sie sich bereit, die Nacht zu beherrschen.<\/p>\n","protected":false},"excerpt":{"rendered":"<p>Der Nocpix ACE S60R Thermalsichtger\u00e4t ist ein hochmodernes Werkzeug, das f\u00fcr Elite-J\u00e4ger konzipiert wurde, mit fortschrittlicher Technologie, robuster Konstruktion und Funktionen wie einem Gen-2-HD-Thermalsensor, Vision+-System, integriertem Laser-Entfernungsmesser und Dual-Batterie-System f\u00fcr Spitzenleistung in anspruchsvollen Umgebungen.<\/p>\n<p>Wenn der Artikel nicht verf\u00fcgbar ist, kontaktieren Sie uns bitte: shop@nbg.eu oder +359896147790<\/p>\n","protected":false},"featured_media":677624,"template":"","meta":{"_acf_changed":false},"product_brand":[14447],"product_cat":[12078],"product_tag":[],"class_list":{"0":"post-676989","1":"product","2":"type-product","3":"status-publish","4":"has-post-thumbnail","6":"product_brand-nocpix","7":"product_cat-waermebildgeraete","9":"first","10":"instock","11":"taxable","12":"shipping-taxable","13":"purchasable","14":"product-type-simple"},"acf":[],"_links":{"self":[{"href":"https:\/\/nbg.eu\/de\/wp-json\/wp\/v2\/product\/676989","targetHints":{"allow":["GET"]}}],"collection":[{"href":"https:\/\/nbg.eu\/de\/wp-json\/wp\/v2\/product"}],"about":[{"href":"https:\/\/nbg.eu\/de\/wp-json\/wp\/v2\/types\/product"}],"wp:featuredmedia":[{"embeddable":true,"href":"https:\/\/nbg.eu\/de\/wp-json\/wp\/v2\/media\/677624"}],"wp:attachment":[{"href":"https:\/\/nbg.eu\/de\/wp-json\/wp\/v2\/media?parent=676989"}],"wp:term":[{"taxonomy":"product_brand","embeddable":true,"href":"https:\/\/nbg.eu\/de\/wp-json\/wp\/v2\/product_brand?post=676989"},{"taxonomy":"product_cat","embeddable":true,"href":"https:\/\/nbg.eu\/de\/wp-json\/wp\/v2\/product_cat?post=676989"},{"taxonomy":"product_tag","embeddable":true,"href":"https:\/\/nbg.eu\/de\/wp-json\/wp\/v2\/product_tag?post=676989"}],"curies":[{"name":"wp","href":"https:\/\/api.w.org\/{rel}","templated":true}]}}