{"id":677697,"date":"2025-11-17T17:25:33","date_gmt":"2025-11-17T14:25:33","guid":{"rendered":"https:\/\/nbg.eu\/product\/thermalbild-nocpix-ace-h50r-12um-640x512-15mk-netd\/"},"modified":"2026-04-14T15:58:11","modified_gmt":"2026-04-14T12:58:11","slug":"thermalbild-nocpix-ace-h50r-12um-640x512-15mk-netd","status":"publish","type":"product","link":"https:\/\/nbg.eu\/de\/produkt\/thermalbild-nocpix-ace-h50r-12um-640x512-15mk-netd\/","title":{"rendered":"Nocpix W\u00e4rmebildzielger\u00e4t ACE H50R"},"content":{"rendered":"<h2>NocPix ACE H50R Thermisches Gewehrzielfernrohr<\/h2>\n<p>Das NocPix ACE H50R thermische Gewehrzielfernrohr vereint fortschrittliche Technologie mit robuster Haltbarkeit f\u00fcr ein unvergleichliches Jagderlebnis. Es verf\u00fcgt \u00fcber einen Thermalsensor mit einer Aufl\u00f6sung von 640&#215;512 und einem \u226412mK NETD f\u00fcr eine hervorragende Bildsch\u00e4rfe, eine Erfassungsreichweite von 3.100 Metern und einen integrierten Entfernungsmesser f\u00fcr pr\u00e4zise Messungen bis zu 1.200 Metern. Das innovative Vision+-System bietet Okularvergr\u00f6\u00dferung f\u00fcr klare Nahaufnahmen, w\u00e4hrend ein Doppelbatteriesystem einen langanhaltenden Einsatz gew\u00e4hrleistet. Aus hochfester Aluminiumlegierung gefertigt und mit IP67-Schutzklasse ausgestattet, ist dieses Gewehrzielfernrohr darauf ausgelegt, in jeder Outdoor-Umgebung zu gl\u00e4nzen und sich an jede Situation anzupassen.<\/p>\n<p>Das Nocpix ACE H50 thermische Gewehrzielfernrohr ist ein hochmodernes Werkzeug, das darauf ausgelegt ist, das Jagderlebnis neu zu definieren, sei es beim Navigieren in der dunklen Nacht oder beim Beschleichen von Beute durch schwieriges Gel\u00e4nde. Als Teil der Flaggschiff-ACE-Serie zeichnet sich dieses thermische Zieloptikger\u00e4t durch seine \u00fcberragende Bildqualit\u00e4t und Pr\u00e4zision aus, dank des hauseigentlich entwickelten Hochaufl\u00f6sungsthermal-Sensors und der fortgeschrittenen Reality+- und Vision+-Systeme.<\/p>\n<p>Im Herzen des Nocpix ACE H50R befindet sich sein HD-Thermalsensor der Gen-2, der eine Aufl\u00f6sung von 640&#215;512 und eine Bildfrequenz von 60 Hz bietet und eine \u00e4u\u00dferst stabile Leistung liefert. Mit einem NETD von \u226412mK erkennt dieser Zielfernrohr-Sensor selbst die kleinsten Temperaturunterschiede und liefert detaillierte und fl\u00fcssige Thermalbilder, die ideal zum Verfolgen schnell bewegter Ziele in Echtzeit sind. Der fortschrittliche Reality+-Bildverarbeitungsalgorithmus verst\u00e4rkt dies noch, indem er Umgebungstemperaraturger\u00e4usche eliminiert und so selbst unter anspruchsvollen Jagdbedingungen einen hervorragenden Kontrast und eine kristallklare Klarheit bietet.<\/p>\n<p>Das ACE H50R ist mit einem 50-mm-\/F0,9-Objektiv ausgestattet, das 20 % mehr Licht auf den Sensor l\u00e4sst und so hellere und klarere Bilder erzeugt. Dies ist f\u00fcr J\u00e4ger, die auf Pr\u00e4zision achten, entscheidend, da die verbesserte Licht\u00fcbertragung eine bessere Sichtbarkeit in Umgebungen mit schlechter Beleuchtung erm\u00f6glicht. Dar\u00fcber hinaus setzt die 3.100 Meter Erfassungsreichweite des ACE Ma\u00dfst\u00e4be und erleichtert die Identifizierung und Verfolgung weit entfernter Ziele wie nie zuvor.<\/p>\n<p>Das integrierte Vision+-System verbessert das visuelle Erlebnis mit einem 1,03 Zoll gro\u00dfen kreisf\u00f6rmigen AMOLED-Display mit einer Aufl\u00f6sung von 2560&#215;2560. Sein Optik-Zoomsystem, das darauf ausgelegt ist, die typischerweise mit herk\u00f6mmlichen elektronischen Zoomobjektiven verbundene Unsch\u00e4rfe und Verzerrung zu vermeiden, sorgt daf\u00fcr, dass J\u00e4ger klare, hochaufl\u00f6sende Nahaufnahmen ohne Detailverlust genie\u00dfen k\u00f6nnen. Dies bietet ein immersives, komfortables Betrachtungserlebnis, egal ob man Beute aus der Ferne ausmacht oder f\u00fcr pr\u00e4zise Zielerfassung heranzoomt.<\/p>\n<p>F\u00fcr den Einsatz im Gel\u00e4nde entwickelt, verf\u00fcgt das ACE \u00fcber ein Doppelbatteriesystem mit einem integrierten 4.000-mAh-Akku und einem zus\u00e4tzlichen abnehmbaren 18650-Akku, was einen ununterbrochenen Betrieb w\u00e4hrend langer Jagdeins\u00e4tze erm\u00f6glicht. Das robuste Design aus hochfester Aluminiumlegierung stellt sicher, dass das ACE rauen Outdoor-Umgebungen und intensiver Nutzung standh\u00e4lt, nachdem es rigorosen Sto\u00dffestigkeitstests unterzogen wurde. Mit einer IP67-Wasserdichtigkeit bleibt das Zielfernrohr auch unter widrigen Wetterbedingungen zuverl\u00e4ssig und bietet J\u00e4gern Gewissheit, unabh\u00e4ngig von der Umgebung.<\/p>\n<p>Speziell f\u00fcr J\u00e4ger entwickelt, bietet das Nocpix ACE H50R unverzichtbare Funktionen wie sto\u00dfaktivierte Videoaufzeichnung und ein verschlussfreies Design f\u00fcr einen problemlosen Betrieb im Gel\u00e4nde. Mit benutzerfreundlichen Zus\u00e4tzen wie einem Fokusregler, einer Ladeklappe und der M\u00f6glichkeit, Videos direkt \u00fcber die Galerie-Funktion abzuspielen, kombiniert dieses Zielfernrohr H\u00f6chstleistung mit Benutzerfreundlichkeit f\u00fcr ein optimales Jagderlebnis.<\/p>\n","protected":false},"excerpt":{"rendered":"<p>Der Nocpix ACE H50R W\u00e4rmebildvorsatz bietet einen 640&#215;512 W\u00e4rmebildsensor mit \u226412mK NETD, 3100m Erfassungsreichweite, integrierter Entfernungsmessung und Vision+ System f\u00fcr ein einzigartiges Jagderlebnis.<\/p>\n<p>Wenn der Artikel nicht verf\u00fcgbar ist, kontaktieren Sie uns bitte: shop@nbg.eu oder +359896147790<\/p><\/p>\n","protected":false},"featured_media":677902,"template":"","meta":{"_acf_changed":false},"product_brand":[14447],"product_cat":[12078],"product_tag":[],"class_list":{"0":"post-677697","1":"product","2":"type-product","3":"status-publish","4":"has-post-thumbnail","6":"product_brand-nocpix","7":"product_cat-waermebildgeraete","9":"first","10":"outofstock","11":"taxable","12":"shipping-taxable","13":"purchasable","14":"product-type-simple"},"acf":[],"_links":{"self":[{"href":"https:\/\/nbg.eu\/de\/wp-json\/wp\/v2\/product\/677697","targetHints":{"allow":["GET"]}}],"collection":[{"href":"https:\/\/nbg.eu\/de\/wp-json\/wp\/v2\/product"}],"about":[{"href":"https:\/\/nbg.eu\/de\/wp-json\/wp\/v2\/types\/product"}],"wp:featuredmedia":[{"embeddable":true,"href":"https:\/\/nbg.eu\/de\/wp-json\/wp\/v2\/media\/677902"}],"wp:attachment":[{"href":"https:\/\/nbg.eu\/de\/wp-json\/wp\/v2\/media?parent=677697"}],"wp:term":[{"taxonomy":"product_brand","embeddable":true,"href":"https:\/\/nbg.eu\/de\/wp-json\/wp\/v2\/product_brand?post=677697"},{"taxonomy":"product_cat","embeddable":true,"href":"https:\/\/nbg.eu\/de\/wp-json\/wp\/v2\/product_cat?post=677697"},{"taxonomy":"product_tag","embeddable":true,"href":"https:\/\/nbg.eu\/de\/wp-json\/wp\/v2\/product_tag?post=677697"}],"curies":[{"name":"wp","href":"https:\/\/api.w.org\/{rel}","templated":true}]}}