{"id":678123,"date":"2025-11-17T17:25:36","date_gmt":"2025-11-17T14:25:36","guid":{"rendered":"https:\/\/nbg.eu\/product\/thermisches-monokulares-nachtsichtgeraet-nocpix-lumi-l35\/"},"modified":"2026-01-21T11:39:11","modified_gmt":"2026-01-21T08:39:11","slug":"thermisches-monokulares-nachtsichtgeraet-nocpix-lumi-l35","status":"publish","type":"product","link":"https:\/\/nbg.eu\/de\/produkt\/thermisches-monokulares-nachtsichtgeraet-nocpix-lumi-l35\/","title":{"rendered":"Thermisches Monokulares Nachtsichtger\u00e4t Nocpix LUMI L35"},"content":{"rendered":"<h2>Maximale Leistung bei minimalem Gewicht &#8211; Nocpix LUMI L35: Ihr unverzichtbarer Begleiter in Ihrem Einsatzfeld<\/h2>\n<p>Die LUMI-Serie der W\u00e4rmebildmonokulare ist f\u00fcr den Tag- und Nachtgebrauch konzipiert und bietet Ihnen selbst bei schwierigen Wetterbedingungen wie Nebel, Smog oder Regen eine au\u00dfergew\u00f6hnliche Bildqualit\u00e4t. Auch wenn Hindernisse wie \u00c4ste, hohes Gras oder dichtes Gestr\u00fcpp die Sicht erschweren, k\u00f6nnen Sie dank dieser Technologie stets klar erkennen, was sich vor Ihnen befindet. Au\u00dferdem sind sie so kompakt und leicht, dass Sie sie \u00fcberall hin mitnehmen k\u00f6nnen.<\/p>\n<p>LUMI-W\u00e4rmebildkameras sind perfekt f\u00fcr eine Vielzahl von Anwendungen wie Jagd, \u00dcberwachung, Sicherheit, Gel\u00e4ndeorientierung oder Such- und Rettungseins\u00e4tze.<\/p>\n<h2>Un\u00fcbertroffene Bildleistung f\u00fcr messerscharfe Bilder<\/h2>\n<p>Die LUMI-Serie setzt neue Ma\u00dfst\u00e4be in Sachen Bildqualit\u00e4t. Mit den leistungsf\u00e4higsten Bildverarbeitungsalgorithmen und einem starken W\u00e4rmesensor mit NETD &lt; 18 mK liefert die Kamera messerscharfe und realistische Bilder. Das AMOLED-Display mit einer Aufl\u00f6sung von 1024 x 768 Pixeln sorgt f\u00fcr eine hervorragende Bildwiedergabe, w\u00e4hrend der Ultra Clear-Modus die Bildsch\u00e4rfe insbesondere bei schwierigen Wetterbedingungen weiter optimiert.<\/p>\n<h2>Individuelles Seherlebnis &#8211; Passen Sie Ihr Ger\u00e4t perfekt an<\/h2>\n<p>Dank des mittelgro\u00dfen 384 x 288 px-Sensors und einer Vielzahl von Einstellm\u00f6glichkeiten k\u00f6nnen Sie das Ger\u00e4t exakt auf Ihre Bed\u00fcrfnisse abstimmen. W\u00e4hlen Sie aus 5 Farbmodi und optimieren Sie Ihre Sicht mit 10 Helligkeits-, Sch\u00e4rfe- und Kontraststufen &#8211; damit kein Detail unbeachtet bleibt.<\/p>\n<h2>Einfaches Teilen von Erlebnissen<\/h2>\n<p>Das Festhalten besonderer Momente ist f\u00fcr den modernen J\u00e4ger von wesentlicher Bedeutung. Mit dem Nocpix LUMI L35 k\u00f6nnen Sie Ihre Aufnahmen nicht nur bequem \u00fcber die App teilen, sondern sie auch direkt auf dem Ger\u00e4t abspielen &#8211; perfekt, um Ihre Erlebnisse sofort mit anderen zu teilen.<\/p>\n<h2>Flexibel einsetzbar dank abnehmbarem Batteriesystem<\/h2>\n<p>Die LUMI-Serie ist mit Standard-18650-Batterien ausgestattet, was Ihnen maximale Flexibilit\u00e4t bietet. Egal wohin Sie gehen, mit dem mitgelieferten Ladeger\u00e4t sind Sie im Nu wieder einsatzbereit &#8211; und k\u00f6nnen Ihren Einsatz fortsetzen.<\/p>\n","protected":false},"excerpt":{"rendered":"<p>Maximale Leistung bei minimalem Gewicht \u2013 Nocpix LUMI L35: Ihr unentbehrlicher Begleiter im Feld. 384 Sensoren mit 18 mK, AMOLED-Display mit 1024 \u00d7 768 Pixeln, austauschbarer 18650-Akku, Erfassungsreichweite etwa 1800 Meter, gro\u00dfe Grundvergr\u00f6\u00dferung f\u00fcr die Feldsuche, kompaktes Design.<br \/>\nWenn der Artikel nicht verf\u00fcgbar ist, kontaktieren Sie uns bitte: shop@nbg.eu oder +359896147790<\/p>\n","protected":false},"featured_media":678350,"template":"","meta":{"_acf_changed":false},"product_brand":[14447],"product_cat":[369,12078],"product_tag":[],"class_list":{"0":"post-678123","1":"product","2":"type-product","3":"status-publish","4":"has-post-thumbnail","6":"product_brand-nocpix","7":"product_cat-uncategorized","8":"product_cat-waermebildgeraete","10":"first","11":"instock","12":"taxable","13":"shipping-taxable","14":"purchasable","15":"product-type-simple"},"acf":[],"_links":{"self":[{"href":"https:\/\/nbg.eu\/de\/wp-json\/wp\/v2\/product\/678123","targetHints":{"allow":["GET"]}}],"collection":[{"href":"https:\/\/nbg.eu\/de\/wp-json\/wp\/v2\/product"}],"about":[{"href":"https:\/\/nbg.eu\/de\/wp-json\/wp\/v2\/types\/product"}],"wp:featuredmedia":[{"embeddable":true,"href":"https:\/\/nbg.eu\/de\/wp-json\/wp\/v2\/media\/678350"}],"wp:attachment":[{"href":"https:\/\/nbg.eu\/de\/wp-json\/wp\/v2\/media?parent=678123"}],"wp:term":[{"taxonomy":"product_brand","embeddable":true,"href":"https:\/\/nbg.eu\/de\/wp-json\/wp\/v2\/product_brand?post=678123"},{"taxonomy":"product_cat","embeddable":true,"href":"https:\/\/nbg.eu\/de\/wp-json\/wp\/v2\/product_cat?post=678123"},{"taxonomy":"product_tag","embeddable":true,"href":"https:\/\/nbg.eu\/de\/wp-json\/wp\/v2\/product_tag?post=678123"}],"curies":[{"name":"wp","href":"https:\/\/api.w.org\/{rel}","templated":true}]}}