{"id":678371,"date":"2025-11-18T18:19:28","date_gmt":"2025-11-18T15:19:28","guid":{"rendered":"https:\/\/nbg.eu\/product\/nocpix-quest-l35r-384x288-netd-15mk\/"},"modified":"2026-04-14T15:58:04","modified_gmt":"2026-04-14T12:58:04","slug":"nocpix-quest-l35r-384x288-netd-15mk","status":"publish","type":"product","link":"https:\/\/nbg.eu\/de\/produkt\/nocpix-quest-l35r-384x288-netd-15mk\/","title":{"rendered":"Nocpix W\u00e4rmebildfernglas Quest L35R"},"content":{"rendered":"<h2>Nocpix Quest L35R 384&#215;288 NETD \u226415mK: Entdecken Sie Ihre W\u00e4rmebildvision<\/h2>\n<p>QUEST ist leicht und tragbar, mit einer Erkennungsreichweite von bis zu 2600m und einem integrierten verdeckten Entfernungsmesser mit einer Reichweite von 1000m f\u00fcr h\u00f6here Genauigkeit und Sichtbarkeit. Sein herk\u00f6mmliches Fernglas-Design verf\u00fcgt \u00fcber eine vollst\u00e4ndige Gummibeschichtung und eine IP67-Klassifizierung f\u00fcr Best\u00e4ndigkeit und Komfort unter widrigen Bedingungen. Ausgestattet mit einem leistungsstarken 640&#215;512-Sensor (NETD \u226415mK, 60Hz) bietet QUEST eine au\u00dfergew\u00f6hnliche Bildsch\u00e4rfe, \u00fcberlegene W\u00e4rmeempfindlichkeit und problemlosen Betrieb in anspruchsvollen Umgebungen.<\/p>\n<h2>Au\u00dfergew\u00f6hnliche Bildqualit\u00e4t und Klarheit<\/h2>\n<p>Nocpix QUEST verf\u00fcgt \u00fcber R+ Bildoptimierung f\u00fcr \u00fcberragende Klarheit und Pr\u00e4zision, kombiniert mit einem 1920&#215;1200 AMOLED-Display f\u00fcr ein immersives und augenfreundliches Seherlebnis.<\/p>\n<h2>\u00dcberlegener Sensor f\u00fcr Exzellenz<\/h2>\n<p>Nocpix QUEST ist mit einem hochleistungsf\u00e4higen Sensor (640&#215;512@12\u00b5m) ausgestattet, der eine au\u00dfergew\u00f6hnliche Bildsch\u00e4rfe bietet. Mit NETD \u226415mK und 60 Bildern pro Sekunde liefert er eine \u00fcberlegene W\u00e4rmeempfindlichkeit und erm\u00f6glicht klare und visuelle Bilder selbst unter den schwierigsten Bedingungen.<\/p>\n<h2>Leistungsf\u00e4hige Erkennungsf\u00e4higkeiten<\/h2>\n<p>Nocpix QUEST verf\u00fcgt \u00fcber eine Erkennungsreichweite von bis zu 2600 m und einen integrierten verdeckten Entfernungsmesser mit einer Reichweite von bis zu 1000 m, so dass Sie weiter und genauer sehen k\u00f6nnen als je zuvor. Es unterst\u00fctzt auch balistiche Berechnungen und liefert Datenwerte f\u00fcr kooperative Jagden.<\/p>\n<h2>Ergonomische Einhandsteuerung<\/h2>\n<p>Nocpix QUEST bietet eine ergonomische, rutschfeste Handhabung mit einer vereinfachten 4-Tasten-Anordnung und zentral angeordneten Scroll-R\u00e4dern f\u00fcr eine einfache Einhandsteuerung und einen sicheren Griff unter allen Bedingungen.<\/p>\n<h2>Leicht und tragbar<\/h2>\n<p>QUEST wiegt nur 700g und kommt mit einer speziellen Tragetasche, die eine einfache Portabilit\u00e4t und Komfort f\u00fcr Outdoor-Aktivit\u00e4ten wie Jagd und Erkundungen bietet.<\/p>\n<h2>Zuverl\u00e4ssige Leistung<\/h2>\n<p>Die QUEST-Serie verf\u00fcgt \u00fcber ein Dual-Batterie-Design mit einem integrierten und austauschbaren 18650-Akku, was den unkomplizierten Austausch und den kontinuierlichen Einsatz w\u00e4hrend Ihres Abenteuers gew\u00e4hrleistet.<\/p>\n<h2>Robustes und komfortables Design<\/h2>\n<p>QUEST hat ein herk\u00f6mmliches Fernglas-Design mit einer hochwertigen Gummibeschichtung und einer IP67-Klassifizierung f\u00fcr Wasser- und Staubschutz, die sowohl Best\u00e4ndigkeit als auch allgemeinen Komfort sicherstellen.<\/p>\n","protected":false},"excerpt":{"rendered":"<p>Nocpix QUEST L35R 384&#215;288 NETD &lt;15mK: Leichter, tragbarer W\u00e4rmebildkamera mit einer Erkennungsreichweite von 2600m, integriertem 1000m-Laserdistanzmesser und au\u00dfergew\u00f6hnlicher Bildsch\u00e4rfe.<br \/>\nWenn der Artikel nicht verf\u00fcgbar ist, kontaktieren Sie uns bitte: shop@nbg.eu oder +359896147790<\/p>\n","protected":false},"featured_media":679438,"template":"","meta":{"_acf_changed":false},"product_brand":[14447],"product_cat":[14683,16076,12078],"product_tag":[],"class_list":{"0":"post-678371","1":"product","2":"type-product","3":"status-publish","4":"has-post-thumbnail","6":"product_brand-nocpix","7":"product_cat-fernglaser","8":"product_cat-thermal-cameras-de","9":"product_cat-waermebildgeraete","11":"first","12":"instock","13":"taxable","14":"shipping-taxable","15":"purchasable","16":"product-type-simple"},"acf":[],"_links":{"self":[{"href":"https:\/\/nbg.eu\/de\/wp-json\/wp\/v2\/product\/678371","targetHints":{"allow":["GET"]}}],"collection":[{"href":"https:\/\/nbg.eu\/de\/wp-json\/wp\/v2\/product"}],"about":[{"href":"https:\/\/nbg.eu\/de\/wp-json\/wp\/v2\/types\/product"}],"wp:featuredmedia":[{"embeddable":true,"href":"https:\/\/nbg.eu\/de\/wp-json\/wp\/v2\/media\/679438"}],"wp:attachment":[{"href":"https:\/\/nbg.eu\/de\/wp-json\/wp\/v2\/media?parent=678371"}],"wp:term":[{"taxonomy":"product_brand","embeddable":true,"href":"https:\/\/nbg.eu\/de\/wp-json\/wp\/v2\/product_brand?post=678371"},{"taxonomy":"product_cat","embeddable":true,"href":"https:\/\/nbg.eu\/de\/wp-json\/wp\/v2\/product_cat?post=678371"},{"taxonomy":"product_tag","embeddable":true,"href":"https:\/\/nbg.eu\/de\/wp-json\/wp\/v2\/product_tag?post=678371"}],"curies":[{"name":"wp","href":"https:\/\/api.w.org\/{rel}","templated":true}]}}