{"id":679464,"date":"2025-11-18T18:19:37","date_gmt":"2025-11-18T15:19:37","guid":{"rendered":"https:\/\/nbg.eu\/product\/nocpix-quest-h50r-lrf-640x512-netd-15mk\/"},"modified":"2026-04-14T15:58:01","modified_gmt":"2026-04-14T12:58:01","slug":"nocpix-quest-h50r-lrf-640x512-netd-15mk","status":"publish","type":"product","link":"https:\/\/nbg.eu\/de\/produkt\/nocpix-quest-h50r-lrf-640x512-netd-15mk\/","title":{"rendered":"Nocpix W\u00e4rmebildfernglas Quest H50R LRF"},"content":{"rendered":"<h2>Nocpix Quest H50R LRF 640&#215;512 NETD \u226415mK<\/h2>\n<p>QUEST ist leicht und tragbar, mit einer Erkennungsreichweite von bis zu 2600m und einem integrierten verdeckten LRF mit einer Reichweite von 1000m f\u00fcr h\u00f6here Genauigkeit und Sichtbarkeit. Sein traditionelles Fernglas-Design verf\u00fcgt \u00fcber eine vollst\u00e4ndige Gummibeschichtung und eine IP67-Einstufung f\u00fcr Haltbarkeit und Komfort unter rauen Bedingungen. Mit einem leistungsstarken 640&#215;512-Sensor (NETD \u226415mK, 60Hz) bietet QUEST eine au\u00dfergew\u00f6hnliche Bildsch\u00e4rfe, \u00fcberlegene thermische Empfindlichkeit und problemlose Verwendung in anspruchsvollen Umgebungen.<\/p>\n<h2>W\u00e4rmebildsensor<\/h2>\n<p>Nocpix QUEST verf\u00fcgt \u00fcber eine R+-Bildverbesserung f\u00fcr \u00fcberlegene Klarheit und Pr\u00e4zision, kombiniert mit einem 1920&#215;1200 AMOLED-Display f\u00fcr ein immersives, augenfreundliches Seherlebnis.<\/p>\n<h2>\u00dcberlegener Sensor gew\u00e4hrleistet Spitzenleistung<\/h2>\n<p>Nocpix QUEST ist mit einem hochleistungsf\u00e4higen Sensor (640&#215;512@12\u00b5m) ausgestattet, der eine au\u00dfergew\u00f6hnliche Bildsch\u00e4rfe liefert. Mit NETD \u226415mK und einer Bildrate von 60Hz bietet er eine \u00fcberlegene thermische Empfindlichkeit und liefert klare und visuelle Bilder selbst unter den anspruchsvollsten Bedingungen.<\/p>\n<h2>Leistungsf\u00e4hige Erkennungsf\u00e4higkeiten<\/h2>\n<p>Nocpix QUEST verf\u00fcgt \u00fcber eine Erkennungsreichweite von bis zu 2600 m und einen integrierten versteckten LRF mit einer Reichweite von bis zu 1000 m, was es Ihnen erm\u00f6glicht, weiter und genauer als je zuvor zu sehen. Es unterst\u00fctzt auch Flugbahnberechnungen und bietet damit Datenunte<br \/>\nrst\u00fctzung f\u00fcr die kooperative Jagd.<\/p>\n<h2>Bedienung mit einer Hand<\/h2>\n<p>Nocpix QUEST bietet ergonomisches, rutschfestes Handling mit einem vereinfachten 4-Tasten-Layout und zentral angeordneten Scroll-R\u00e4dern f\u00fcr eine einfache Bedienung mit einer Hand und einen sicheren Griff unter allen Bedingungen.<\/p>\n<h2>Leicht und tragbar<\/h2>\n<p>QUEST wiegt nur 700g und kommt mit einer speziellen Tragetasche, was eine einfache Transportierbarkeit und Bequemlichkeit f\u00fcr Outdoor-Aktivit\u00e4ten wie Jagd und Erkundungen bietet.<\/p>\n<h2>Stromsorgen eliminieren<\/h2>\n<p>Die QUEST-Serie verf\u00fcgt \u00fcber ein Dual-Akku-Design mit einem integrierten und austauschbaren 18650-Akku, was einen problemlosen Austausch und einen kontinuierlichen Einsatz w\u00e4hrend Ihrer Abenteuer gew\u00e4hrleistet.<\/p>\n<h2>Das traditionelle Fernglas-Erlebnis<\/h2>\n<p>QUEST verf\u00fcgt \u00fcber ein traditionelles Fernglas-Design mit einer hochwertigen Gummibeschichtung und einer IP67-Einstufung f\u00fcr Wasser- und Staubbest\u00e4ndigkeit, was sowohl Haltbarkeit als auch allgemeinen Komfort sicherstellt.<\/p>\n","protected":false},"excerpt":{"rendered":"<p>Nocpix Quest H50R LRF 640&#215;512 NETD &lt;15mK: Leichter, tragbarer W\u00e4rmebildkamera mit 2600m Erkennungsreichweite, 1000m Laserentfernungsmesser und hochwertigem 640&#215;512 Sensor.<br \/>\nshop@nbg.eu  oder +359896147790<\/p>\n","protected":false},"featured_media":680371,"template":"","meta":{"_acf_changed":false},"product_brand":[14447],"product_cat":[14683,16076,12078],"product_tag":[],"class_list":{"0":"post-679464","1":"product","2":"type-product","3":"status-publish","4":"has-post-thumbnail","6":"product_brand-nocpix","7":"product_cat-fernglaser","8":"product_cat-thermal-cameras-de","9":"product_cat-waermebildgeraete","11":"first","12":"instock","13":"taxable","14":"shipping-taxable","15":"purchasable","16":"product-type-simple"},"acf":[],"_links":{"self":[{"href":"https:\/\/nbg.eu\/de\/wp-json\/wp\/v2\/product\/679464","targetHints":{"allow":["GET"]}}],"collection":[{"href":"https:\/\/nbg.eu\/de\/wp-json\/wp\/v2\/product"}],"about":[{"href":"https:\/\/nbg.eu\/de\/wp-json\/wp\/v2\/types\/product"}],"wp:featuredmedia":[{"embeddable":true,"href":"https:\/\/nbg.eu\/de\/wp-json\/wp\/v2\/media\/680371"}],"wp:attachment":[{"href":"https:\/\/nbg.eu\/de\/wp-json\/wp\/v2\/media?parent=679464"}],"wp:term":[{"taxonomy":"product_brand","embeddable":true,"href":"https:\/\/nbg.eu\/de\/wp-json\/wp\/v2\/product_brand?post=679464"},{"taxonomy":"product_cat","embeddable":true,"href":"https:\/\/nbg.eu\/de\/wp-json\/wp\/v2\/product_cat?post=679464"},{"taxonomy":"product_tag","embeddable":true,"href":"https:\/\/nbg.eu\/de\/wp-json\/wp\/v2\/product_tag?post=679464"}],"curies":[{"name":"wp","href":"https:\/\/api.w.org\/{rel}","templated":true}]}}