{"id":681049,"date":"2025-12-17T14:06:52","date_gmt":"2025-12-17T11:06:52","guid":{"rendered":"https:\/\/nbg.eu\/product\/manly-peak-g10-schwarz-cpm-s90v\/"},"modified":"2026-01-21T11:41:29","modified_gmt":"2026-01-21T08:41:29","slug":"manly-peak-g10-schwarz-cpm-s90v","status":"publish","type":"product","link":"https:\/\/nbg.eu\/de\/produkt\/manly-peak-g10-schwarz-cpm-s90v\/","title":{"rendered":"Manly PEAK G10 SCHWARZ CPM S90V"},"content":{"rendered":"<h2>Manly PEAK G10 SCHWARZ CPM S90V &#8211; Au\u00dfergew\u00f6hnliches Einhandklappmes-ser<\/h2>\n<p>Erleben Sie das au\u00dfergew\u00f6hnliche Manly PEAK G10 SCHWARZ CPM S90V Klappmesser, ein einzigartiges und vielseitiges Werkzeug, das f\u00fcr eine Vielzahl von Aktivit\u00e4ten konzipiert wurde. Im Gegensatz zum Comrade-Modell verf\u00fcgt dieses Messer \u00fcber ein beeindruckendes Design, das es zu einem perfekten Begleiter f\u00fcr jede Aufgabe macht.<\/p>\n<p>In zwei verschiedenen Versionen erh\u00e4ltlich, bietet der PEAK die Bequemlichkeit des Ein- oder Zweih\u00e4ndigen \u00d6ffnens, je nach Ihren pers\u00f6nlichen Vorlieben. Mit Pr\u00e4zision gefertigt, ist die Klinge aus hochwertigem CPM S90V-Stahl hergestellt, was eine hervorragende Kantenhaltbarkeit und Korrosionsbest\u00e4ndigkeit gew\u00e4hrleistet.<\/p>\n<p>Der robuste G10-Griff bietet einen sicheren und komfortablen Halt, was den PEAK zu einer zuverl\u00e4ssigen Wahl f\u00fcr den t\u00e4glichen Gebrauch oder Outdoor-Abenteuer macht. Mit seinem Daumen\u00f6ffnungsmechanismus und dem manuellen Backlock-System bietet dieses Messer eine nahtlose Einhandbe-dienung, mit der Sie Ihre Aufgaben m\u00fchelos erledigen k\u00f6nnen.<\/p>\n<p>Mit einem Gewicht von nur 115 Gramm ist der PEAK ein leichtes, aber dennoch stabiles Werkzeug, das Sie nicht belastet. Ob Sie Outdoor-Enthusiast, Taktik-Bediener oder einfach jemand sind, der nach einem vielseitigen und gut gestalteten Klappmesser sucht, das Manly PEAK G10 SCHWARZ CPM S90V ist die Antwort.<\/p>\n","protected":false},"excerpt":{"rendered":"<p>PEAK CPM S90V schwarzes Einhand-Messer, hervorragendes Design f\u00fcr jede Aktivit\u00e4t.<\/p>\n","protected":false},"featured_media":681127,"template":"","meta":{"_acf_changed":false},"product_brand":[15086],"product_cat":[12092,15377,15355],"product_tag":[],"class_list":{"0":"post-681049","1":"product","2":"type-product","3":"status-publish","4":"has-post-thumbnail","6":"product_brand-manly-knives","7":"product_cat-edc","8":"product_cat-folding-knives-de","9":"product_cat-knives-es","11":"first","12":"outofstock","13":"taxable","14":"shipping-taxable","15":"purchasable","16":"product-type-simple"},"acf":[],"_links":{"self":[{"href":"https:\/\/nbg.eu\/de\/wp-json\/wp\/v2\/product\/681049","targetHints":{"allow":["GET"]}}],"collection":[{"href":"https:\/\/nbg.eu\/de\/wp-json\/wp\/v2\/product"}],"about":[{"href":"https:\/\/nbg.eu\/de\/wp-json\/wp\/v2\/types\/product"}],"wp:featuredmedia":[{"embeddable":true,"href":"https:\/\/nbg.eu\/de\/wp-json\/wp\/v2\/media\/681127"}],"wp:attachment":[{"href":"https:\/\/nbg.eu\/de\/wp-json\/wp\/v2\/media?parent=681049"}],"wp:term":[{"taxonomy":"product_brand","embeddable":true,"href":"https:\/\/nbg.eu\/de\/wp-json\/wp\/v2\/product_brand?post=681049"},{"taxonomy":"product_cat","embeddable":true,"href":"https:\/\/nbg.eu\/de\/wp-json\/wp\/v2\/product_cat?post=681049"},{"taxonomy":"product_tag","embeddable":true,"href":"https:\/\/nbg.eu\/de\/wp-json\/wp\/v2\/product_tag?post=681049"}],"curies":[{"name":"wp","href":"https:\/\/api.w.org\/{rel}","templated":true}]}}