{"id":681156,"date":"2026-01-08T18:14:00","date_gmt":"2026-01-08T15:14:00","guid":{"rendered":"https:\/\/nbg.eu\/product\/manly-peak-black-14c28n\/"},"modified":"2026-01-21T11:41:25","modified_gmt":"2026-01-21T08:41:25","slug":"manly-peak-black-14c28n","status":"publish","type":"product","link":"https:\/\/nbg.eu\/de\/produkt\/manly-peak-black-14c28n\/","title":{"rendered":"Manly PEAK BLACK 14C28N"},"content":{"rendered":"<h2>Manly PEAK BLACK 14C28N \u2013 Das quintessenzielle Everyday-Carry-Taschenmesser<\/h2>\n<p>In der Tradition von Manly, erschwingliche und hochwertige Taschenmesser anzubieten, ist der PEAK \u2013 14C28N Schwarz (Einhandbedienung) der Inbegriff von Vielseitigkeit und Praktikabilit\u00e4t. Mit Pr\u00e4zision gefertigt, verf\u00fcgt dieses Klappmesser \u00fcber eine 14C28N Schwedenstahl-Klinge und einen G10-Griff, was es zu einem stabilen und zuverl\u00e4ssigen Schneidwerkzeug f\u00fcr den t\u00e4glichen Gebrauch macht.<\/p>\n<p>F\u00fcr Rechtsh\u00e4nder und Linksh\u00e4nder konzipiert, erm\u00f6glicht der umkehrbare Clip einen einfachen Zugriff von links oder rechts, was es zum perfekten Begleiter f\u00fcr Rechts- und Linksh\u00e4nder macht. Der R\u00fcckenverriegelung-Mechanismus bietet eine sichere und zuverl\u00e4ssige Verriegelung, die sicherstellt, dass die Klinge w\u00e4hrend der Verwendung an ihrem Platz bleibt.<\/p>\n<p>Mit einer Gesamtl\u00e4nge von 22 cm und einer Klingenl\u00e4nge von 9,4 cm bietet der PEAK \u2013 14C28N Schwarz (Einhandbedienung) eine bequeme und handliche Gr\u00f6\u00dfe, die f\u00fcr eine Vielzahl von Anwendungen, von Outdoor-Abenteuern bis hin zu t\u00e4glichen Aufgaben, geeignet ist. Mit einem Gewicht von 115 g findet es den perfekten Ausgleich zwischen Gewicht und Tragbarkeit, was es zu einer zuverl\u00e4ssigen und vielseitigen Wahl f\u00fcr Ihr t\u00e4gliches Zubeh\u00f6r macht.<\/p>\n<p>Mit einer satiniert-abgeschlossenen 14C28N-Klinge und einem eleganten schwarzen G10-Griff \u00fcberzeugt der PEAK \u2013 14C28N Schwarz (Einhandbedienung) nicht nur durch seine hervorragende Leistung, sondern auch durch sein stilvolles und modernes Aussehen, das zu jedem pers\u00f6nlichen Stil passt. Ob Sie ein Outdoor-Enthusiast, ein Heimwerker oder einfach jemand sind, der ein gut gefertigtes Werkzeug zu sch\u00e4tzen wei\u00df, der Manly PEAK \u2013 14C28N Schwarz (Einhandbedienung) ist die perfekte Erg\u00e4nzung f\u00fcr Ihr t\u00e4gliches Zubeh\u00f6r.<\/p>\n","protected":false},"excerpt":{"rendered":"<p>Manly PEAK SCHWARZ 14C28N &#8211; Preiswert geschnittenes Taschenmesser aus 14C28N-Stahl aus Schweden, mit umkehrbarer Clip und R\u00fcckenverriegelung.<\/p>\n","protected":false},"featured_media":685038,"template":"","meta":{"_acf_changed":false},"product_brand":[15086],"product_cat":[12092],"product_tag":[],"class_list":{"0":"post-681156","1":"product","2":"type-product","3":"status-publish","4":"has-post-thumbnail","6":"product_brand-manly-knives","7":"product_cat-edc","9":"first","10":"instock","11":"taxable","12":"shipping-taxable","13":"purchasable","14":"product-type-simple"},"acf":[],"_links":{"self":[{"href":"https:\/\/nbg.eu\/de\/wp-json\/wp\/v2\/product\/681156","targetHints":{"allow":["GET"]}}],"collection":[{"href":"https:\/\/nbg.eu\/de\/wp-json\/wp\/v2\/product"}],"about":[{"href":"https:\/\/nbg.eu\/de\/wp-json\/wp\/v2\/types\/product"}],"wp:featuredmedia":[{"embeddable":true,"href":"https:\/\/nbg.eu\/de\/wp-json\/wp\/v2\/media\/685038"}],"wp:attachment":[{"href":"https:\/\/nbg.eu\/de\/wp-json\/wp\/v2\/media?parent=681156"}],"wp:term":[{"taxonomy":"product_brand","embeddable":true,"href":"https:\/\/nbg.eu\/de\/wp-json\/wp\/v2\/product_brand?post=681156"},{"taxonomy":"product_cat","embeddable":true,"href":"https:\/\/nbg.eu\/de\/wp-json\/wp\/v2\/product_cat?post=681156"},{"taxonomy":"product_tag","embeddable":true,"href":"https:\/\/nbg.eu\/de\/wp-json\/wp\/v2\/product_tag?post=681156"}],"curies":[{"name":"wp","href":"https:\/\/api.w.org\/{rel}","templated":true}]}}