{"id":682350,"date":"2026-01-09T22:09:00","date_gmt":"2026-01-09T19:09:00","guid":{"rendered":"https:\/\/nbg.eu\/product\/manly-city-g10-schwarz-s90v\/"},"modified":"2026-01-21T12:28:45","modified_gmt":"2026-01-21T09:28:45","slug":"manly-city-g10-schwarz-s90v","status":"publish","type":"product","link":"https:\/\/nbg.eu\/de\/produkt\/manly-city-g10-schwarz-s90v\/","title":{"rendered":"Manly City G10 Schwarz S90V"},"content":{"rendered":"<h2>Manly City G10 Schwarz S90V: Au\u00dfergew\u00f6hnliches Messer f\u00fcr den t\u00e4glichen Gebrauch<\/h2>\n<p>Wie der Name schon sagt, ist das Manly City G10 Schwarz S90V ein au\u00dfergew\u00f6hnliches Messer f\u00fcr den t\u00e4glichen Gebrauch in der Stadt. Gefertigt nach unserem Prinzip, Nutzern sorgf\u00e4ltig ausgew\u00e4hlte hochwertige Materialien zu einem angemessenen Preis anzubieten, verf\u00fcgt dieses Klappmesser \u00fcber eine vollflache Klinge aus CPM S90V-Stahl mit einer Rockwell-H\u00e4rte von 60-62 HRC. Der umkehrbare Taschenklippe und die doppelte Befestigungsposition machen es f\u00fcr Rechts- und Linksh\u00e4nder gleicherma\u00dfen geeignet.<\/p>\n<p>Mit einer Gesamtl\u00e4nge von 17,7 cm, einer Klingenl\u00e4nge von 7,0 cm und einer gefalteten L\u00e4nge von 10,5 cm ist die 2,7 mm dicke Klinge nur 95 g schwer. Der Griff besteht aus robustem 3D-G10-Material, und das Messer l\u00e4sst sich mit einem Daumenknopf einh\u00e4ndig \u00f6ffnen. Ein stabiler R\u00fcckenverschluss sorgt f\u00fcr einen sicheren und zuverl\u00e4ssigen Klingenausgang.<\/p>\n<p>In einem eleganten Schwarz erh\u00e4ltlich, ist das Manly City G10 Schwarz S90V der perfekte Begleiter f\u00fcr den t\u00e4glichen Gebrauch, der hochwertige Leistung und Qualit\u00e4tsverarbeitung zu einem erschwinglichen Preis vereint.<\/p>\n","protected":false},"excerpt":{"rendered":"<p>Au\u00dfergew\u00f6hnliches Alltagsmesser mit CPM S90V-Klinge, 3D G10-Griff und umkehrbarem Clip.<\/p>\n","protected":false},"featured_media":682509,"template":"","meta":{"_acf_changed":false},"product_brand":[15086],"product_cat":[12092,15377,15355],"product_tag":[],"class_list":{"0":"post-682350","1":"product","2":"type-product","3":"status-publish","4":"has-post-thumbnail","6":"product_brand-manly-knives","7":"product_cat-edc","8":"product_cat-folding-knives-de","9":"product_cat-knives-es","11":"first","12":"outofstock","13":"taxable","14":"shipping-taxable","15":"purchasable","16":"product-type-simple"},"acf":[],"_links":{"self":[{"href":"https:\/\/nbg.eu\/de\/wp-json\/wp\/v2\/product\/682350","targetHints":{"allow":["GET"]}}],"collection":[{"href":"https:\/\/nbg.eu\/de\/wp-json\/wp\/v2\/product"}],"about":[{"href":"https:\/\/nbg.eu\/de\/wp-json\/wp\/v2\/types\/product"}],"wp:featuredmedia":[{"embeddable":true,"href":"https:\/\/nbg.eu\/de\/wp-json\/wp\/v2\/media\/682509"}],"wp:attachment":[{"href":"https:\/\/nbg.eu\/de\/wp-json\/wp\/v2\/media?parent=682350"}],"wp:term":[{"taxonomy":"product_brand","embeddable":true,"href":"https:\/\/nbg.eu\/de\/wp-json\/wp\/v2\/product_brand?post=682350"},{"taxonomy":"product_cat","embeddable":true,"href":"https:\/\/nbg.eu\/de\/wp-json\/wp\/v2\/product_cat?post=682350"},{"taxonomy":"product_tag","embeddable":true,"href":"https:\/\/nbg.eu\/de\/wp-json\/wp\/v2\/product_tag?post=682350"}],"curies":[{"name":"wp","href":"https:\/\/api.w.org\/{rel}","templated":true}]}}