{"id":683278,"date":"2025-12-17T17:30:35","date_gmt":"2025-12-17T14:30:35","guid":{"rendered":"https:\/\/nbg.eu\/product\/manly-blaze-black-g10-rwl-34\/"},"modified":"2026-01-21T11:41:30","modified_gmt":"2026-01-21T08:41:30","slug":"manly-blaze-black-g10-rwl-34","status":"publish","type":"product","link":"https:\/\/nbg.eu\/de\/produkt\/manly-blaze-black-g10-rwl-34\/","title":{"rendered":"Manly Blaze Black G10 RWL-34"},"content":{"rendered":"<h2>Manly Blaze Schwarz G10 RWL-34 &#8211; Das ultimative Bushcraft-Messer<\/h2>\n<p>Blaze RWL-34 Schwarz ist das perfekte Bushcraft-Messer. Mit einer feststehenden Klinge und einer Volltangenkonstruktion + hochwertigem RWL-34-Pulverstahl ist die Haltbarkeit dieses Messers garantiert. Der Griff besteht aus texturiertem schwarzem G10, der korrosionsbest\u00e4ndig ist. Das Messer kann mit einer einzigen Handbewegung leicht aus der Scheide (aus Kydex) gezogen werden, und die G\u00fcrtelhalterung kann horizontal oder vertikal sein.<\/p>\n<p>Wenn Sie ein zuverl\u00e4ssiges Messer in den Bergen, beim Camping oder beim Angeln ben\u00f6tigen, ist Blaze das Richtige f\u00fcr Sie.<\/p>\n<h2>Technische Spezifikationen<\/h2>\n<p>Name: Blaze \u2013 RWL-34 Schwarz<br \/>\nTyp: Feststehende Klinge<br \/>\nGesamtl\u00e4nge: 24,5 cm<br \/>\nKlingenl\u00e4nge: 11,9 cm<br \/>\nKlingendicke: 4 mm<br \/>\nSchneideh\u00e4rte: 62 HRC<br \/>\nGewicht: 210 g<br \/>\nKlingenmaterial: RWL-34<br \/>\nGriffmaterial: G10<br \/>\nScheidenmaterial: Kydex<\/p>\n","protected":false},"excerpt":{"rendered":"<p>Blaze RWL-34 Schwarz: das perfekte Bushcraft-Messer mit festem Klingenr\u00fccken, durchgehender Klinge und RWL-34-Pulverstahl.<\/p>\n","protected":false},"featured_media":683329,"template":"","meta":{"_acf_changed":false},"product_brand":[15086],"product_cat":[2876],"product_tag":[],"class_list":{"0":"post-683278","1":"product","2":"type-product","3":"status-publish","4":"has-post-thumbnail","6":"product_brand-manly-knives","7":"product_cat-rahohvatki","9":"first","10":"instock","11":"taxable","12":"shipping-taxable","13":"purchasable","14":"product-type-simple"},"acf":[],"_links":{"self":[{"href":"https:\/\/nbg.eu\/de\/wp-json\/wp\/v2\/product\/683278","targetHints":{"allow":["GET"]}}],"collection":[{"href":"https:\/\/nbg.eu\/de\/wp-json\/wp\/v2\/product"}],"about":[{"href":"https:\/\/nbg.eu\/de\/wp-json\/wp\/v2\/types\/product"}],"wp:featuredmedia":[{"embeddable":true,"href":"https:\/\/nbg.eu\/de\/wp-json\/wp\/v2\/media\/683329"}],"wp:attachment":[{"href":"https:\/\/nbg.eu\/de\/wp-json\/wp\/v2\/media?parent=683278"}],"wp:term":[{"taxonomy":"product_brand","embeddable":true,"href":"https:\/\/nbg.eu\/de\/wp-json\/wp\/v2\/product_brand?post=683278"},{"taxonomy":"product_cat","embeddable":true,"href":"https:\/\/nbg.eu\/de\/wp-json\/wp\/v2\/product_cat?post=683278"},{"taxonomy":"product_tag","embeddable":true,"href":"https:\/\/nbg.eu\/de\/wp-json\/wp\/v2\/product_tag?post=683278"}],"curies":[{"name":"wp","href":"https:\/\/api.w.org\/{rel}","templated":true}]}}