{"id":683442,"date":"2025-12-17T18:06:26","date_gmt":"2025-12-17T15:06:26","guid":{"rendered":"https:\/\/nbg.eu\/product\/nocpix-m6t25s-thermokamera-fuer-autos-mit-intelligenter-erkennung-fuer-heisse-objekte\/"},"modified":"2026-01-21T11:45:00","modified_gmt":"2026-01-21T08:45:00","slug":"nocpix-m6t25s-thermokamera-fuer-autos-mit-intelligenter-erkennung-fuer-heisse-objekte","status":"publish","type":"product","link":"https:\/\/nbg.eu\/de\/produkt\/nocpix-m6t25s-thermokamera-fuer-autos-mit-intelligenter-erkennung-fuer-heisse-objekte\/","title":{"rendered":"Nocpix M6T25S Thermokamera f\u00fcr Autos mit intelligenter Erkennung f\u00fcr hei\u00dfe Objekte"},"content":{"rendered":"<h2>Nocpix M6T25S Thermokamera f\u00fcr Autos mit intelligenter Erkennung f\u00fcr hei\u00dfe Objekte<\/h2>\n<p>Stellen Sie die Nocpix MT-Serie vor, den innovativen Domescanner von Nocpix, der speziell f\u00fcr die Jagd entwickelt wurde. Es ist Ihre ideale Wahl nicht nur f\u00fcr das Fahren w\u00e4hrend der Jagd, sondern auch f\u00fcr verschiedene Jagdmethoden und -gewohnheiten geeignet. Mit hochmodernen KI-Modellen und leistungsstarker Rechenleistung ausgestattet, sorgt der MT f\u00fcr eine stabile Leistung selbst w\u00e4hrend der Fahrt und bietet eine pr\u00e4zise Beute-Erkennung, -Verriegelung und -Verfolgung, was zu hochqualitativen Bildern und einem hervorragenden Jagderlebnis f\u00fchrt.<\/p>\n<h2>KI-Intelligente Leistung<\/h2>\n<p>Angetrieben vom YOLO V5-Deep-Learning-Modell und 2T Rechenleistung ist dieses System darauf ausgelegt, Ihr Jagderlebnis zu verbessern. Das Deep-Learning-Modell, das auf einem riesigen Datensatz trainiert wurde, erm\u00f6glicht eine schnelle automatische Beutekennung und -verfolgung mit pr\u00e4zisen Begrenzungsrahmen f\u00fcr die Zielmarkierung. Dies macht den gesamten Jagdprozess &#8211; Identifizierung, Zielerfassung und Verfolgung &#8211; viel einfacher und reibungsloser und reduziert den Aufwand, der f\u00fcr jeden Schritt selbst erforderlich ist.<\/p>\n<h2>B\u00fcrstenloser 360\u00b0-Rundumblick mit 90\u00b0 Neigungsbereich<\/h2>\n<p>Der MT bietet einen weiten 360\u00b0-Rundumblick mit einem 90\u00b0-Neigungsbereich, wodurch eine vollst\u00e4ndige Abdeckung gew\u00e4hrleistet ist. Dies sorgt f\u00fcr eine vollst\u00e4ndige, nahtlose Verfolgung Ihrer Beute ohne blinde Flecken.<\/p>\n<h2>Abschlie\u00dfende Stabilisierung<\/h2>\n<p>Die 2-Achsen-Stabilisierung erm\u00f6glicht es dem MT, ein stabiles Bild zu liefern. Die automatische Kalibrierung korrigiert Objektivverschiebungen, die durch Stra\u00dfenunebenheiten oder andere externe Umgebungsfaktoren verursacht werden, und beh\u00e4lt eine konstante Richtung bei.<\/p>\n<h2>Extrem leiser Benutzererfahrung<\/h2>\n<p>Der M6T25S verwendet einen b\u00fcrstenlosen Motor f\u00fcr die 360-Grad-Horizontaldrehung und ein dynamisches Ausgleichsdesign, was bedeutet, dass er w\u00e4hrend der Drehung und Neigung einen geringen Dezibelpegel aufweist und somit Ihr Jagderlebnis ungest\u00f6rt und angenehm bleibt.<\/p>\n<h2>Mehrere Verbindungs- und Endanzeigemethoden<\/h2>\n<p>Um verschiedene Nutzungsgewohnheiten und Szenarien zu unterst\u00fctzen, werden zwei Verbindungsmethoden unterst\u00fctzt: Kabel und WLAN. Die Kabelverbindung bietet eine relativ stabilere Bild\u00fcbertragung, w\u00e4hrend WLAN ein bequemeres und kabelloseres Erlebnis bietet. Die Echtzeitbild\u00fcbertragung ist auf jedem Ger\u00e4t mit der Nocpix-App m\u00f6glich, einschlie\u00dflich, aber nicht beschr\u00e4nkt auf iPad, Mobiltelefone usw.<\/p>\n","protected":false},"excerpt":{"rendered":"<p>Nocpix M6T25S W\u00e4rmebildkamera f\u00fcr Autos mit intelligenter Erkennung f\u00fcr hei\u00dfe Objekte. Intelligente Suche, effektiver Bereich 2300m, Fernbedienung, 2 wiederaufladbare Batterien f\u00fcr bis zu 7 Stunden Betriebsdauer.<\/p>\n<p>Wenn der Artikel nicht verf\u00fcgbar ist, kontaktieren Sie uns bitte: shop@nbg.eu oder +359896147790<\/p>\n","protected":false},"featured_media":683516,"template":"","meta":{"_acf_changed":false},"product_brand":[14447],"product_cat":[12078],"product_tag":[],"class_list":{"0":"post-683442","1":"product","2":"type-product","3":"status-publish","4":"has-post-thumbnail","6":"product_brand-nocpix","7":"product_cat-waermebildgeraete","9":"first","10":"instock","11":"taxable","12":"shipping-taxable","13":"purchasable","14":"product-type-simple"},"acf":[],"_links":{"self":[{"href":"https:\/\/nbg.eu\/de\/wp-json\/wp\/v2\/product\/683442","targetHints":{"allow":["GET"]}}],"collection":[{"href":"https:\/\/nbg.eu\/de\/wp-json\/wp\/v2\/product"}],"about":[{"href":"https:\/\/nbg.eu\/de\/wp-json\/wp\/v2\/types\/product"}],"wp:featuredmedia":[{"embeddable":true,"href":"https:\/\/nbg.eu\/de\/wp-json\/wp\/v2\/media\/683516"}],"wp:attachment":[{"href":"https:\/\/nbg.eu\/de\/wp-json\/wp\/v2\/media?parent=683442"}],"wp:term":[{"taxonomy":"product_brand","embeddable":true,"href":"https:\/\/nbg.eu\/de\/wp-json\/wp\/v2\/product_brand?post=683442"},{"taxonomy":"product_cat","embeddable":true,"href":"https:\/\/nbg.eu\/de\/wp-json\/wp\/v2\/product_cat?post=683442"},{"taxonomy":"product_tag","embeddable":true,"href":"https:\/\/nbg.eu\/de\/wp-json\/wp\/v2\/product_tag?post=683442"}],"curies":[{"name":"wp","href":"https:\/\/api.w.org\/{rel}","templated":true}]}}