{"id":683730,"date":"2026-01-08T18:13:33","date_gmt":"2026-01-08T15:13:33","guid":{"rendered":"https:\/\/nbg.eu\/product\/waermebildkamera-nocpix-vista-h35-ohne-entfernungsmesser-35mm-12um-640x512-15mk-net\/"},"modified":"2026-04-14T15:57:28","modified_gmt":"2026-04-14T12:57:28","slug":"waermebildkamera-nocpix-vista-h35-ohne-entfernungsmesser-35mm-12um-640x512-15mk-net","status":"publish","type":"product","link":"https:\/\/nbg.eu\/de\/produkt\/waermebildkamera-nocpix-vista-h35-ohne-entfernungsmesser-35mm-12um-640x512-15mk-net\/","title":{"rendered":"Nocpix W\u00e4rmebildkamera VISTA H35"},"content":{"rendered":"<h2>Nocpix VISTA H35 Thermobild-Monokular &#8211; 35mm 12um 640&#215;512 \u226415mK NET<\/h2>\n<p>Das Nocpix VISTA H35 ist ein vielseitiges Thermobild-Monokular, das f\u00fcr den zuverl\u00e4ssigen Einsatz bei Tag und Nacht konzipiert ist. Dieses fortschrittliche Ger\u00e4t bietet eine hervorragende Thermografieperformance und liefert klare und detaillierte Bilder selbst unter schwierigen Wetterbedingungen wie Nebel, Smog und Regen. Es kann Ziele durch Hindernisse wie \u00c4ste, hohes Gras und dichtes Gestr\u00fcpp erkennen, was einen effektiven Einsatz in Umgebungen, in denen herk\u00f6mmliche Optiken unzureichend sind, erm\u00f6glicht.<\/p>\n<p>Ideal f\u00fcr eine Vielzahl von Anwendungen, ist das VISTA H35 perfekt f\u00fcr die Jagd, \u00dcberwachung, Sicherheit, Gel\u00e4ndenavigation und Rettungseins\u00e4tze. Mit seiner modernen Technologie und robusten Bauweise sorgt das VISTA H35 f\u00fcr pr\u00e4zise Erkennung und Messung unter den schwierigsten Bedingungen.<\/p>\n<h2>Funktionen<\/h2>\n<p>-640\u00d7512 12\u03bcm Detektor<br \/>\nNETD\u226415mK<br \/>\n-60Hz Hochgeschwindigkeitsbildrate<br \/>\n-F0.9 Objektiv<br \/>\n-AMOLED 2560\u00d72560 kreisf\u00f6rmiges Display<br \/>\n-IBP-7 schnellwechselbarer aufladbarer Akku<br \/>\n-Stufenloser digitaler Zoom: 1\u00d7~8\u00d7<br \/>\n-Ultra-Clean-Modus<br \/>\n-Augenschutz mit niedriger Helligkeit, Farbpalette und Warmton<br \/>\n-Elektronische Bildstabilisierung<\/p>\n","protected":false},"excerpt":{"rendered":"<p>W\u00e4rmebildkamera Nocpix VISTA H35 ohne Entfernungsmesser &#8211; 35mm 12um 640&#215;512 &lt;15mk NET<\/p>\n<p>Wenn der Artikel nicht verf\u00fcgbar ist, kontaktieren Sie uns bitte: shop@nbg.eu oder +359896147790<\/p>\n<p>\n","protected":false},"featured_media":683771,"template":"","meta":{"_acf_changed":false},"product_brand":[14447],"product_cat":[16076,12078],"product_tag":[],"class_list":{"0":"post-683730","1":"product","2":"type-product","3":"status-publish","4":"has-post-thumbnail","6":"product_brand-nocpix","7":"product_cat-thermal-cameras-de","8":"product_cat-waermebildgeraete","10":"first","11":"instock","12":"taxable","13":"shipping-taxable","14":"purchasable","15":"product-type-simple"},"acf":[],"_links":{"self":[{"href":"https:\/\/nbg.eu\/de\/wp-json\/wp\/v2\/product\/683730","targetHints":{"allow":["GET"]}}],"collection":[{"href":"https:\/\/nbg.eu\/de\/wp-json\/wp\/v2\/product"}],"about":[{"href":"https:\/\/nbg.eu\/de\/wp-json\/wp\/v2\/types\/product"}],"wp:featuredmedia":[{"embeddable":true,"href":"https:\/\/nbg.eu\/de\/wp-json\/wp\/v2\/media\/683771"}],"wp:attachment":[{"href":"https:\/\/nbg.eu\/de\/wp-json\/wp\/v2\/media?parent=683730"}],"wp:term":[{"taxonomy":"product_brand","embeddable":true,"href":"https:\/\/nbg.eu\/de\/wp-json\/wp\/v2\/product_brand?post=683730"},{"taxonomy":"product_cat","embeddable":true,"href":"https:\/\/nbg.eu\/de\/wp-json\/wp\/v2\/product_cat?post=683730"},{"taxonomy":"product_tag","embeddable":true,"href":"https:\/\/nbg.eu\/de\/wp-json\/wp\/v2\/product_tag?post=683730"}],"curies":[{"name":"wp","href":"https:\/\/api.w.org\/{rel}","templated":true}]}}