{"id":683932,"date":"2026-01-08T18:14:25","date_gmt":"2026-01-08T15:14:25","guid":{"rendered":"https:\/\/nbg.eu\/product\/thermobildkamera-nocpix-rico-2-h50r\/"},"modified":"2026-04-14T15:57:14","modified_gmt":"2026-04-14T12:57:14","slug":"thermobildkamera-nocpix-rico-2-h50r","status":"publish","type":"product","link":"https:\/\/nbg.eu\/de\/produkt\/thermobildkamera-nocpix-rico-2-h50r\/","title":{"rendered":"Nocpix W\u00e4rmebildkamera Rico 2 H50R"},"content":{"rendered":"<h2>Nocpix Rico 2 H50R: Experte f\u00fcr Distanzsch\u00fcsse<\/h2>\n<p>Die Nocpix RICO 2 H50R-Serie von W\u00e4rmebildzielfernrohren ist f\u00fcr J\u00e4ger konzipiert, die das Beste in Klarheit, Reichweite und Komfort fordern. Entwickelt mit einem branchenf\u00fchrenden W\u00e4rmesensor und hoher Bildfrequenz, liefert es eine ultrahochwertige Bildqualit\u00e4t, die die Zielidentifizierung und -verfolgung zu einem Kinderspiel macht. Ihre lange Brennweite und der integrierte Entfernungsmesser stellen sicher, dass Sie entfernte Ziele genau vermessen k\u00f6nnen, w\u00e4hrend das fortschrittliche optische Design ein immersives Seherlebnis ohne Verzerrung bietet. Mit einem stufenlosen Zoomhebel und au\u00dfergew\u00f6hnlicher Augenentlastung erm\u00f6glicht die Nocpix RICO 2 H50R-Serie den J\u00e4gern ein m\u00fchelos einstellbares Vergr\u00f6\u00dferungsverh\u00e4ltnis und ein bequemes Gef\u00fchl auch bei ausgedehnten Jagden. Mit seinen innovativen Technologien und benutzerorientierten Designs erm\u00f6glicht die Nocpix RICO 2 H50R-Serie Ihnen tats\u00e4chlich die Jagd \u00fcber die Grenzen des M\u00f6glichen hinaus.<\/p>\n<h2>Schl\u00fcsselmerkmale:<\/h2>\n<p>Profitieren Sie vom Premium-Sensor der zweiten Generation mit 12\u03bcm@60Hz und NETD \u226420mK f\u00fcr scharf-kontrastreiche Bilder und verbesserte Zielidentifizierung.<\/p>\n<p>Der Nocpix RICO 2 H50R ist mit gr\u00f6\u00dferen Objektivlinsen (50 mm\/F1.0, 42 mm\/F1.0) ausgestattet, die eine verbesserte Lichtsammelleistung f\u00fcr eine au\u00dfergew\u00f6hnliche Bildklarheit und eine erweiterte Erfassungsreichweite bieten.<\/p>\n<p>Die RICO 2-Serie erm\u00f6glicht Ihnen ein m\u00fcheloses Einstellen der Vergr\u00f6\u00dferung mit einem stufenlosen LPVO-\u00e4hnlichen Zoomhebel, der eine schnelle und unkomplizierte Anpassung f\u00fcr ein sicheres Treffen von Zielen in jeder Entfernung bietet.<\/p>\n<p>Die RICO 2-Serie bietet eine beeindruckende Erfassungsreichweite von bis zu 2600 m und gibt Ihnen damit einen erheblichen Vorteil bei der Jagd auf gro\u00dfe Entfernungen und gezielten Sch\u00fcssen.<\/p>\n<p>Der Nocpix RICO 2 H50R ist mit einem integrierten Entfernungsmesser ausgestattet, der eine Lasererkennung bis zu 1200 m mit echter optischer Achsenausrichtung bietet und pr\u00e4zise Entfernungsmessungen bei einem schlanken und eleganten Design erm\u00f6glicht.<\/p>\n<p>Optimieren Sie Ihre Schussplatzierung mit automatischen ballistischen Berechnungen, indem Sie den integrierten Entfernungsmesser nutzen, um pr\u00e4zise Treffer auf gro\u00dfe Entfernungen zu erzielen.<\/p>\n<p>1,03&#8243; 2560\u00d72560 OLED-Display (H50R), verzerrungsfreies Okular, 70 mm Augenentlastung und 23 mm Austrittspupille bieten ein klares, bequemes Sehen f\u00fcr lange Eins\u00e4tze.<\/p>\n<p>Das H50R-Modell ist mit einem beispiellosen Abstand von 70 mm ausgestattet, der maximalen Komfort f\u00fcr den Langzeiteinsatz ohne Augenm\u00fcdigkeit bietet und die Augensicherheit gew\u00e4hrleistet.<\/p>\n","protected":false},"excerpt":{"rendered":"<p>W\u00e4rmebildkamera Nocpix Rico 2 H50R. Experte f\u00fcr Langstreckenschie\u00dfen. 640&#215;512 Sensor, 60Hz, integrierter LRF, kontinuierlicher Zoom.<br \/>\nWenn der Artikel nicht verf\u00fcgbar ist, kontaktieren Sie uns bitte: shop@nbg.eu oder +359896147790<\/p>\n","protected":false},"featured_media":684131,"template":"","meta":{"_acf_changed":false},"product_brand":[14447],"product_cat":[16076,12078],"product_tag":[],"class_list":{"0":"post-683932","1":"product","2":"type-product","3":"status-publish","4":"has-post-thumbnail","6":"product_brand-nocpix","7":"product_cat-thermal-cameras-de","8":"product_cat-waermebildgeraete","10":"first","11":"instock","12":"taxable","13":"shipping-taxable","14":"purchasable","15":"product-type-simple"},"acf":[],"_links":{"self":[{"href":"https:\/\/nbg.eu\/de\/wp-json\/wp\/v2\/product\/683932","targetHints":{"allow":["GET"]}}],"collection":[{"href":"https:\/\/nbg.eu\/de\/wp-json\/wp\/v2\/product"}],"about":[{"href":"https:\/\/nbg.eu\/de\/wp-json\/wp\/v2\/types\/product"}],"wp:featuredmedia":[{"embeddable":true,"href":"https:\/\/nbg.eu\/de\/wp-json\/wp\/v2\/media\/684131"}],"wp:attachment":[{"href":"https:\/\/nbg.eu\/de\/wp-json\/wp\/v2\/media?parent=683932"}],"wp:term":[{"taxonomy":"product_brand","embeddable":true,"href":"https:\/\/nbg.eu\/de\/wp-json\/wp\/v2\/product_brand?post=683932"},{"taxonomy":"product_cat","embeddable":true,"href":"https:\/\/nbg.eu\/de\/wp-json\/wp\/v2\/product_cat?post=683932"},{"taxonomy":"product_tag","embeddable":true,"href":"https:\/\/nbg.eu\/de\/wp-json\/wp\/v2\/product_tag?post=683932"}],"curies":[{"name":"wp","href":"https:\/\/api.w.org\/{rel}","templated":true}]}}