{"id":684911,"date":"2026-01-08T18:13:14","date_gmt":"2026-01-08T15:13:14","guid":{"rendered":"https:\/\/nbg.eu\/product\/thermokamera-nocpix-ace-h50-12um-640x512-15mk-netd\/"},"modified":"2026-04-14T15:57:42","modified_gmt":"2026-04-14T12:57:42","slug":"thermokamera-nocpix-ace-h50-12um-640x512-15mk-netd","status":"publish","type":"product","link":"https:\/\/nbg.eu\/de\/produkt\/thermokamera-nocpix-ace-h50-12um-640x512-15mk-netd\/","title":{"rendered":"Nocpix W\u00e4rmebildkamera ACE H50"},"content":{"rendered":"<h2>Nocpix ACE H50 W\u00e4rmebildzielfernrohr: Un\u00fcbertroffene Jagdleistung<\/h2>\n<p>Das Nocpix ACE H50 W\u00e4rmebildzielfernrohr kombiniert fortschrittliche Technologie mit robuster Haltbarkeit f\u00fcr ein un\u00fcbertroffenes Jagderlebnis. Es verf\u00fcgt \u00fcber einen W\u00e4rmesensor mit einer Aufl\u00f6sung von 640&#215;512 Pixeln und einem NETD von \u226412mK f\u00fcr au\u00dfergew\u00f6hnliche Bildsch\u00e4rfe sowie eine Erkennungsreichweite von 3100 Metern. Das innovative Vision+-System bietet Okularvergr\u00f6\u00dferung f\u00fcr klare Nahaufnahmen, w\u00e4hrend ein Dual-Batteriesystem einen langanhaltenden Betrieb gew\u00e4hrleistet. Aus hochfester Aluminiumlegierung gefertigt und mit einer IP67-Schutzklasse versehen, ist dieses Zielfernrohr daf\u00fcr ausgelegt, in jeder Outdoor-Umgebung zu \u00fcberzeugen und sich an jede Situation anzupassen.<\/p>\n<p>Das NocPix ACE H50 W\u00e4rmebildzielfernrohr ist ein hochmodernes Werkzeug, das darauf ausgelegt ist, das Jagderlebnis neu zu definieren, egal ob Sie sich in der dunklen Nacht oder auf schwierigem Gel\u00e4nde bewegen. Als Teil der ACE-Flaggschiffserie zeichnet sich dieses W\u00e4rmebildvisier durch seine \u00fcberlegene Bildqualit\u00e4t und Pr\u00e4zision aus, dank des hauseigenen Hochaufl\u00f6sungs-W\u00e4rmesensors und der fortschrittlichen Reality+- und Vision+-Systeme.<\/p>\n<p>Im Herzen des Nocpix ACE H50 befindet sich der Gen-2-HD-W\u00e4rmesensor, der eine Aufl\u00f6sung von 640&#215;512 Pixeln und eine Bildfrequenz von 60 Hz bietet und somit eine unglaublich stabile Leistung liefert. Mit einem NETD von \u226412mK erkennt dieses Zielfernrohr selbst die kleinsten Temperaturunterschiede und liefert detaillierte und reibungslose W\u00e4rmebilder, die ideal sind f\u00fcr die Verfolgung schnell bewegter Ziele in Echtzeit. Der fortschrittliche Reality+-Bildverarbeitungsalgorithmus verst\u00e4rkt dies noch, indem er Umgebungstemperaturger\u00e4usche eliminiert und so auch unter herausfordernden Jagdbedingungen einen \u00fcberlegenen Kontrast und eine hervorragende Klarheit bietet.<\/p>\n<p>Das ACE H50 ist mit einem 50-mm\/F0,9-Objektiv ausgestattet, das 20% mehr Licht auf den Sensor l\u00e4sst, was hellere und klarere Bilder erzeugt. Dies ist f\u00fcr J\u00e4ger, die auf Pr\u00e4zision Wert legen, von entscheidender Bedeutung, da die verbesserte Licht\u00fcbertragung eine bessere Sichtbarkeit bei Schwachlichtbedingungen erm\u00f6glicht. Dar\u00fcber hinaus setzt die 3100-Meter-Erkennungsreichweite das ACE von der Konkurrenz ab und macht die Identifizierung und Verfolgung entfernter Ziele einfacher und effektiver als je zuvor.<\/p>\n<p>Das integrierte Vision+-System verbessert das Seherlebnis mit einem 1,03 Zoll gro\u00dfen kreisf\u00f6rmigen AMOLED-Display mit einer Aufl\u00f6sung von 2560&#215;2560 Pixeln. Sein Optikzoomsystem, das entwickelt wurde, um die typischerweise mit elektronischen Zooms verbundenen Unsch\u00e4rfen und Verzerrungen zu vermeiden, sorgt daf\u00fcr, dass J\u00e4ger klare, hochaufl\u00f6sende Nahaufnahmen genie\u00dfen k\u00f6nnen, ohne an Details zu verlieren. Dies bietet ein immersives, komfortables Betrachtungserlebnis, egal ob Sie Beute aus der Ferne ausmachen oder f\u00fcr pr\u00e4zises Zielen heranzoomen.<\/p>\n<p>F\u00fcr den Einsatz im Gel\u00e4nde entwickelt, verf\u00fcgt das ACE \u00fcber ein Dual-Batteriesystem mit einem integrierten 4.000-mAh-Akku und einem zus\u00e4tzlichen abnehmbaren 18650-Akku, die einen unterbrechungsfreien Betrieb w\u00e4hrend langer Jagdeins\u00e4tze erm\u00f6glichen. Das robuste Design aus hochfester Aluminiumlegierung stellt sicher, dass das ACE rauen Outdoor-Umgebungen und intensiver Nutzung standhalten kann, nachdem es strenge Sto\u00dffestigkeitstests bestanden hat. Mit einer IP67-Wasserdichtigkeit bleibt das Zielfernrohr auch bei widrigen Wetterbedingungen zuverl\u00e4ssig und bietet J\u00e4gern ein Gef\u00fchl der Sicherheit, egal in welcher Umgebung sie sich befinden.<\/p>\n<p>Speziell f\u00fcr J\u00e4ger entwickelt, bietet das NocPix ACE H50 essentielle Funktionen wie sto\u00dfaktivierte Videoaufnahme und ein Verschlussloser Aufbau f\u00fcr einen unkomplizierten Betrieb im Feld. Durch benutzerfreundliche Erg\u00e4nzungen wie einen Fokussierregler, eine Ladeabdeckung und die M\u00f6glichkeit, Videos direkt \u00fcber die Galerie-Funktion abzuspielen, kombiniert dieses Zielfernrohr hohe Leistung mit Bequemlichkeit f\u00fcr ein optimales Jagderlebnis.<\/p>\n","protected":false},"excerpt":{"rendered":"<p>Das NocPix ACE H50 W\u00e4rmebild-Zielfernrohr bietet eine Aufl\u00f6sung von 640&#215;512, \u226415mK NETD, eine Erkennungsreichweite von 3100m und ein Dual-Batteriesystem f\u00fcr ein hervorragendes Jagderlebnis.<\/p>\n<p>Wenn der Artikel nicht verf\u00fcgbar ist, kontaktieren Sie uns bitte: shop@nbg.eu oder +359896147790<\/p>\n<p>\n","protected":false},"featured_media":684942,"template":"","meta":{"_acf_changed":false},"product_brand":[14447],"product_cat":[16076,12078],"product_tag":[],"class_list":{"0":"post-684911","1":"product","2":"type-product","3":"status-publish","4":"has-post-thumbnail","6":"product_brand-nocpix","7":"product_cat-thermal-cameras-de","8":"product_cat-waermebildgeraete","10":"first","11":"instock","12":"taxable","13":"shipping-taxable","14":"purchasable","15":"product-type-simple"},"acf":[],"_links":{"self":[{"href":"https:\/\/nbg.eu\/de\/wp-json\/wp\/v2\/product\/684911","targetHints":{"allow":["GET"]}}],"collection":[{"href":"https:\/\/nbg.eu\/de\/wp-json\/wp\/v2\/product"}],"about":[{"href":"https:\/\/nbg.eu\/de\/wp-json\/wp\/v2\/types\/product"}],"wp:featuredmedia":[{"embeddable":true,"href":"https:\/\/nbg.eu\/de\/wp-json\/wp\/v2\/media\/684942"}],"wp:attachment":[{"href":"https:\/\/nbg.eu\/de\/wp-json\/wp\/v2\/media?parent=684911"}],"wp:term":[{"taxonomy":"product_brand","embeddable":true,"href":"https:\/\/nbg.eu\/de\/wp-json\/wp\/v2\/product_brand?post=684911"},{"taxonomy":"product_cat","embeddable":true,"href":"https:\/\/nbg.eu\/de\/wp-json\/wp\/v2\/product_cat?post=684911"},{"taxonomy":"product_tag","embeddable":true,"href":"https:\/\/nbg.eu\/de\/wp-json\/wp\/v2\/product_tag?post=684911"}],"curies":[{"name":"wp","href":"https:\/\/api.w.org\/{rel}","templated":true}]}}