{"id":685067,"date":"2026-01-08T18:13:21","date_gmt":"2026-01-08T15:13:21","guid":{"rendered":"https:\/\/nbg.eu\/product\/thermal-monocular-nocpix-lumi-p13\/"},"modified":"2026-04-14T15:57:35","modified_gmt":"2026-04-14T12:57:35","slug":"thermal-monocular-nocpix-lumi-p13","status":"publish","type":"product","link":"https:\/\/nbg.eu\/de\/produkt\/thermal-monocular-nocpix-lumi-p13\/","title":{"rendered":"Nocpix W\u00e4rmebildmonokular LUMI P13"},"content":{"rendered":"<h2>Maximale Leistung bei minimalem Gewicht &#8211; Nocpix LUMI P13: Behalten Sie Ihre Umgebung immer im Blick<\/h2>\n<p>Die LUMI-W\u00e4rmebildmonokularserie ist f\u00fcr den Tag- und Nachtgebrauch konzipiert und bietet Ihnen selbst bei schwierigen Wetterbedingungen wie Nebel, Smog oder Regen eine au\u00dfergew\u00f6hnliche Bildqualit\u00e4t. Auch wenn Hindernisse wie \u00c4ste, hohes Gras oder dichte Vegetation die Sicht erschweren, k\u00f6nnen Sie dank dieser Technologie immer klar erkennen, was sich vor Ihnen befindet. Sie sind au\u00dferdem so kompakt und leicht, dass Sie sie \u00fcberall hin mitnehmen k\u00f6nnen.<\/p>\n<p>LUMI-W\u00e4rmebildkameras sind perfekt f\u00fcr eine Vielzahl von Anwendungen wie Jagd, \u00dcberwachung, Sicherheit, Gel\u00e4ndeorientierung oder Such- und Rettungseins\u00e4tze.<\/p>\n<h2>Unerreichbare Bildgebungsleistung f\u00fcr messerscharfe Bilder<\/h2>\n<p>Die LUMI-Serie setzt neue Ma\u00dfst\u00e4be in Bezug auf die Bildqualit\u00e4t. Mit den fortschrittlichsten Bildgebungsalgorithmen und einem leistungsstarken W\u00e4rmesensor mit NETD &lt; 20 mK liefert die Kamera messerscharfe und realistische Bilder. Das AMOLED-Display mit einer Aufl\u00f6sung von 1440 x 1080 Pixeln sorgt f\u00fcr eine hervorragende Bildanzeige, w\u00e4hrend der Ultra-Clear-Modus die Bildsch\u00e4rfe, insbesondere bei schwierigen Wetterbedingungen, weiter optimiert.<\/p>\n<h2>Personalisierte Betrachtungserfahrung &#8211; Passen Sie Ihr Ger\u00e4t perfekt an<\/h2>\n<p>Dank des 256 x 192 px Sensors und einer Vielzahl von Einstellm\u00f6glichkeiten k\u00f6nnen Sie das Ger\u00e4t genau an Ihre Bed\u00fcrfnisse anpassen. W\u00e4hlen Sie aus 5 Farbmodi und optimieren Sie Ihre Sicht mit 10 Stufen f\u00fcr Helligkeit, Sch\u00e4rfe und Kontrast &#8211; damit kein Detail unbemerkt bleibt.<\/p>\n<h2>Mit LUMI Erlebnisse teilen ist einfach<\/h2>\n<p>Das Einfangen besonderer Momente ist f\u00fcr den modernen J\u00e4ger essenziell. Mit dem Nocpix LUMI P13 k\u00f6nnen Sie Ihre Aufnahmen nicht nur einfach \u00fcber die App teilen, sondern sie auch direkt auf dem Ger\u00e4t abspielen &#8211; perfekt, um Ihre Erlebnisse sofort mit anderen zu teilen.<\/p>\n<h2>Flexibel einsetzbar dank des abnehmbaren Batteriesystems<\/h2>\n<p>Die LUMI-Serie ist mit Standardbatterien des Typs 18650 ausgestattet, was Ihnen maximale Flexibilit\u00e4t bietet. Egal wohin Sie gehen, mit dem mitgelieferten Batterieladeger\u00e4t sind Sie in Windeseile wieder einsatzbereit &#8211; und k\u00f6nnen Ihre Mission fortsetzen.<\/p>\n","protected":false},"excerpt":{"rendered":"<p>Maximum Leistung bei minimalem Gewicht &#8211; Nocpix LUMI P13: Behalten Sie Ihr Ziel stets im Blick.<\/p>\n<p>Wenn der Artikel nicht verf\u00fcgbar ist, wenden Sie sich bitte an uns: shop@nbg.eu oder +359896147790<\/p>\n","protected":false},"featured_media":685090,"template":"","meta":{"_acf_changed":false},"product_brand":[14447],"product_cat":[16075,12078],"product_tag":[],"class_list":{"0":"post-685067","1":"product","2":"type-product","3":"status-publish","4":"has-post-thumbnail","6":"product_brand-nocpix","7":"product_cat-monoculars-de","8":"product_cat-waermebildgeraete","10":"first","11":"instock","12":"taxable","13":"shipping-taxable","14":"purchasable","15":"product-type-simple"},"acf":[],"_links":{"self":[{"href":"https:\/\/nbg.eu\/de\/wp-json\/wp\/v2\/product\/685067","targetHints":{"allow":["GET"]}}],"collection":[{"href":"https:\/\/nbg.eu\/de\/wp-json\/wp\/v2\/product"}],"about":[{"href":"https:\/\/nbg.eu\/de\/wp-json\/wp\/v2\/types\/product"}],"wp:featuredmedia":[{"embeddable":true,"href":"https:\/\/nbg.eu\/de\/wp-json\/wp\/v2\/media\/685090"}],"wp:attachment":[{"href":"https:\/\/nbg.eu\/de\/wp-json\/wp\/v2\/media?parent=685067"}],"wp:term":[{"taxonomy":"product_brand","embeddable":true,"href":"https:\/\/nbg.eu\/de\/wp-json\/wp\/v2\/product_brand?post=685067"},{"taxonomy":"product_cat","embeddable":true,"href":"https:\/\/nbg.eu\/de\/wp-json\/wp\/v2\/product_cat?post=685067"},{"taxonomy":"product_tag","embeddable":true,"href":"https:\/\/nbg.eu\/de\/wp-json\/wp\/v2\/product_tag?post=685067"}],"curies":[{"name":"wp","href":"https:\/\/api.w.org\/{rel}","templated":true}]}}