{"id":685244,"date":"2026-01-08T18:13:20","date_gmt":"2026-01-08T15:13:20","guid":{"rendered":"https:\/\/nbg.eu\/product\/waermebild-monokularsystem-nocpix-lumi-l35r-mit-laser-entfernungsmesser\/"},"modified":"2026-04-14T15:57:38","modified_gmt":"2026-04-14T12:57:38","slug":"waermebild-monokularsystem-nocpix-lumi-l35r-mit-laser-entfernungsmesser","status":"publish","type":"product","link":"https:\/\/nbg.eu\/de\/produkt\/waermebild-monokularsystem-nocpix-lumi-l35r-mit-laser-entfernungsmesser\/","title":{"rendered":"Nocpix W\u00e4rmebildmonokular LUMI L35R LRF"},"content":{"rendered":"<h2>Thermische Monokulare Nocpix LUMI L35R mit Laser-Entfernungsmesser<\/h2>\n<p>Der Nocpix LUMI L35R ist ein leistungsstarkes und kompaktes thermisches Monokularglas mit integriertem Laser-Entfernungsmesser. Mit dem fortschrittlichsten Sensor seiner Klasse mit einem NETD von \u226418 mK liefert diese W\u00e4rmebildkamera hochaufl\u00f6sende Bilder selbst unter extremen Wetterbedingungen. Das leichte und ergonomische Design macht eine einfache Bedienung m\u00f6glich, w\u00e4hrend das abnehmbare Batteriesystem mit Standard-18650-Batterien eine verl\u00e4ngerte Laufzeit bietet.<\/p>\n<p>Der integrierte Laser-Entfernungsmesser erm\u00f6glicht eine genaue Zielentfernungsbestimmung, und die fortgeschrittenen R+ KI-Bildverarbeitungsalgorithmen verbessern die Bilddetails und nutzen das volle Potenzial des Sensors. Das Monokularglas ist wasserdicht, staubdicht und f\u00fcr einen komfortablen Outdoor-Einsatz ausgelegt, mit Funktionen wie elektronische Bildstabilisierung, Farbpaletten f\u00fcr das Sichtfeld und ultra-leise Tasten.<\/p>\n<p>Mit einem Sensorbereich von bis zu 1800 m ist der Nocpix LUMI L35R eine vielseitige thermische Bildl\u00f6sung f\u00fcr die Jagd, Sicherheit und Outdoor-Aktivit\u00e4ten. Mit einer 3-j\u00e4hrigen vollst\u00e4ndigen Herstellergarantie bietet dieses thermische Monokularglas au\u00dfergew\u00f6hnliche Leistung und Zuverl\u00e4ssigkeit.<\/p>\n","protected":false},"excerpt":{"rendered":"<p>W\u00e4rmebild-Monokulares Nocpix LUMI L35R mit Laserentfernungsmesser: Hochaufl\u00f6sender Sensor \u226418 mK NETD, kompakt und leicht, abnehmbare Batterie.<br \/>\nWenn der Artikel nicht verf\u00fcgbar ist, kontaktieren Sie uns bitte: shop@nbg.eu oder +359896147790<\/p>\n","protected":false},"featured_media":685290,"template":"","meta":{"_acf_changed":false},"product_brand":[14447],"product_cat":[16075,12078],"product_tag":[],"class_list":{"0":"post-685244","1":"product","2":"type-product","3":"status-publish","4":"has-post-thumbnail","6":"product_brand-nocpix","7":"product_cat-monoculars-de","8":"product_cat-waermebildgeraete","10":"first","11":"instock","12":"taxable","13":"shipping-taxable","14":"purchasable","15":"product-type-simple"},"acf":[],"_links":{"self":[{"href":"https:\/\/nbg.eu\/de\/wp-json\/wp\/v2\/product\/685244","targetHints":{"allow":["GET"]}}],"collection":[{"href":"https:\/\/nbg.eu\/de\/wp-json\/wp\/v2\/product"}],"about":[{"href":"https:\/\/nbg.eu\/de\/wp-json\/wp\/v2\/types\/product"}],"wp:featuredmedia":[{"embeddable":true,"href":"https:\/\/nbg.eu\/de\/wp-json\/wp\/v2\/media\/685290"}],"wp:attachment":[{"href":"https:\/\/nbg.eu\/de\/wp-json\/wp\/v2\/media?parent=685244"}],"wp:term":[{"taxonomy":"product_brand","embeddable":true,"href":"https:\/\/nbg.eu\/de\/wp-json\/wp\/v2\/product_brand?post=685244"},{"taxonomy":"product_cat","embeddable":true,"href":"https:\/\/nbg.eu\/de\/wp-json\/wp\/v2\/product_cat?post=685244"},{"taxonomy":"product_tag","embeddable":true,"href":"https:\/\/nbg.eu\/de\/wp-json\/wp\/v2\/product_tag?post=685244"}],"curies":[{"name":"wp","href":"https:\/\/api.w.org\/{rel}","templated":true}]}}