{"id":685315,"date":"2025-12-17T17:50:25","date_gmt":"2025-12-17T14:50:25","guid":{"rendered":"https:\/\/nbg.eu\/product\/thermischer-monokular-nocpix-lumi-l19\/"},"modified":"2026-01-21T11:59:27","modified_gmt":"2026-01-21T08:59:27","slug":"thermischer-monokular-nocpix-lumi-l19","status":"publish","type":"product","link":"https:\/\/nbg.eu\/de\/produkt\/thermischer-monokular-nocpix-lumi-l19\/","title":{"rendered":"Thermischer Monokular Nocpix LUMI L19"},"content":{"rendered":"<h2>Maximale Leistung mit minimalem Gewicht &#8211; Nocpix LUMI L19: Dein Beobachter f\u00fcr W\u00e4lder und Wiesen<\/h2>\n<p>Die LUMI-W\u00e4rmebildmonokularserie ist f\u00fcr den Einsatz bei Tag und Nacht konzipiert und bietet Ihnen eine au\u00dfergew\u00f6hnliche Bildqualit\u00e4t auch unter schwierigen Wetterbedingungen wie Nebel, Smog oder Regen. Selbst wenn Hindernisse wie \u00c4ste, hohes Gras oder dichtes Gestr\u00fcpp die Sicht erschweren, k\u00f6nnen Sie dank dieser Technologie immer klar sehen, was sich vor Ihnen befindet. Au\u00dferdem sind sie so kompakt und leicht, dass Sie sie \u00fcberall hin mitnehmen k\u00f6nnen.<\/p>\n<p>LUMI-W\u00e4rmebildkameras sind f\u00fcr eine Vielzahl von Anwendungen wie Jagd, \u00dcberwachung, Sicherheit, Gel\u00e4ndeorientierung oder Such- und Rettungseins\u00e4tze perfekt geeignet.<\/p>\n<h2>Un\u00fcbertroffene Bildgebungsleistung f\u00fcr rasiermesserscharfe Bilder<\/h2>\n<p>Die LUMI-Serie setzt neue Ma\u00dfst\u00e4be in puncto Bildqualit\u00e4t. Ausgestattet mit den modernsten Bildgebungsalgorithmen und einem leistungsstarken W\u00e4rmesensor mit NETD &lt; 18 mK liefert die Kamera rasiermesserscharfe und realistische Bilder. Das AMOLED-Display mit einer Aufl\u00f6sung von 1024 x 768 Pixeln sorgt f\u00fcr eine hervorragende Bilddarstellung, w\u00e4hrend der Ultra-Clear-Modus die Bildsch\u00e4rfe, insbesondere unter schwierigen Wetterbedingungen, weiter optimiert.<\/p>\n<h2>Personalisierte Betrachtungserfahrung &#8211; Passen Sie Ihr Ger\u00e4t perfekt an<\/h2>\n<p>Dank des mittelgro\u00dfen 384 x 288 px-Sensors und einer Vielzahl von Einstellm\u00f6glichkeiten k\u00f6nnen Sie das Ger\u00e4t genau auf Ihre Bed\u00fcrfnisse abstimmen. W\u00e4hlen Sie aus 5 Farbmodi und optimieren Sie Ihre Sicht mit 10 Stufen von Helligkeit, Sch\u00e4rfe und Kontrast &#8211; so dass kein Detail unbemerkt bleibt.<\/p>\n<h2>Einfaches Teilen von Erlebnissen<\/h2>\n<p>Das Festhalten besonderer Momente ist f\u00fcr den modernen J\u00e4ger unerl\u00e4sslich. Mit dem Nocpix LUMI k\u00f6nnen Sie Ihre Aufnahmen nicht nur \u00fcber die App einfach teilen, sondern sie auch direkt auf dem Ger\u00e4t abspielen &#8211; perfekt, um Ihre Erlebnisse sofort mit anderen zu teilen.<\/p>\n<h2>Flexibel einsetzbar dank des abnehmbaren Batteriesystems<\/h2>\n<p>Die LUMI-Serie ist mit Standard-18650-Batterien ausgestattet, was Ihnen maximale Flexibilit\u00e4t bietet. Egal wohin Sie gehen, mit dem mitgelieferten Batterieladeger\u00e4t sind Sie in k\u00fcrzester Zeit wieder startklar &#8211; und k\u00f6nnen Ihre Mission fortsetzen.<\/p>\n","protected":false},"excerpt":{"rendered":"<p>Maximale Leistung bei minimalem Gewicht &#8211; Nocpix LUMI L19: Ihr Beobachter f\u00fcr W\u00e4lder und Wiesen<\/p>\n","protected":false},"featured_media":685541,"template":"","meta":{"_acf_changed":false},"product_brand":[14447],"product_cat":[12078],"product_tag":[],"class_list":{"0":"post-685315","1":"product","2":"type-product","3":"status-publish","4":"has-post-thumbnail","6":"product_brand-nocpix","7":"product_cat-waermebildgeraete","9":"first","10":"outofstock","11":"taxable","12":"shipping-taxable","13":"purchasable","14":"product-type-simple"},"acf":[],"_links":{"self":[{"href":"https:\/\/nbg.eu\/de\/wp-json\/wp\/v2\/product\/685315","targetHints":{"allow":["GET"]}}],"collection":[{"href":"https:\/\/nbg.eu\/de\/wp-json\/wp\/v2\/product"}],"about":[{"href":"https:\/\/nbg.eu\/de\/wp-json\/wp\/v2\/types\/product"}],"wp:featuredmedia":[{"embeddable":true,"href":"https:\/\/nbg.eu\/de\/wp-json\/wp\/v2\/media\/685541"}],"wp:attachment":[{"href":"https:\/\/nbg.eu\/de\/wp-json\/wp\/v2\/media?parent=685315"}],"wp:term":[{"taxonomy":"product_brand","embeddable":true,"href":"https:\/\/nbg.eu\/de\/wp-json\/wp\/v2\/product_brand?post=685315"},{"taxonomy":"product_cat","embeddable":true,"href":"https:\/\/nbg.eu\/de\/wp-json\/wp\/v2\/product_cat?post=685315"},{"taxonomy":"product_tag","embeddable":true,"href":"https:\/\/nbg.eu\/de\/wp-json\/wp\/v2\/product_tag?post=685315"}],"curies":[{"name":"wp","href":"https:\/\/api.w.org\/{rel}","templated":true}]}}