{"id":685631,"date":"2025-12-17T17:47:09","date_gmt":"2025-12-17T14:47:09","guid":{"rendered":"https:\/\/nbg.eu\/product\/waermebildmonokularlupe-lumi-h35r-mit-laserdistanzmesser\/"},"modified":"2026-01-21T11:58:52","modified_gmt":"2026-01-21T08:58:52","slug":"waermebildmonokularlupe-lumi-h35r-mit-laserdistanzmesser","status":"publish","type":"product","link":"https:\/\/nbg.eu\/de\/produkt\/waermebildmonokularlupe-lumi-h35r-mit-laserdistanzmesser\/","title":{"rendered":"W\u00e4rmebildmonokularlupe LUMI H35R mit Laserdistanzmesser"},"content":{"rendered":"<h2>W\u00e4rmebildger\u00e4t mit Sensorreichweite bis zu 1800m, extrem kompakt und leicht!<\/h2>\n<p>Integrierter Laser-Entfernungsmesser.<\/p>\n<p>Hochaufl\u00f6sender Sensor und besonders leistungsf\u00e4hig: \u2264 18 mK NETD.<\/p>\n<p>Abnehmbares Batteriesystem mit 18650-Batterien<\/p>\n<p>Videoaufnahme, wasserdicht und besonders leiser Betrieb.<\/p>\n<p>3 Jahre volle Herstellergarantie!<\/p>\n<h2>Weitere Funktionen:<\/h2>\n<p>-Integrierter Laser-Entfernungsmesser f\u00fcr genaue Zielentfernungsbestimmung<\/p>\n<p>-Hochwertige Bildqualit\u00e4t: Auch unter extremen Wetterbedingungen bleibt die Bildqualit\u00e4t stabil.<\/p>\n<p>-Sensor speziell f\u00fcr Jagdzwecke entwickelt: Bietet stabilen Betrieb mit NETD \u2264 18 mK f\u00fcr \u00fcberlegene Bildqualit\u00e4t.<\/p>\n<p>-F0.9-Linse: 20% mehr Lichtdurchl\u00e4ssigkeit im Vergleich zu F1.0-Linsen f\u00fcr hellere und klarere Bilder.<\/p>\n<p>-Reality+ Bildoptimierung: Fortschrittliche Algorithmen verbessern die Bildqualit\u00e4t und eliminieren Bildrauschen.<\/p>\n<p>-Elektronische Bildstabilisierung: F\u00fcr ruhige und stabile Videos.<\/p>\n<p>-Farbpaletten f\u00fcr Entlastung der Augen: Spezielle rote und gr\u00fcne Paletten reduzieren die Augenerm\u00fcdung bei l\u00e4ngerem Gebrauch.<\/p>\n<p>-Abnehmbarer 18650-Akku: Mit umgekehrter Polarit\u00e4t f\u00fcr einfachen Austausch, ideal f\u00fcr die Nacht.<\/p>\n<p>-Ultraleise Tasten: Lautloser Betrieb, der die Wildtiere nicht st\u00f6rt.<\/p>\n<p>-Kompaktes Design: Das Ger\u00e4t ist kleiner als ein Mobiltelefon und leicht zu transportieren.<\/p>\n<p>-IP67-Schutzklasse: Staub- und wasserdicht f\u00fcr den Einsatz in extremen Umgebungen.<\/p>\n<p>-Ergonomisches Design: Ideal f\u00fcr den Outdoor-Einsatz entwickelt, komfortabel und benutzerfreundlich.<\/p>\n<p>-Leicht: Das Ger\u00e4t wiegt weniger als 345g.<\/p>\n<p>-10 mm Austrittspupille: Bietet optimale Sichtbarkeit und einen angenehmen Blickwinkel.<\/p>\n<p>-Zuverl\u00e4ssig bei Nacht: Dank seines leisen und einfachen Betriebs kann es auch in dunkler Umgebung optimal genutzt werden.<\/p>\n<p>-Abnehmbarer Akku: Erm\u00f6glicht l\u00e4ngere Betriebszeit durch Austausch der Batterien.<\/p>\n<p>-Gro\u00dfe Blende: Erh\u00f6ht die Lichtaufnahme und Bildbrillanz bei schwierigen Lichtverh\u00e4ltnissen.<\/p>\n<p>-Eingebautes Mikrofon: Erm\u00f6glicht Audioaufnahmen.<\/p>\n<p>-32GB Speicher: F\u00fcr Fotos, Videos und Audioaufnahmen.<\/p>\n<p>-Einfach zu bedienen: Ideal f\u00fcr Nutzer, die ein kompaktes und leichtes Ger\u00e4t bevorzugen.<\/p>\n<p>-R+ KI-Bildverarbeitungsalgorithmen: Verbessert Bilddetails und nutzt das volle Potenzial des Sensors.<\/p>\n","protected":false},"excerpt":{"rendered":"<p>Der leistungsf\u00e4higste Sensor seiner Klasse (&lt;18mK NETD). Integrierter Laser-Entfernungsmesser. Besonders einfach zu bedienen: leichtes und kompaktes Geh\u00e4use. Austauschbares Batteriesystem mit Standardbatterien 18650.<\/p>\n<p>Wenn der Artikel nicht verf\u00fcgbar ist, kontaktieren Sie uns bitte: shop@nbg.eu oder +359896147790<\/p>\n","protected":false},"featured_media":685669,"template":"","meta":{"_acf_changed":false},"product_brand":[14447],"product_cat":[12078],"product_tag":[],"class_list":{"0":"post-685631","1":"product","2":"type-product","3":"status-publish","4":"has-post-thumbnail","6":"product_brand-nocpix","7":"product_cat-waermebildgeraete","9":"first","10":"instock","11":"taxable","12":"shipping-taxable","13":"purchasable","14":"product-type-simple"},"acf":[],"_links":{"self":[{"href":"https:\/\/nbg.eu\/de\/wp-json\/wp\/v2\/product\/685631","targetHints":{"allow":["GET"]}}],"collection":[{"href":"https:\/\/nbg.eu\/de\/wp-json\/wp\/v2\/product"}],"about":[{"href":"https:\/\/nbg.eu\/de\/wp-json\/wp\/v2\/types\/product"}],"wp:featuredmedia":[{"embeddable":true,"href":"https:\/\/nbg.eu\/de\/wp-json\/wp\/v2\/media\/685669"}],"wp:attachment":[{"href":"https:\/\/nbg.eu\/de\/wp-json\/wp\/v2\/media?parent=685631"}],"wp:term":[{"taxonomy":"product_brand","embeddable":true,"href":"https:\/\/nbg.eu\/de\/wp-json\/wp\/v2\/product_brand?post=685631"},{"taxonomy":"product_cat","embeddable":true,"href":"https:\/\/nbg.eu\/de\/wp-json\/wp\/v2\/product_cat?post=685631"},{"taxonomy":"product_tag","embeddable":true,"href":"https:\/\/nbg.eu\/de\/wp-json\/wp\/v2\/product_tag?post=685631"}],"curies":[{"name":"wp","href":"https:\/\/api.w.org\/{rel}","templated":true}]}}