{"id":685798,"date":"2025-12-18T16:23:59","date_gmt":"2025-12-18T13:23:59","guid":{"rendered":"https:\/\/nbg.eu\/product\/thermische-fernglaeser-nocpix-quest-h35r-lrf-640x512-netd-15mk\/"},"modified":"2026-01-21T12:22:39","modified_gmt":"2026-01-21T09:22:39","slug":"thermische-fernglaeser-nocpix-quest-h35r-lrf-640x512-netd-15mk","status":"publish","type":"product","link":"https:\/\/nbg.eu\/de\/produkt\/thermische-fernglaeser-nocpix-quest-h35r-lrf-640x512-netd-15mk\/","title":{"rendered":"Thermische Ferngl\u00e4ser Nocpix Quest H35R LRF 640&#215;512 NETD &lt;15mK"},"content":{"rendered":"<h2>Nocpix QUEST H35R LRF 640&#215;512 W\u00e4rmebildfernglas<\/h2>\n<p>QUEST ist leicht und tragbar und bietet eine Reichweite von bis zu 2600 m sowie ein eingebautes verdecktes Entfernungsmessger\u00e4t mit einer Reichweite von 1000 m f\u00fcr h\u00f6here Genauigkeit und Sichtbarkeit. Sein traditionelles Fernglas-Design verf\u00fcgt \u00fcber eine vollst\u00e4ndige Gummiabdeckung und eine IP67-Einstufung f\u00fcr Haltbarkeit und Komfort unter rauen Bedingungen. Mit einem leistungsstarken 640&#215;512-Sensor (NETD \u226415mK, 60Hz) bietet QUEST au\u00dfergew\u00f6hnliche Bildqualit\u00e4t, hervorragende thermische Empfindlichkeit und problemlosen Betrieb in anspruchsvollen Umgebungen.<\/p>\n<h2>Hervorragende visuelle Erfahrung<\/h2>\n<p>Nocpix QUEST verf\u00fcgt \u00fcber R+ Bildverbesserung f\u00fcr \u00fcberlegene Klarheit und Pr\u00e4zision, kombiniert mit einem 1920&#215;1200 AMOLED-Display f\u00fcr ein immersives, augenfreundliches Seherlebnis.<\/p>\n<h2>\u00dcberlegener Sensor gew\u00e4hrleistet Exzellenz<\/h2>\n<p>Nocpix QUEST ist mit einem leistungsstarken Sensor (640&#215;512@12\u00b5m) ausgestattet, der eine au\u00dfergew\u00f6hnliche Bildqualit\u00e4t bietet. Mit NETD \u226415mK und 60Hz Bildfrequenz bietet es eine hervorragende thermische Empfindlichkeit und liefert auch in den schwierigsten Umgebungen klare und visuelle Bilder.<\/p>\n<h2>Leistungsf\u00e4hige Erfassungsf\u00e4higkeiten<\/h2>\n<p>Nocpix QUEST verf\u00fcgt \u00fcber eine Erfassungsreichweite von bis zu 2600 m und ein integriertes, verdecktes Entfernungsmessger\u00e4t mit einer Reichweite von bis zu 1000 m, mit denen Sie weiter und genauer sehen k\u00f6nnen als je zuvor. Es unterst\u00fctzt auch ballistischen Berechnungen und liefert Datenhilfe f\u00fcr kooperative Jagden.<\/p>\n<h2>Bedienung mit einer Hand<\/h2>\n<p>Nocpix QUEST bietet ergonomisches, rutschfestes Handling mit einer vereinfachten 4-Knopf-Anordnung und zentral angeordneten Scroll-R\u00e4dern f\u00fcr eine einfache Bedienung mit einer Hand und einen sicheren Griff unter allen Bedingungen.<\/p>\n<h2>Leicht und tragbar<\/h2>\n<p>QUEST wiegt nur 700g und umfasst eine ma\u00dfgefertigte Tragetasche, was eine einfache Portabilit\u00e4t und Bequemlichkeit f\u00fcr Outdoor-Aktivit\u00e4ten wie Jagd und Erkundung bietet.<\/p>\n<h2>Bedenken in Bezug auf die Stromversorgung beseitigen<\/h2>\n<p>Die QUEST-Serie verf\u00fcgt \u00fcber ein Dual-Batterie-Design mit einem eingebauten und austauschbaren 18650-Akku, um einen m\u00fchelosen Austausch und einen ununterbrochenen Betrieb w\u00e4hrend Ihres Abenteuers zu gew\u00e4hrleisten.<\/p>\n<h2>Das beste Fernglas-Erlebnis<\/h2>\n<p>QUEST verf\u00fcgt \u00fcber ein traditionelles Fernglas-Design mit einer anspruchsvollen Gummibeschichtung und einer IP67-Einstufung f\u00fcr Wasser- und Staubbest\u00e4ndigkeit, was sowohl Haltbarkeit als auch allgemeinen Komfort gew\u00e4hrleistet.<\/p>\n","protected":false},"excerpt":{"rendered":"<p>Leichte, tragbare W\u00e4rmebildferngl\u00e4ser mit 2600m Erkennungsreichweite, 1000m Entfernungsmesser und au\u00dfergew\u00f6hnlicher Bildsch\u00e4rfe.<\/p>\n","protected":false},"featured_media":685970,"template":"","meta":{"_acf_changed":false},"product_brand":[14447],"product_cat":[14683,12078],"product_tag":[],"class_list":{"0":"post-685798","1":"product","2":"type-product","3":"status-publish","4":"has-post-thumbnail","6":"product_brand-nocpix","7":"product_cat-fernglaser","8":"product_cat-waermebildgeraete","10":"first","11":"instock","12":"taxable","13":"shipping-taxable","14":"purchasable","15":"product-type-simple"},"acf":[],"_links":{"self":[{"href":"https:\/\/nbg.eu\/de\/wp-json\/wp\/v2\/product\/685798","targetHints":{"allow":["GET"]}}],"collection":[{"href":"https:\/\/nbg.eu\/de\/wp-json\/wp\/v2\/product"}],"about":[{"href":"https:\/\/nbg.eu\/de\/wp-json\/wp\/v2\/types\/product"}],"wp:featuredmedia":[{"embeddable":true,"href":"https:\/\/nbg.eu\/de\/wp-json\/wp\/v2\/media\/685970"}],"wp:attachment":[{"href":"https:\/\/nbg.eu\/de\/wp-json\/wp\/v2\/media?parent=685798"}],"wp:term":[{"taxonomy":"product_brand","embeddable":true,"href":"https:\/\/nbg.eu\/de\/wp-json\/wp\/v2\/product_brand?post=685798"},{"taxonomy":"product_cat","embeddable":true,"href":"https:\/\/nbg.eu\/de\/wp-json\/wp\/v2\/product_cat?post=685798"},{"taxonomy":"product_tag","embeddable":true,"href":"https:\/\/nbg.eu\/de\/wp-json\/wp\/v2\/product_tag?post=685798"}],"curies":[{"name":"wp","href":"https:\/\/api.w.org\/{rel}","templated":true}]}}