{"id":686429,"date":"2026-01-08T18:14:39","date_gmt":"2026-01-08T15:14:39","guid":{"rendered":"https:\/\/nbg.eu\/product\/thermische-halterung-nocpix-mate-ultra-s60r\/"},"modified":"2026-04-14T15:57:07","modified_gmt":"2026-04-14T12:57:07","slug":"thermische-halterung-nocpix-mate-ultra-s60r","status":"publish","type":"product","link":"https:\/\/nbg.eu\/de\/produkt\/thermische-halterung-nocpix-mate-ultra-s60r\/","title":{"rendered":"Nocpix W\u00e4rmebild-Vorsatzger\u00e4t Mate Ultra S60R"},"content":{"rendered":"<h2>Verwandeln Sie Ihr Tagessichtrohr in ein modernes thermisches Zielfernrohr mit der einzigen 1280&#215;1024 Nocpix MATE Ultra S60R-Thermalbefestigung &#8211; die beste Frontalhalterung f\u00fcr professionelle J\u00e4ger, Wildbeobachter und Sch\u00fctzen, die Pr\u00e4zision verlangen.<\/h2>\n<p>Mit der n\u00e4chsten Generation der Bildgebungstechnologie bietet die Nocpix MATE Ultra S60R eine un\u00fcbertroffene Klarheit, Langreichweitenerkennung und hochmoderne Funktionen f\u00fcr \u00fcberragende Leistung in jeder Umgebung.<\/p>\n<h2>Hervorragende Bildqualit\u00e4t und Erfassungsreichweite<\/h2>\n<p>Im Herzen der Nocpix MATE Ultra S60R befindet sich ein Gen-2-HD-1280\u00d71024-Thermalsensor mit einem ultrafeinen Pixelraster von 12 \u03bcm und einer Empfindlichkeit von NETD \u226415mK, so dass selbst die schw\u00e4chsten W\u00e4rmeunterschiede erkannt werden. Die gro\u00dfe 60-mm-F1,0-Linse erfasst mehr W\u00e4rmeenergie f\u00fcr kristallklare Bilder und eine erweiterte Reichweite, die Erfassungsentfernungen von bis zu 3100 m bietet. Ob Sie Rehe bei D\u00e4mmerung beschleichen oder nachts weite Felder scannen, der S60R stellt sicher, dass kein Detail unbemerkt bleibt.<\/p>\n<h2>Fortschrittliche Bildverarbeitung mit Reality+ KI<\/h2>\n<p>Mit zwei Bildgebungsalgorithmen &#8211; einem leistungsstarken Bildprozessor kombiniert mit der intelligenten Reality+-Technologie &#8211; passt sich die MATE Ultra S60R automatisch an die Vergr\u00f6\u00dferung Ihres Zielfernrohrs an. Dies gew\u00e4hrleistet scharfe Bilder, genaues Zoomen und eine konsistente Bildstabilit\u00e4t, auch bei Nebel, Nieselregen oder schwierigen Bedingungen mit wenig Licht.<\/p>\n<p>Magic Zoom (ohne LITE) &#8211; Automatische Bild- und Schnittstellenanpassung in Echtzeit f\u00fcr nahtloses Zoomen.<\/p>\n<p>7 verschiedene Farbpaletten &#8211; W\u00e4hlen Sie die beste thermische Ansicht f\u00fcr jedes Szenario.<\/p>\n<p>1920\u00d71080 AMOLED-Display &#8211; Extrem scharfe Bilder mit lebendiger Kontraste.<\/p>\n<h2>F\u00fcr Pr\u00e4zision und ethische Jagd entwickelt<\/h2>\n<p>Mit einem integrierten Laserentfernungsmesser (bis zu 1200 m) und einem integrierten Ballistic-Rechner hilft Ihnen der S60R, informierte und ethische Schussentscheidungen zu treffen. Der Picture-in-Picture (PIP)-Modus verbessert die Zielgenauigkeit, und die r\u00fccksto\u00dfaktivierte Videoaufnahme (RAV) stellt sicher, dass jeder entscheidende Moment aufgezeichnet wird.<\/p>\n<p>Foto-, Video- und Audioaufnahmen mit 64 GB Speicher<\/p>\n<p>WLAN und Fernsteuerung mit N-Link<\/p>\n<p>Schlitzenlose Technologie f\u00fcr leisen und zuverl\u00e4ssigen Betrieb<\/p>\n<h2>Robust, praktisch und zuverl\u00e4ssig<\/h2>\n<p>F\u00fcr den Einsatz im Feld entwickelt, ist die MATE Ultra S60R sowohl widerstandsf\u00e4hig als auch einfach zu bedienen. Sie verf\u00fcgt \u00fcber ein gro\u00dfes 60-mm-Okular mit weniger als 1% Verzerrung, was den stabilen Zielpunkt und die konsistente Ausrichtung bis zu 16-facher Vergr\u00f6\u00dferung beibeh\u00e4lt. Mit austauschbaren 18650-Batterien (4x im ULTRA enthalten) bietet sie eine langlebige Zuverl\u00e4ssigkeit f\u00fcr ausgedehnte Outdoor-Eins\u00e4tze.<\/p>\n<h2>Wichtigste Spezifikationen<\/h2>\n<p>&#8211; Gen-2 Sub 15mk 1280\u00d71024 60Hz Sensor (Ultra)<\/p>\n<p>&#8211; F1,0 Objektiv &#8211; \u00fcberlegene Lichtausbeute<\/p>\n<p>&#8211; Erfassungsreichweite bis zu 3100 m<\/p>\n<p>&#8211; 1200 m integrierter Laserentfernungsmesser (ohne LITE)<\/p>\n<p>&#8211; Reality+ Bildverarbeitung mit k\u00fcnstlicher Intelligenz<\/p>\n<p>&#8211; Ballistische Berechnungsunterst\u00fctzung<\/p>\n<p>&#8211; Foto-\/Video-\/Audioaufnahme, 64 GB Speicher<\/p>\n<p>&#8211; R\u00fccksto\u00dfaktivierte Videoaufnahme (RAV)<\/p>\n<p>&#8211; AMOLED-Display mit 1920\u00d71080 Aufl\u00f6sung<\/p>\n<p>&#8211; 7 Farbpaletten<\/p>\n<p>&#8211; WLAN\/N-Link Fernsteuerungskompatibilit\u00e4t<\/p>\n<p>&#8211; Austauschbare 18650-Batterien<\/p>\n<h2>Warum die Nocpix MATE Ultra S60R w\u00e4hlen?<\/h2>\n<p>Wenn Sie nach der ultimativen Thermalbild-Halterung f\u00fcr Ihr Zielfernrohr suchen, bietet die MATE Ultra S60R die perfekte Kombination aus Langstreckenerfassung, hochmoderner KI-Bildgebungstechnologie und Feldreliabilit\u00e4t. Ob f\u00fcr die Jagd, Wildbeobachtung oder taktische Anwendungen verwendet, sie definiert neu, was eine Thermalbild-Halterung erreichen kann.<\/p>\n","protected":false},"excerpt":{"rendered":"<p>Verwandeln Sie Ihr Tagessichtfeld in einen modernen thermischen Zielfernrohraufsatz mit der einzigen 1280&#215;1024 Nocpix MATE Ultra S60R thermischen Halterung &#8211; der besten Fronthalterung f\u00fcr thermische Zielfernrohre, die f\u00fcr professionelle J\u00e4ger, Wildbeobachter und Sch\u00fctzen, die Pr\u00e4zision verlangen, entwickelt wurde.<\/p>\n<p>Wenn der Artikel nicht verf\u00fcgbar ist, kontaktieren Sie uns bitte: shop@nbg.eu oder +359896147790<\/p>\n","protected":false},"featured_media":686531,"template":"","meta":{"_acf_changed":false},"product_brand":[14447],"product_cat":[16076,12078],"product_tag":[],"class_list":{"0":"post-686429","1":"product","2":"type-product","3":"status-publish","4":"has-post-thumbnail","6":"product_brand-nocpix","7":"product_cat-thermal-cameras-de","8":"product_cat-waermebildgeraete","10":"first","11":"instock","12":"taxable","13":"shipping-taxable","14":"purchasable","15":"product-type-simple"},"acf":[],"_links":{"self":[{"href":"https:\/\/nbg.eu\/de\/wp-json\/wp\/v2\/product\/686429","targetHints":{"allow":["GET"]}}],"collection":[{"href":"https:\/\/nbg.eu\/de\/wp-json\/wp\/v2\/product"}],"about":[{"href":"https:\/\/nbg.eu\/de\/wp-json\/wp\/v2\/types\/product"}],"wp:featuredmedia":[{"embeddable":true,"href":"https:\/\/nbg.eu\/de\/wp-json\/wp\/v2\/media\/686531"}],"wp:attachment":[{"href":"https:\/\/nbg.eu\/de\/wp-json\/wp\/v2\/media?parent=686429"}],"wp:term":[{"taxonomy":"product_brand","embeddable":true,"href":"https:\/\/nbg.eu\/de\/wp-json\/wp\/v2\/product_brand?post=686429"},{"taxonomy":"product_cat","embeddable":true,"href":"https:\/\/nbg.eu\/de\/wp-json\/wp\/v2\/product_cat?post=686429"},{"taxonomy":"product_tag","embeddable":true,"href":"https:\/\/nbg.eu\/de\/wp-json\/wp\/v2\/product_tag?post=686429"}],"curies":[{"name":"wp","href":"https:\/\/api.w.org\/{rel}","templated":true}]}}