{"id":686573,"date":"2026-01-08T18:15:06","date_gmt":"2026-01-08T15:15:06","guid":{"rendered":"https:\/\/nbg.eu\/product\/waermebildkamera-nocpix-mate-h50r\/"},"modified":"2026-04-14T15:57:03","modified_gmt":"2026-04-14T12:57:03","slug":"waermebildkamera-nocpix-mate-h50r","status":"publish","type":"product","link":"https:\/\/nbg.eu\/de\/produkt\/waermebildkamera-nocpix-mate-h50r\/","title":{"rendered":"Nocpix W\u00e4rmebildzielger\u00e4t Mate H50R"},"content":{"rendered":"<h2>Verwandeln Sie Ihren Tagessichtbereich in ein modernes W\u00e4rmebild-Zielfernrohr mit dem Nocpix MATE H50R<\/h2>\n<p>Verwandeln Sie Ihren Tagessichtbereich in ein modernes W\u00e4rmebild-Zielfernrohr mit dem einzigartigen Nocpix MATE H50R W\u00e4rmebild-Zielfernrohr mit 640X512 &#8211; dem besten Frontmontage-W\u00e4rmebild-Zielfernrohr, das f\u00fcr professionelle J\u00e4ger, Wildtierbeobachter und Sch\u00fctzen entwickelt wurde, die Pr\u00e4zision verlangen.<\/p>\n<p>Mit der Bildgebungstechnologie der n\u00e4chsten Generation bietet das Nocpix MATE H50R un\u00fcbertroffene Klarheit, Langstreckenerfassung und modernste Funktionen f\u00fcr eine \u00fcberlegene Leistung in jeder Umgebung.<\/p>\n<h2>Hervorragende Bildqualit\u00e4t und Erkennungsreichweite<\/h2>\n<p>Im Herzen des Nocpix MATE Ultra H50R befindet sich ein Gen-2 HD 640X512 W\u00e4rmesensor mit einem extrem feinen Pixelabstand von 12 \u03bcm und einer Empfindlichkeit von NETD \u226415mK, so dass selbst die geringsten thermischen Unterschiede erfasst werden. Die gro\u00dfe 50-mm-F1,0-Linse erfasst mehr W\u00e4rmeenergie f\u00fcr kristallklare Bilder und eine verl\u00e4ngerte Reichweite, die Erfassungsreichweiten von bis zu 2600 m bietet. Ob Sie bei Morgend\u00e4mmerung Rehe beschleichen oder nachts weite Felder abtasten, der H50R stellt sicher, dass kein Detail unbemerkt bleibt.<\/p>\n<h2>Fortschrittliche Bildverarbeitung mit Reality+ AI<\/h2>\n<p>Ausgestattet mit doppelten Bildverarbeitungsalgorithmen &#8211; einem leistungsstarken Bildprozessor kombiniert mit der intelligenten Reality+-Technologie &#8211; passt sich der MATE Ultra H50R automatisch an die Vergr\u00f6\u00dferung Ihres Zielfernrohrs an. Dies gew\u00e4hrleistet scharfe Bilder, pr\u00e4zises Zoomen und eine stabile Bildstabilit\u00e4t auch bei Nebel, Nieselregen oder herausfordernden Niedriglichtbedingungen.<\/p>\n<h2>F\u00fcr Pr\u00e4zision und ethische Jagd konzipiert<\/h2>\n<p>Mit einem integrierten Laser-Entfernungsmesser (bis zu 1200 m) und einem integrierten Ballistikrechner hilft Ihnen der H50R, fundierte und ethische Schussentscheidungen zu treffen. Der Picture-in-Picture (PIP)-Modus verbessert die Zielgenauigkeit, und das recoil-activated video (RAV) stellt sicher, dass jeder entscheidende Moment aufgezeichnet wird.<\/p>\n<h2>Robust, praktisch und zuverl\u00e4ssig<\/h2>\n<p>F\u00fcr den Einsatz im Gel\u00e4nde entwickelt, ist der MATE Ultra H50R sowohl robust als auch einfach zu bedienen. Er verf\u00fcgt \u00fcber ein gro\u00dfes 60-mm-Okular mit &lt;1% Verzerrung, was einen stabilen Auftreffpunkt und eine konsistente Ausrichtung bis zu 16-facher Vergr\u00f6\u00dferung gew\u00e4hrleistet. Mit austauschbaren 18650-Akkus (4 St\u00fcck im Lieferumfang des ULTRA) bietet er eine langlebige Zuverl\u00e4ssigkeit f\u00fcr ausgedehnte Outdoor-Eins\u00e4tze.<\/p>\n","protected":false},"excerpt":{"rendered":"<p>Verwandeln Sie Ihr Tageschop in einen modernen W\u00e4rmebildzielfernrohr mit der einzigen 640X512 Nocpix MATE H50R W\u00e4rmebildmontage &#8211; der besten Frontmontage-W\u00e4rmebildmontage, die f\u00fcr professionelle J\u00e4ger, Wildbeobachter und Sch\u00fctzen entwickelt wurde, die Pr\u00e4zision fordern.<\/p>\n<p>Falls der Artikel nicht verf\u00fcgbar ist, kontaktieren Sie uns bitte: shop@nbg.eu oder +359896147790<\/p>\n","protected":false},"featured_media":686622,"template":"","meta":{"_acf_changed":false},"product_brand":[14447],"product_cat":[12078],"product_tag":[],"class_list":{"0":"post-686573","1":"product","2":"type-product","3":"status-publish","4":"has-post-thumbnail","6":"product_brand-nocpix","7":"product_cat-waermebildgeraete","9":"first","10":"instock","11":"taxable","12":"shipping-taxable","13":"purchasable","14":"product-type-simple"},"acf":[],"_links":{"self":[{"href":"https:\/\/nbg.eu\/de\/wp-json\/wp\/v2\/product\/686573","targetHints":{"allow":["GET"]}}],"collection":[{"href":"https:\/\/nbg.eu\/de\/wp-json\/wp\/v2\/product"}],"about":[{"href":"https:\/\/nbg.eu\/de\/wp-json\/wp\/v2\/types\/product"}],"wp:featuredmedia":[{"embeddable":true,"href":"https:\/\/nbg.eu\/de\/wp-json\/wp\/v2\/media\/686622"}],"wp:attachment":[{"href":"https:\/\/nbg.eu\/de\/wp-json\/wp\/v2\/media?parent=686573"}],"wp:term":[{"taxonomy":"product_brand","embeddable":true,"href":"https:\/\/nbg.eu\/de\/wp-json\/wp\/v2\/product_brand?post=686573"},{"taxonomy":"product_cat","embeddable":true,"href":"https:\/\/nbg.eu\/de\/wp-json\/wp\/v2\/product_cat?post=686573"},{"taxonomy":"product_tag","embeddable":true,"href":"https:\/\/nbg.eu\/de\/wp-json\/wp\/v2\/product_tag?post=686573"}],"curies":[{"name":"wp","href":"https:\/\/api.w.org\/{rel}","templated":true}]}}