{"id":686687,"date":"2026-01-08T18:14:07","date_gmt":"2026-01-08T15:14:07","guid":{"rendered":"https:\/\/nbg.eu\/product\/waermebildkamera-nocpix-ace-l35-sensor-384x288-35-mm-objektiv\/"},"modified":"2026-04-14T15:57:21","modified_gmt":"2026-04-14T12:57:21","slug":"waermebildkamera-nocpix-ace-l35-sensor-384x288-35-mm-objektiv","status":"publish","type":"product","link":"https:\/\/nbg.eu\/de\/produkt\/waermebildkamera-nocpix-ace-l35-sensor-384x288-35-mm-objektiv\/","title":{"rendered":"Nocpix W\u00e4rmebildkamera ACE L35"},"content":{"rendered":"<h2>Nocpix ACE L35 Thermalkamera<\/h2>\n<p>Die Nocpix ACE L35 wurde mit dem Ziel entwickelt, f\u00fchrende Funktionen, die von Nutzern gefordert werden, in eine vereinfachte Optik zu integrieren, die fortgeschrittene F\u00e4higkeiten mit Benutzerfreundlichkeit im Feld ausbalanciert. Entwickelt, um wie ein herk\u00f6mmliches Tageslichtvisier zu wirken, ist die ACE mit Bolt-Action- oder Halbautomatikgewehren mit Standard-30mm-Montagen und -Ringen kompatibel. Die Kombination eines internen USB-C-Ladebatteriesystems und einer herausnehmbaren 18650-Akkubatterie erm\u00f6glicht es den Nutzern, die Batterien unterwegs auszutauschen, um eine unbegrenzte Laufzeit zu gew\u00e4hrleisten. Ein 1x- bis 3x-Okular-Vergr\u00f6\u00dferer bietet eine optische Vergr\u00f6\u00dferung des 2560\u00d72560 Kreisf\u00f6rmigen AMOLED-Displays im Okular. Das Vision+-System kombiniert dieses hochaufl\u00f6sende Display mit einem 18 mK NETD-Sensor f\u00fcr eine extrem detaillierte und pr\u00e4zise Bildgebung.<\/p>\n<p>Die Nocpix ACE L35 bietet eine kosteng\u00fcnstigere Option in der ACE-Linie f\u00fcr Raubtier- und Wildtierj\u00e4ger, die keinen Laserentfernungsmesser oder einen h\u00f6her aufl\u00f6senden Sensor ben\u00f6tigen. Mit einem sehr g\u00fcnstigen Preis beh\u00e4lt die ACE L35 alle anderen Funktionen der ACE-Linie von Thermalbild-Gewehrzielfernrohren.<\/p>\n<p>Ein optisches Okular-Vergr\u00f6\u00dferungsglas mit 1-3x Vergr\u00f6\u00dferung bietet zus\u00e4tzliche Vergr\u00f6\u00dferung des Displays, ohne den Ma\u00dfstab oder die digitale Vergr\u00f6\u00dferung zu ver\u00e4ndern. Ein hochkontrastreisiges kreisf\u00f6rmiges AMOLED-Display mit einer Aufl\u00f6sung von 2560\u00d72560 bietet erh\u00f6hte Klarheit und Details. Vereinfachte Bedienelemente bieten verbesserte Ergonomie und ein besseres Nutzererlebnis im Feld. Es verwendet herk\u00f6mmliche 18650-Akkus. Die Geschossabfallberechnung zeigt Geschossabfallwerte basierend auf Eingaben vom Laserentfernungsmesser und einem vom Nutzer angepassten Patronenprofil an. Laden Sie das Ger\u00e4t \u00fcber den speziell gestalteten USB-C-Anschluss auf.<\/p>\n","protected":false},"excerpt":{"rendered":"<p>Die Nocpix ACE L35 W\u00e4rmebildkamera verf\u00fcgt \u00fcber einen 384&#215;288 Sensor, ein 35-mm-Objektiv, 4x digitalen Zoom und eine Bildfrequenz von 60 Hz mit einer Erfassungsreichweite von 1.970 Metern.<\/p>\n<p>Wenn der Artikel nicht verf\u00fcgbar ist, kontaktieren Sie uns bitte unter: shop@nbg.eu oder +359896147790<\/p>\n","protected":false},"featured_media":686711,"template":"","meta":{"_acf_changed":false},"product_brand":[14447],"product_cat":[16076],"product_tag":[],"class_list":{"0":"post-686687","1":"product","2":"type-product","3":"status-publish","4":"has-post-thumbnail","6":"product_brand-nocpix","7":"product_cat-thermal-cameras-de","9":"first","10":"instock","11":"taxable","12":"shipping-taxable","13":"purchasable","14":"product-type-simple"},"acf":[],"_links":{"self":[{"href":"https:\/\/nbg.eu\/de\/wp-json\/wp\/v2\/product\/686687","targetHints":{"allow":["GET"]}}],"collection":[{"href":"https:\/\/nbg.eu\/de\/wp-json\/wp\/v2\/product"}],"about":[{"href":"https:\/\/nbg.eu\/de\/wp-json\/wp\/v2\/types\/product"}],"wp:featuredmedia":[{"embeddable":true,"href":"https:\/\/nbg.eu\/de\/wp-json\/wp\/v2\/media\/686711"}],"wp:attachment":[{"href":"https:\/\/nbg.eu\/de\/wp-json\/wp\/v2\/media?parent=686687"}],"wp:term":[{"taxonomy":"product_brand","embeddable":true,"href":"https:\/\/nbg.eu\/de\/wp-json\/wp\/v2\/product_brand?post=686687"},{"taxonomy":"product_cat","embeddable":true,"href":"https:\/\/nbg.eu\/de\/wp-json\/wp\/v2\/product_cat?post=686687"},{"taxonomy":"product_tag","embeddable":true,"href":"https:\/\/nbg.eu\/de\/wp-json\/wp\/v2\/product_tag?post=686687"}],"curies":[{"name":"wp","href":"https:\/\/api.w.org\/{rel}","templated":true}]}}